{"id":46932,"date":"2021-03-01T12:18:48","date_gmt":"2021-03-01T10:18:48","guid":{"rendered":"https:\/\/www.grupnexus.com\/?page_id=46932"},"modified":"2021-03-01T12:24:35","modified_gmt":"2021-03-01T10:24:35","slug":"oxytest","status":"publish","type":"page","link":"https:\/\/grupnexus.com\/es\/tratamientos\/medicina-antiaging\/oxytest\/","title":{"rendered":"Oxytest"},"content":{"rendered":"<div class=\"row \"><div class=\"wpv-grid grid-3-4  wpv-first-level first unextended\" style=\"padding-top:0px;padding-bottom:0px\" id=\"wpv-column-4a7abebfcb874f6be402245c7bddd192\" >\t\t<h2 class=\"text-divider-double\">\t\t\t\nOxytest\t\t<\/h2>\t\t<div class=\"sep\"><\/div>\t<\/div>\n<div class=\"wpv-grid grid-1-4  wpv-first-level unextended\" style=\"padding-top:0px;padding-bottom:0px\" id=\"wpv-column-a3811caf489387210b5f58d8fd69452e\" ><div class=\"push\" style='height:44px'><\/div>\n<!-- Widget Shortcode --><div id=\"search-11\" class=\"widget widget_search widget-shortcode area-wpv_sidebar-tractament-est-facial-cat-left \"><form role=\"search\" method=\"get\" class=\"searchform clearfix\" action=\"https:\/\/grupnexus.com\/es\/\">\n\t<label for=\"search-text-widget\" class=\"visuallyhidden\">Search for:<\/label>\n\t<input id=\"search-text-widget\" type=\"text\" value=\"\" name=\"s\" placeholder=\"Buscar\" required=\"required\" \/>\n\t<input type=\"submit\" value=\"Buscar\" \/>\n\t\t\t<input type=\"hidden\" name=\"lang\" value=\"es\"\/>\n\t<\/form><\/div><!-- \/Widget Shortcode --><\/div><\/div>\n<div class=\"row \"><div class=\"wpv-grid grid-1-4  wpv-first-level first unextended\" style=\"padding-top:0px;padding-bottom:0px\" id=\"wpv-column-84f28d9b8de8fca7bbc471376730a386\" ><!-- Widget Shortcode --><div id=\"nav_menu-19\" class=\"widget widget_nav_menu widget-shortcode area-wpv_sidebar-tractaments-cat-left \"><h2 class=\"widgettitle\">Tratamientos<\/h2><div class=\"menu-menu-tratamientos-es-container\"><ul id=\"menu-menu-tratamientos-es\" class=\"menu\"><li id=\"menu-item-9584\" class=\"menu-item menu-item-type-post_type menu-item-object-page menu-item-9584\"><a href=\"https:\/\/grupnexus.com\/es\/tratamientos\/medicina-estetica-facial\/\">Medicina est\u00e9tica facial<\/a><\/li>\n<li id=\"menu-item-9583\" class=\"menu-item menu-item-type-post_type menu-item-object-page menu-item-9583\"><a href=\"https:\/\/grupnexus.com\/es\/tratamientos\/medicina-estetica-corporal\/\">Medicina est\u00e9tica corporal<\/a><\/li>\n<li id=\"menu-item-9667\" class=\"menu-item menu-item-type-post_type menu-item-object-page menu-item-9667\"><a href=\"https:\/\/grupnexus.com\/es\/tratamientos\/plataforma-laser\/\">Plataforma l\u00e1ser<\/a><\/li>\n<li id=\"menu-item-9578\" class=\"menu-item menu-item-type-post_type menu-item-object-page menu-item-9578\"><a href=\"https:\/\/grupnexus.com\/es\/tratamientos\/cirugia-estetica\/\">Cirug\u00eda est\u00e9tica<\/a><\/li>\n<li id=\"menu-item-9581\" class=\"menu-item menu-item-type-post_type menu-item-object-page menu-item-9581\"><a href=\"https:\/\/grupnexus.com\/es\/tratamientos\/medicina-antiaging\/\">Medicina Antiaging Preventiva<\/a><\/li>\n<li id=\"menu-item-9582\" class=\"menu-item menu-item-type-post_type menu-item-object-page menu-item-9582\"><a href=\"https:\/\/grupnexus.com\/es\/tratamientos\/medicina-biologica\/\">Medicina biol\u00f3gica<\/a><\/li>\n<li id=\"menu-item-9580\" class=\"menu-item menu-item-type-post_type menu-item-object-page menu-item-9580\"><a href=\"https:\/\/grupnexus.com\/es\/tratamientos\/estetica-avanzada\/\">Est\u00e9tica avanzada<\/a><\/li>\n<\/ul><\/div><\/div><!-- \/Widget Shortcode --><\/div>\n<div class=\"wpv-grid grid-3-4  wpv-first-level unextended\" style=\"padding-top:0px;padding-bottom:0px\" id=\"wpv-column-7df59c3650c947a662f3186ccec06f55\" ><p style=\"text-align: center;\"><img loading=\"lazy\" class=\"aligncenter wp-image-46928 size-full\" src=\"https:\/\/grupnexus.com\/wp-content\/uploads\/2021\/03\/oxytest.jpg\" alt=\"\" width=\"652\" height=\"734\" srcset=\"https:\/\/grupnexus.com\/wp-content\/uploads\/2021\/03\/oxytest.jpg 652w, https:\/\/grupnexus.com\/wp-content\/uploads\/2021\/03\/oxytest-266x300.jpg 266w, https:\/\/grupnexus.com\/wp-content\/uploads\/2021\/03\/oxytest-615x692.jpg 615w, https:\/\/grupnexus.com\/wp-content\/uploads\/2021\/03\/oxytest-400x450.jpg 400w, https:\/\/grupnexus.com\/wp-content\/uploads\/2021\/03\/oxytest-292x329.jpg 292w, https:\/\/grupnexus.com\/wp-content\/uploads\/2021\/03\/oxytest-510x574.jpg 510w\" sizes=\"(max-width: 652px) 100vw, 652px\" \/><\/p>\n<div class=\"row \"><div class=\"wpv-grid grid-1-1  first unextended\" style=\"padding-top:0px;padding-bottom:0px\" id=\"wpv-column-70c9800561e87d4312d5f4bbc0fcc101\" ><h2>Test de estr\u00e9s oxidativo<\/h2>\n<p>Detecci\u00f3n r\u00e1pida y precoz del da\u00f1o oxidativo por acci\u00f3n de los radicales libres. A partir de una muestra de orina, obtenemos el resultado de forma inmediata que nos indicar\u00e1 el nivel de oxidaci\u00f3n y si requiere una acci\u00f3n correctora, basada en recomendaciones diet\u00e9ticas, estilo de vida, gasto energ\u00e9tico, y la administraci\u00f3n de antioxidantes naturales, si es necesario, sea en la dieta o en complementos nutricionales.<\/p>\n<div class=\"wpv-accordion-wrapper wpv-accordion-1\"><style scoped>.wpv-accordion-1 .tab .inner { background-color: #ffffff; color: #000000; }<\/style><ul class=\"wpv-accordion\" data-collapsible=\"true\"><li class=\"pane-wrapper\" style=\"\">\n\t\t\t\t\t<h4 class=\"tab\"><span class=\"inner\">\u00bfPor qu\u00e9 es recomendable hacerme la prueba del Oxytest?<\/span><\/h4>\n\t\t\t\t\t<div class=\"pane\"><div class=\"inner\"><p>Los radicales libres y su oxidaci\u00f3n, son necesarios para la estabilidad del organismo y una vez realizan su funci\u00f3n, son eliminados por sustancias antioxidantes.<\/p>\n<p>Sin embargo, cuando los radicales libres son excesivos, por ejemplo, al practicar deporte intenso, una exposici\u00f3n prolongada a radiaci\u00f3n ultravioleta del sol, el h\u00e1bito de fumar, o debido a pesticidas, se produce una insuficiencia de antioxidantes que contrarresta los efectos, provocando una mayor oxidaci\u00f3n en el interior de la c\u00e9lula y originando un cambio estructural en l\u00edpidos, prote\u00ednas e incluso DNA. Este efecto se conoce como estr\u00e9s oxidativo.<\/p>\n<p>El estr\u00e9s oxidativo tambi\u00e9n se produce de manera interna en la mitocondria, a consecuencia de un exceso de ingesta de calor\u00edas (hidratos de carbono y grasas).<\/p>\n<p>El exceso de radicales libres es muy perjudicial para la salud. Los radicales libres son mol\u00e9culas muy reactivas, con una gran capacidad de oxidar y lesionar c\u00e9lulas, generando un proceso en cadena.<\/p>\n<p><img src=\"https:\/\/grupnexus.com\/wp-content\/uploads\/2021\/03\/85059995_m.jpg\" \/><\/p>\n<p>Su detecci\u00f3n r\u00e1pida y precoz puede evitar la cronicidad del proceso retrasando los signos del envejecimiento y las enfermedades asociadas (Retinopat\u00eda, aterosclerosis, trastornos renales, enfermedades degenerativas, alteraci\u00f3n del sistema inmunitario, da\u00f1os en la estructura del ADN &#8230;)<\/div><\/div>\n\t\t\t\t\t<\/li><li class=\"pane-wrapper\" style=\"\">\n\t\t\t\t\t<h4 class=\"tab\"><span class=\"inner\">\u00bfPara qui\u00e9n est\u00e1 indicado?<\/span><\/h4>\n\t\t\t\t\t<div class=\"pane\"><div class=\"inner\"><ul>\n<li>Personas que practican deporte intenso<\/li>\n<li>Personas fumadoras (1 paquete diario)<\/li>\n<li>Personas con sobrepeso<\/li>\n<li>En estados de estr\u00e9s y ansiedad<\/li>\n<li>Largas exposiciones al sol<\/li>\n<li>En caso de infertilidad<\/li>\n<li>Todas aquellas personas que deseen saber su nivel de estr\u00e9s oxidativo como m\u00e9todo de prevenci\u00f3n, y deseen un estado \u00f3ptimo de salud.<\/li>\n<\/ul><\/div><\/div>\n\t\t\t\t\t<\/li><li class=\"pane-wrapper\" style=\"\">\n\t\t\t\t\t<h4 class=\"tab\"><span class=\"inner\">Resultados en 5 minutos. \u00bfC\u00f3mo funciona la prueba Oxytest?<\/span><\/h4>\n\t\t\t\t\t<div class=\"pane\"><div class=\"inner\"><ul>\n<li>Se recoge, preferentemente, una muestra de orina de primera hora de la ma\u00f1ana<\/li>\n<li>Se recomienda antes de realizar el test:\n<ul>\n<li>Una buena hidrataci\u00f3n (beber 5-6 vasos de agua al d\u00eda)<\/li>\n<li>Reducir el ejercicio f\u00edsico, a no ser que se quiera saber el nivel de oxidaci\u00f3n debido a este<\/li>\n<\/ul>\n<\/li>\n<li>El resultado se obtiene de forma inmediata<\/li>\n<li>En caso de detectarse un aumento del nivel de oxidaci\u00f3n, te propondremos un plan de medidas correctoras, tales como las indicadas al principio de este art\u00edculo.<\/li>\n<\/ul><\/div><\/div>\n\t\t\t\t\t<\/li><\/ul><\/div><\/div><\/div><\/div><\/div>\n<div class=\"sep\"><\/div>\n<div class=\"row \"><div class=\"wpv-grid grid-1-1  wpv-first-level first unextended\" style=\"padding-top:0px;padding-bottom:0px\" id=\"wpv-column-6e134abe63a8b7c279fe4b1f442ff126\" ><p><span class=\"buscar\"><strong>Potser estava buscant:<\/strong><\/span><br \/>\n<span class=\"paraules\">Oxytest, Oxytest Lleida<\/span><\/div><\/div>\n","protected":false},"excerpt":{"rendered":"<p>Test de estr\u00e9s oxidativo Detecci\u00f3n r\u00e1pida y precoz del da\u00f1o oxidativo por acci\u00f3n de los radicales libres. A partir de una muestra de orina, obtenemos el resultado de forma inmediata que nos indicar\u00e1 el nivel de oxidaci\u00f3n y si requiere una acci\u00f3n correctora, basada en recomendaciones diet\u00e9ticas, estilo de vida, gasto energ\u00e9tico, y la administraci\u00f3n&#8230;<\/p>\n","protected":false},"author":5,"featured_media":46928,"parent":1056,"menu_order":0,"comment_status":"closed","ping_status":"closed","template":"","meta":[],"yoast_head":"<!-- This site is optimized with the Yoast SEO plugin v18.6 - https:\/\/yoast.com\/wordpress\/plugins\/seo\/ -->\n<title>Test de Estr\u00e9s Oxidativo Lleida<\/title>\n<meta name=\"description\" content=\"Detecci\u00f3n r\u00e1pida y precoz del da\u00f1o oxidativo por acci\u00f3n de los radicales libres.\" \/>\n<meta name=\"robots\" content=\"index, follow, max-snippet:-1, max-image-preview:large, max-video-preview:-1\" \/>\n<link rel=\"canonical\" href=\"https:\/\/grupnexus.com\/es\/tratamientos\/medicina-antiaging\/oxytest\/\" \/>\n<meta property=\"og:locale\" content=\"es_ES\" \/>\n<meta property=\"og:type\" content=\"article\" \/>\n<meta property=\"og:title\" content=\"Test de Estr\u00e9s Oxidativo Lleida\" \/>\n<meta property=\"og:description\" content=\"Detecci\u00f3n r\u00e1pida y precoz del da\u00f1o oxidativo por acci\u00f3n de los radicales libres.\" \/>\n<meta property=\"og:url\" content=\"https:\/\/grupnexus.com\/es\/tratamientos\/medicina-antiaging\/oxytest\/\" \/>\n<meta property=\"og:site_name\" content=\"Cl\u00ednica Nexus\" \/>\n<meta property=\"article:modified_time\" content=\"2021-03-01T10:24:35+00:00\" \/>\n<meta property=\"og:image\" content=\"https:\/\/i0.wp.com\/grupnexus.com\/wp-content\/uploads\/2021\/03\/oxytest.jpg?fit=652%2C734&#038;ssl=1\" \/>\n\t<meta property=\"og:image:width\" content=\"652\" \/>\n\t<meta property=\"og:image:height\" content=\"734\" \/>\n\t<meta property=\"og:image:type\" content=\"image\/jpeg\" \/>\n<meta name=\"twitter:card\" content=\"summary\" \/>\n<meta name=\"twitter:label1\" content=\"Tiempo de lectura\" \/>\n\t<meta name=\"twitter:data1\" content=\"4 minutos\" \/>\n<script type=\"application\/ld+json\" class=\"yoast-schema-graph\">{\"@context\":\"https:\/\/schema.org\",\"@graph\":[{\"@type\":\"WebSite\",\"@id\":\"https:\/\/grupnexus.com\/es\/#website\",\"url\":\"https:\/\/grupnexus.com\/es\/\",\"name\":\"Cl\u00ednica Nexus\",\"description\":\"L\u00edders en Medicina Est\u00e8tica Avan\u00e7ada\",\"potentialAction\":[{\"@type\":\"SearchAction\",\"target\":{\"@type\":\"EntryPoint\",\"urlTemplate\":\"https:\/\/grupnexus.com\/es\/?s={search_term_string}\"},\"query-input\":\"required name=search_term_string\"}],\"inLanguage\":\"es\"},{\"@type\":\"ImageObject\",\"@id\":\"https:\/\/grupnexus.com\/es\/tratamientos\/medicina-antiaging\/oxytest\/#primaryimage\",\"inLanguage\":\"es\",\"url\":\"https:\/\/grupnexus.com\/wp-content\/uploads\/2021\/03\/oxytest.jpg\",\"contentUrl\":\"https:\/\/grupnexus.com\/wp-content\/uploads\/2021\/03\/oxytest.jpg\",\"width\":652,\"height\":734},{\"@type\":\"WebPage\",\"@id\":\"https:\/\/grupnexus.com\/es\/tratamientos\/medicina-antiaging\/oxytest\/#webpage\",\"url\":\"https:\/\/grupnexus.com\/es\/tratamientos\/medicina-antiaging\/oxytest\/\",\"name\":\"Test de Estr\u00e9s Oxidativo Lleida\",\"isPartOf\":{\"@id\":\"https:\/\/grupnexus.com\/es\/#website\"},\"primaryImageOfPage\":{\"@id\":\"https:\/\/grupnexus.com\/es\/tratamientos\/medicina-antiaging\/oxytest\/#primaryimage\"},\"datePublished\":\"2021-03-01T10:18:48+00:00\",\"dateModified\":\"2021-03-01T10:24:35+00:00\",\"description\":\"Detecci\u00f3n r\u00e1pida y precoz del da\u00f1o oxidativo por acci\u00f3n de los radicales libres.\",\"breadcrumb\":{\"@id\":\"https:\/\/grupnexus.com\/es\/tratamientos\/medicina-antiaging\/oxytest\/#breadcrumb\"},\"inLanguage\":\"es\",\"potentialAction\":[{\"@type\":\"ReadAction\",\"target\":[\"https:\/\/grupnexus.com\/es\/tratamientos\/medicina-antiaging\/oxytest\/\"]}]},{\"@type\":\"BreadcrumbList\",\"@id\":\"https:\/\/grupnexus.com\/es\/tratamientos\/medicina-antiaging\/oxytest\/#breadcrumb\",\"itemListElement\":[{\"@type\":\"ListItem\",\"position\":1,\"name\":\"Portada\",\"item\":\"https:\/\/grupnexus.com\/es\/\"},{\"@type\":\"ListItem\",\"position\":2,\"name\":\"Tratamientos\",\"item\":\"https:\/\/grupnexus.com\/es\/tratamientos\/\"},{\"@type\":\"ListItem\",\"position\":3,\"name\":\"Medicina Antiaging Preventiva\",\"item\":\"https:\/\/grupnexus.com\/es\/tratamientos\/medicina-antiaging\/\"},{\"@type\":\"ListItem\",\"position\":4,\"name\":\"Oxytest\"}]}]}<\/script>\n<!-- \/ Yoast SEO plugin. -->","yoast_head_json":{"title":"Test de Estr\u00e9s Oxidativo Lleida","description":"Detecci\u00f3n r\u00e1pida y precoz del da\u00f1o oxidativo por acci\u00f3n de los radicales libres.","robots":{"index":"index","follow":"follow","max-snippet":"max-snippet:-1","max-image-preview":"max-image-preview:large","max-video-preview":"max-video-preview:-1"},"canonical":"https:\/\/grupnexus.com\/es\/tratamientos\/medicina-antiaging\/oxytest\/","og_locale":"es_ES","og_type":"article","og_title":"Test de Estr\u00e9s Oxidativo Lleida","og_description":"Detecci\u00f3n r\u00e1pida y precoz del da\u00f1o oxidativo por acci\u00f3n de los radicales libres.","og_url":"https:\/\/grupnexus.com\/es\/tratamientos\/medicina-antiaging\/oxytest\/","og_site_name":"Cl\u00ednica Nexus","article_modified_time":"2021-03-01T10:24:35+00:00","og_image":[{"width":652,"height":734,"url":"https:\/\/i0.wp.com\/grupnexus.com\/wp-content\/uploads\/2021\/03\/oxytest.jpg?fit=652%2C734&ssl=1","type":"image\/jpeg"}],"twitter_card":"summary","twitter_misc":{"Tiempo de lectura":"4 minutos"},"schema":{"@context":"https:\/\/schema.org","@graph":[{"@type":"WebSite","@id":"https:\/\/grupnexus.com\/es\/#website","url":"https:\/\/grupnexus.com\/es\/","name":"Cl\u00ednica Nexus","description":"L\u00edders en Medicina Est\u00e8tica Avan\u00e7ada","potentialAction":[{"@type":"SearchAction","target":{"@type":"EntryPoint","urlTemplate":"https:\/\/grupnexus.com\/es\/?s={search_term_string}"},"query-input":"required name=search_term_string"}],"inLanguage":"es"},{"@type":"ImageObject","@id":"https:\/\/grupnexus.com\/es\/tratamientos\/medicina-antiaging\/oxytest\/#primaryimage","inLanguage":"es","url":"https:\/\/grupnexus.com\/wp-content\/uploads\/2021\/03\/oxytest.jpg","contentUrl":"https:\/\/grupnexus.com\/wp-content\/uploads\/2021\/03\/oxytest.jpg","width":652,"height":734},{"@type":"WebPage","@id":"https:\/\/grupnexus.com\/es\/tratamientos\/medicina-antiaging\/oxytest\/#webpage","url":"https:\/\/grupnexus.com\/es\/tratamientos\/medicina-antiaging\/oxytest\/","name":"Test de Estr\u00e9s Oxidativo Lleida","isPartOf":{"@id":"https:\/\/grupnexus.com\/es\/#website"},"primaryImageOfPage":{"@id":"https:\/\/grupnexus.com\/es\/tratamientos\/medicina-antiaging\/oxytest\/#primaryimage"},"datePublished":"2021-03-01T10:18:48+00:00","dateModified":"2021-03-01T10:24:35+00:00","description":"Detecci\u00f3n r\u00e1pida y precoz del da\u00f1o oxidativo por acci\u00f3n de los radicales libres.","breadcrumb":{"@id":"https:\/\/grupnexus.com\/es\/tratamientos\/medicina-antiaging\/oxytest\/#breadcrumb"},"inLanguage":"es","potentialAction":[{"@type":"ReadAction","target":["https:\/\/grupnexus.com\/es\/tratamientos\/medicina-antiaging\/oxytest\/"]}]},{"@type":"BreadcrumbList","@id":"https:\/\/grupnexus.com\/es\/tratamientos\/medicina-antiaging\/oxytest\/#breadcrumb","itemListElement":[{"@type":"ListItem","position":1,"name":"Portada","item":"https:\/\/grupnexus.com\/es\/"},{"@type":"ListItem","position":2,"name":"Tratamientos","item":"https:\/\/grupnexus.com\/es\/tratamientos\/"},{"@type":"ListItem","position":3,"name":"Medicina Antiaging Preventiva","item":"https:\/\/grupnexus.com\/es\/tratamientos\/medicina-antiaging\/"},{"@type":"ListItem","position":4,"name":"Oxytest"}]}]}},"_links":{"self":[{"href":"https:\/\/grupnexus.com\/es\/wp-json\/wp\/v2\/pages\/46932"}],"collection":[{"href":"https:\/\/grupnexus.com\/es\/wp-json\/wp\/v2\/pages"}],"about":[{"href":"https:\/\/grupnexus.com\/es\/wp-json\/wp\/v2\/types\/page"}],"author":[{"embeddable":true,"href":"https:\/\/grupnexus.com\/es\/wp-json\/wp\/v2\/users\/5"}],"replies":[{"embeddable":true,"href":"https:\/\/grupnexus.com\/es\/wp-json\/wp\/v2\/comments?post=46932"}],"version-history":[{"count":5,"href":"https:\/\/grupnexus.com\/es\/wp-json\/wp\/v2\/pages\/46932\/revisions"}],"predecessor-version":[{"id":46945,"href":"https:\/\/grupnexus.com\/es\/wp-json\/wp\/v2\/pages\/46932\/revisions\/46945"}],"up":[{"embeddable":true,"href":"https:\/\/grupnexus.com\/es\/wp-json\/wp\/v2\/pages\/1056"}],"wp:featuredmedia":[{"embeddable":true,"href":"https:\/\/grupnexus.com\/es\/wp-json\/wp\/v2\/media\/46928"}],"wp:attachment":[{"href":"https:\/\/grupnexus.com\/es\/wp-json\/wp\/v2\/media?parent=46932"}],"curies":[{"name":"wp","href":"https:\/\/api.w.org\/{rel}","templated":true}]}}