{"id":47994,"date":"2021-07-22T10:11:23","date_gmt":"2021-07-22T08:11:23","guid":{"rendered":"https:\/\/www.grupnexus.com\/?page_id=47994"},"modified":"2021-07-22T12:00:55","modified_gmt":"2021-07-22T10:00:55","slug":"fast-pass","status":"publish","type":"page","link":"https:\/\/grupnexus.com\/es\/servicios-al-cliente\/fast-pass\/","title":{"rendered":"Fast Pass"},"content":{"rendered":"\t\t<h2 class=\"text-divider-double\">\t\t\t\nFast Pass\t\t<\/h2>\t\t<div class=\"sep\"><\/div>\t\n<div class=\"row \"><div class=\"wpv-grid grid-2-5  wpv-first-level first unextended\" style=\"padding-top:0px;padding-bottom:0px\" id=\"wpv-column-5f1e3d2cb2b626a9a79f1b758ed3f8f0\" ><p><img loading=\"lazy\" class=\"aligncenter wp-image-47976 size-large\" src=\"https:\/\/grupnexus.com\/wp-content\/uploads\/2021\/07\/fast-pass-cast-1024x524.png\" alt=\"\" width=\"1024\" height=\"524\" srcset=\"https:\/\/grupnexus.com\/wp-content\/uploads\/2021\/07\/fast-pass-cast-1024x524.png 1024w, https:\/\/grupnexus.com\/wp-content\/uploads\/2021\/07\/fast-pass-cast-300x153.png 300w, https:\/\/grupnexus.com\/wp-content\/uploads\/2021\/07\/fast-pass-cast-768x393.png 768w, https:\/\/grupnexus.com\/wp-content\/uploads\/2021\/07\/fast-pass-cast-615x314.png 615w, https:\/\/grupnexus.com\/wp-content\/uploads\/2021\/07\/fast-pass-cast-400x204.png 400w, https:\/\/grupnexus.com\/wp-content\/uploads\/2021\/07\/fast-pass-cast-292x149.png 292w, https:\/\/grupnexus.com\/wp-content\/uploads\/2021\/07\/fast-pass-cast-510x261.png 510w, https:\/\/grupnexus.com\/wp-content\/uploads\/2021\/07\/fast-pass-cast.png 1246w\" sizes=\"(max-width: 1024px) 100vw, 1024px\" \/><\/div>\n<div class=\"wpv-grid grid-3-5  wpv-first-level unextended\" style=\"padding-top:0px;padding-bottom:0px\" id=\"wpv-column-70d0acab947b9074b8e425ed1859e072\" ><p><strong>Servicio sin espera<\/strong><\/p>\n<p>Contratar el Fast Pass de Nexus te permite empezar tu tratamiento en menos de una semana.<\/p>\n<p>Se a\u00f1adir\u00e1 al coste de esta primera sesi\u00f3n el 15% del importe, para cubrir el tiempo adicional en la jornada del o la profesional.<\/p>\n<p>Consulta los tratamientos incluidos a nuestras asesoras.<\/div><\/div>\n<div class=\"sep\"><\/div>\n<div class=\"row \"><div class=\"wpv-grid grid-1-1  wpv-first-level first unextended\" style=\"padding-top:0px;padding-bottom:0px\" id=\"wpv-column-f3766660e5b138865f581c72b31e20ad\" ><p style=\"text-align: center;\"><div class=\"push\" style='height:5px'><\/div>\n<h3 style=\"text-align: center;\">Coneix la resta dels avantatges \u00a0 <a href=\"\/serveis-al-client\" target=\"_self\" style='font-size: 18px;' class=\"button vamtam-button accent1  button-border hover-accent1 \"><span class=\"btext\">Serveis al client \u2192<\/span><\/a><\/h3><\/div><\/div>\n","protected":false},"excerpt":{"rendered":"<p>Servicio sin espera Contratar el Fast Pass de Nexus te permite empezar tu tratamiento en menos de una semana. Se a\u00f1adir\u00e1 al coste de esta primera sesi\u00f3n el 15% del importe, para cubrir el tiempo adicional en la jornada del o la profesional. Consulta los tratamientos incluidos a nuestras asesoras. Coneix la resta dels avantatges&#8230;<\/p>\n","protected":false},"author":5,"featured_media":0,"parent":8988,"menu_order":0,"comment_status":"closed","ping_status":"closed","template":"","meta":[],"yoast_head":"<!-- This site is optimized with the Yoast SEO plugin v18.6 - https:\/\/yoast.com\/wordpress\/plugins\/seo\/ -->\n<title>Tractaments aprimament Lleida<\/title>\n<meta name=\"description\" content=\"A Nexus treballem amb tecnologia d&#039;avantguarda per remodelar el teu cos. Ultrashape, adipocitolisi, Narl, etc. Amplia gamma de serveis per redur volum.\" \/>\n<meta name=\"robots\" content=\"index, follow, max-snippet:-1, max-image-preview:large, max-video-preview:-1\" \/>\n<link rel=\"canonical\" href=\"https:\/\/grupnexus.com\/es\/servicios-al-cliente\/fast-pass\/\" \/>\n<meta property=\"og:locale\" content=\"es_ES\" \/>\n<meta property=\"og:type\" content=\"article\" \/>\n<meta property=\"og:title\" content=\"Tractaments aprimament Lleida\" \/>\n<meta property=\"og:description\" content=\"A Nexus treballem amb tecnologia d&#039;avantguarda per remodelar el teu cos. Ultrashape, adipocitolisi, Narl, etc. Amplia gamma de serveis per redur volum.\" \/>\n<meta property=\"og:url\" content=\"https:\/\/grupnexus.com\/es\/servicios-al-cliente\/fast-pass\/\" \/>\n<meta property=\"og:site_name\" content=\"Cl\u00ednica Nexus\" \/>\n<meta property=\"article:modified_time\" content=\"2021-07-22T10:00:55+00:00\" \/>\n<meta property=\"og:image\" content=\"https:\/\/grupnexus.com\/wp-content\/uploads\/2021\/07\/fast-pass-cast-1024x524.png\" \/>\n<meta name=\"twitter:card\" content=\"summary\" \/>\n<meta name=\"twitter:label1\" content=\"Tiempo de lectura\" \/>\n\t<meta name=\"twitter:data1\" content=\"1 minuto\" \/>\n<script type=\"application\/ld+json\" class=\"yoast-schema-graph\">{\"@context\":\"https:\/\/schema.org\",\"@graph\":[{\"@type\":\"WebSite\",\"@id\":\"https:\/\/grupnexus.com\/es\/#website\",\"url\":\"https:\/\/grupnexus.com\/es\/\",\"name\":\"Cl\u00ednica Nexus\",\"description\":\"L\u00edders en Medicina Est\u00e8tica Avan\u00e7ada\",\"potentialAction\":[{\"@type\":\"SearchAction\",\"target\":{\"@type\":\"EntryPoint\",\"urlTemplate\":\"https:\/\/grupnexus.com\/es\/?s={search_term_string}\"},\"query-input\":\"required name=search_term_string\"}],\"inLanguage\":\"es\"},{\"@type\":\"ImageObject\",\"@id\":\"https:\/\/grupnexus.com\/es\/servicios-al-cliente\/fast-pass\/#primaryimage\",\"inLanguage\":\"es\",\"url\":\"https:\/\/grupnexus.com\/wp-content\/uploads\/2021\/07\/fast-pass-cast.png\",\"contentUrl\":\"https:\/\/grupnexus.com\/wp-content\/uploads\/2021\/07\/fast-pass-cast.png\",\"width\":1246,\"height\":637},{\"@type\":\"WebPage\",\"@id\":\"https:\/\/grupnexus.com\/es\/servicios-al-cliente\/fast-pass\/#webpage\",\"url\":\"https:\/\/grupnexus.com\/es\/servicios-al-cliente\/fast-pass\/\",\"name\":\"Tractaments aprimament Lleida\",\"isPartOf\":{\"@id\":\"https:\/\/grupnexus.com\/es\/#website\"},\"primaryImageOfPage\":{\"@id\":\"https:\/\/grupnexus.com\/es\/servicios-al-cliente\/fast-pass\/#primaryimage\"},\"datePublished\":\"2021-07-22T08:11:23+00:00\",\"dateModified\":\"2021-07-22T10:00:55+00:00\",\"description\":\"A Nexus treballem amb tecnologia d'avantguarda per remodelar el teu cos. Ultrashape, adipocitolisi, Narl, etc. Amplia gamma de serveis per redur volum.\",\"breadcrumb\":{\"@id\":\"https:\/\/grupnexus.com\/es\/servicios-al-cliente\/fast-pass\/#breadcrumb\"},\"inLanguage\":\"es\",\"potentialAction\":[{\"@type\":\"ReadAction\",\"target\":[\"https:\/\/grupnexus.com\/es\/servicios-al-cliente\/fast-pass\/\"]}]},{\"@type\":\"BreadcrumbList\",\"@id\":\"https:\/\/grupnexus.com\/es\/servicios-al-cliente\/fast-pass\/#breadcrumb\",\"itemListElement\":[{\"@type\":\"ListItem\",\"position\":1,\"name\":\"Portada\",\"item\":\"https:\/\/grupnexus.com\/es\/\"},{\"@type\":\"ListItem\",\"position\":2,\"name\":\"Novedades, ofertas y promociones&#8230;\",\"item\":\"https:\/\/grupnexus.com\/es\/servicios-al-cliente\/\"},{\"@type\":\"ListItem\",\"position\":3,\"name\":\"Fast Pass\"}]}]}<\/script>\n<!-- \/ Yoast SEO plugin. -->","yoast_head_json":{"title":"Tractaments aprimament Lleida","description":"A Nexus treballem amb tecnologia d'avantguarda per remodelar el teu cos. Ultrashape, adipocitolisi, Narl, etc. Amplia gamma de serveis per redur volum.","robots":{"index":"index","follow":"follow","max-snippet":"max-snippet:-1","max-image-preview":"max-image-preview:large","max-video-preview":"max-video-preview:-1"},"canonical":"https:\/\/grupnexus.com\/es\/servicios-al-cliente\/fast-pass\/","og_locale":"es_ES","og_type":"article","og_title":"Tractaments aprimament Lleida","og_description":"A Nexus treballem amb tecnologia d'avantguarda per remodelar el teu cos. Ultrashape, adipocitolisi, Narl, etc. Amplia gamma de serveis per redur volum.","og_url":"https:\/\/grupnexus.com\/es\/servicios-al-cliente\/fast-pass\/","og_site_name":"Cl\u00ednica Nexus","article_modified_time":"2021-07-22T10:00:55+00:00","og_image":[{"url":"https:\/\/grupnexus.com\/wp-content\/uploads\/2021\/07\/fast-pass-cast-1024x524.png"}],"twitter_card":"summary","twitter_misc":{"Tiempo de lectura":"1 minuto"},"schema":{"@context":"https:\/\/schema.org","@graph":[{"@type":"WebSite","@id":"https:\/\/grupnexus.com\/es\/#website","url":"https:\/\/grupnexus.com\/es\/","name":"Cl\u00ednica Nexus","description":"L\u00edders en Medicina Est\u00e8tica Avan\u00e7ada","potentialAction":[{"@type":"SearchAction","target":{"@type":"EntryPoint","urlTemplate":"https:\/\/grupnexus.com\/es\/?s={search_term_string}"},"query-input":"required name=search_term_string"}],"inLanguage":"es"},{"@type":"ImageObject","@id":"https:\/\/grupnexus.com\/es\/servicios-al-cliente\/fast-pass\/#primaryimage","inLanguage":"es","url":"https:\/\/grupnexus.com\/wp-content\/uploads\/2021\/07\/fast-pass-cast.png","contentUrl":"https:\/\/grupnexus.com\/wp-content\/uploads\/2021\/07\/fast-pass-cast.png","width":1246,"height":637},{"@type":"WebPage","@id":"https:\/\/grupnexus.com\/es\/servicios-al-cliente\/fast-pass\/#webpage","url":"https:\/\/grupnexus.com\/es\/servicios-al-cliente\/fast-pass\/","name":"Tractaments aprimament Lleida","isPartOf":{"@id":"https:\/\/grupnexus.com\/es\/#website"},"primaryImageOfPage":{"@id":"https:\/\/grupnexus.com\/es\/servicios-al-cliente\/fast-pass\/#primaryimage"},"datePublished":"2021-07-22T08:11:23+00:00","dateModified":"2021-07-22T10:00:55+00:00","description":"A Nexus treballem amb tecnologia d'avantguarda per remodelar el teu cos. Ultrashape, adipocitolisi, Narl, etc. Amplia gamma de serveis per redur volum.","breadcrumb":{"@id":"https:\/\/grupnexus.com\/es\/servicios-al-cliente\/fast-pass\/#breadcrumb"},"inLanguage":"es","potentialAction":[{"@type":"ReadAction","target":["https:\/\/grupnexus.com\/es\/servicios-al-cliente\/fast-pass\/"]}]},{"@type":"BreadcrumbList","@id":"https:\/\/grupnexus.com\/es\/servicios-al-cliente\/fast-pass\/#breadcrumb","itemListElement":[{"@type":"ListItem","position":1,"name":"Portada","item":"https:\/\/grupnexus.com\/es\/"},{"@type":"ListItem","position":2,"name":"Novedades, ofertas y promociones&#8230;","item":"https:\/\/grupnexus.com\/es\/servicios-al-cliente\/"},{"@type":"ListItem","position":3,"name":"Fast Pass"}]}]}},"_links":{"self":[{"href":"https:\/\/grupnexus.com\/es\/wp-json\/wp\/v2\/pages\/47994"}],"collection":[{"href":"https:\/\/grupnexus.com\/es\/wp-json\/wp\/v2\/pages"}],"about":[{"href":"https:\/\/grupnexus.com\/es\/wp-json\/wp\/v2\/types\/page"}],"author":[{"embeddable":true,"href":"https:\/\/grupnexus.com\/es\/wp-json\/wp\/v2\/users\/5"}],"replies":[{"embeddable":true,"href":"https:\/\/grupnexus.com\/es\/wp-json\/wp\/v2\/comments?post=47994"}],"version-history":[{"count":6,"href":"https:\/\/grupnexus.com\/es\/wp-json\/wp\/v2\/pages\/47994\/revisions"}],"predecessor-version":[{"id":48037,"href":"https:\/\/grupnexus.com\/es\/wp-json\/wp\/v2\/pages\/47994\/revisions\/48037"}],"up":[{"embeddable":true,"href":"https:\/\/grupnexus.com\/es\/wp-json\/wp\/v2\/pages\/8988"}],"wp:attachment":[{"href":"https:\/\/grupnexus.com\/es\/wp-json\/wp\/v2\/media?parent=47994"}],"curies":[{"name":"wp","href":"https:\/\/api.w.org\/{rel}","templated":true}]}}