{"id":48002,"date":"2021-07-22T10:11:25","date_gmt":"2021-07-22T08:11:25","guid":{"rendered":"https:\/\/www.grupnexus.com\/?page_id=48002"},"modified":"2021-07-23T09:09:12","modified_gmt":"2021-07-23T07:09:12","slug":"healthy-hour","status":"publish","type":"page","link":"https:\/\/grupnexus.com\/es\/servicios-al-cliente\/healthy-hour\/","title":{"rendered":"Healthy hour"},"content":{"rendered":"\t\t<h2 class=\"text-divider-double\">\t\t\t\nHealthy hour\t\t<\/h2>\t\t<div class=\"sep\"><\/div>\t\n<div class=\"row \"><div class=\"wpv-grid grid-2-5  wpv-first-level first unextended\" style=\"padding-top:0px;padding-bottom:0px\" id=\"wpv-column-ab07d357c86f4b368ad2cab8dba8e5d3\" ><p><img loading=\"lazy\" class=\"aligncenter wp-image-47972 size-large\" src=\"https:\/\/grupnexus.com\/wp-content\/uploads\/2021\/07\/healthy-hour-cast-1024x524.png\" alt=\"promo healthy\" width=\"1024\" height=\"524\" srcset=\"https:\/\/grupnexus.com\/wp-content\/uploads\/2021\/07\/healthy-hour-cast-1024x524.png 1024w, https:\/\/grupnexus.com\/wp-content\/uploads\/2021\/07\/healthy-hour-cast-300x154.png 300w, https:\/\/grupnexus.com\/wp-content\/uploads\/2021\/07\/healthy-hour-cast-768x393.png 768w, https:\/\/grupnexus.com\/wp-content\/uploads\/2021\/07\/healthy-hour-cast-615x315.png 615w, https:\/\/grupnexus.com\/wp-content\/uploads\/2021\/07\/healthy-hour-cast-400x205.png 400w, https:\/\/grupnexus.com\/wp-content\/uploads\/2021\/07\/healthy-hour-cast-292x150.png 292w, https:\/\/grupnexus.com\/wp-content\/uploads\/2021\/07\/healthy-hour-cast-510x261.png 510w, https:\/\/grupnexus.com\/wp-content\/uploads\/2021\/07\/healthy-hour-cast.png 1246w\" sizes=\"(max-width: 1024px) 100vw, 1024px\" \/><\/div>\n<div class=\"wpv-grid grid-3-5  wpv-first-level unextended\" style=\"padding-top:0px;padding-bottom:0px\" id=\"wpv-column-45910005bc519c89b77f07cc6d36e613\" ><p>De lunes a jueves de 11h a 13h puedes disfrutar de tratamientos en Est\u00e9tica Avanzada con un 10% dto.<\/p>\n<p>Consulta los tratamientos incluidos a nuestras asesoras.<\/p>\n<p>No acumulable a otras promociones o descuentos.<\/div><\/div>\n<div class=\"sep\"><\/div>\n<div class=\"row \"><div class=\"wpv-grid grid-1-1  wpv-first-level first unextended\" style=\"padding-top:0px;padding-bottom:0px\" id=\"wpv-column-230ff6c288d142bc77109dc9706d6b41\" ><p style=\"text-align: center;\"><div class=\"push\" style='height:5px'><\/div>\n<h3 style=\"text-align: center;\">Coneix la resta dels avantatges \u00a0 <a href=\"\/serveis-al-client\" target=\"_self\" style='font-size: 18px;' class=\"button vamtam-button accent1  button-border hover-accent1 \"><span class=\"btext\">Serveis al client \u2192<\/span><\/a><\/h3><\/div><\/div>\n","protected":false},"excerpt":{"rendered":"<p>De lunes a jueves de 11h a 13h puedes disfrutar de tratamientos en Est\u00e9tica Avanzada con un 10% dto. Consulta los tratamientos incluidos a nuestras asesoras. No acumulable a otras promociones o descuentos. Coneix la resta dels avantatges \u00a0<\/p>\n","protected":false},"author":5,"featured_media":0,"parent":8988,"menu_order":0,"comment_status":"closed","ping_status":"closed","template":"","meta":[],"yoast_head":"<!-- This site is optimized with the Yoast SEO plugin v18.6 - https:\/\/yoast.com\/wordpress\/plugins\/seo\/ -->\n<title>Tractaments aprimament Lleida<\/title>\n<meta name=\"description\" content=\"A Nexus treballem amb tecnologia d&#039;avantguarda per remodelar el teu cos. Ultrashape, adipocitolisi, Narl, etc. Amplia gamma de serveis per redur volum.\" \/>\n<meta name=\"robots\" content=\"index, follow, max-snippet:-1, max-image-preview:large, max-video-preview:-1\" \/>\n<link rel=\"canonical\" href=\"https:\/\/grupnexus.com\/es\/servicios-al-cliente\/healthy-hour\/\" \/>\n<meta property=\"og:locale\" content=\"es_ES\" \/>\n<meta property=\"og:type\" content=\"article\" \/>\n<meta property=\"og:title\" content=\"Tractaments aprimament Lleida\" \/>\n<meta property=\"og:description\" content=\"A Nexus treballem amb tecnologia d&#039;avantguarda per remodelar el teu cos. Ultrashape, adipocitolisi, Narl, etc. Amplia gamma de serveis per redur volum.\" \/>\n<meta property=\"og:url\" content=\"https:\/\/grupnexus.com\/es\/servicios-al-cliente\/healthy-hour\/\" \/>\n<meta property=\"og:site_name\" content=\"Cl\u00ednica Nexus\" \/>\n<meta property=\"article:modified_time\" content=\"2021-07-23T07:09:12+00:00\" \/>\n<meta property=\"og:image\" content=\"https:\/\/grupnexus.com\/wp-content\/uploads\/2021\/07\/healthy-hour-cast-1024x524.png\" \/>\n<meta name=\"twitter:card\" content=\"summary\" \/>\n<meta name=\"twitter:label1\" content=\"Tiempo de lectura\" \/>\n\t<meta name=\"twitter:data1\" content=\"1 minuto\" \/>\n<script type=\"application\/ld+json\" class=\"yoast-schema-graph\">{\"@context\":\"https:\/\/schema.org\",\"@graph\":[{\"@type\":\"WebSite\",\"@id\":\"https:\/\/grupnexus.com\/es\/#website\",\"url\":\"https:\/\/grupnexus.com\/es\/\",\"name\":\"Cl\u00ednica Nexus\",\"description\":\"L\u00edders en Medicina Est\u00e8tica Avan\u00e7ada\",\"potentialAction\":[{\"@type\":\"SearchAction\",\"target\":{\"@type\":\"EntryPoint\",\"urlTemplate\":\"https:\/\/grupnexus.com\/es\/?s={search_term_string}\"},\"query-input\":\"required name=search_term_string\"}],\"inLanguage\":\"es\"},{\"@type\":\"ImageObject\",\"@id\":\"https:\/\/grupnexus.com\/es\/servicios-al-cliente\/healthy-hour\/#primaryimage\",\"inLanguage\":\"es\",\"url\":\"https:\/\/grupnexus.com\/wp-content\/uploads\/2021\/07\/healthy-hour-cast.png\",\"contentUrl\":\"https:\/\/grupnexus.com\/wp-content\/uploads\/2021\/07\/healthy-hour-cast.png\",\"width\":1246,\"height\":638,\"caption\":\"promo healthy\"},{\"@type\":\"WebPage\",\"@id\":\"https:\/\/grupnexus.com\/es\/servicios-al-cliente\/healthy-hour\/#webpage\",\"url\":\"https:\/\/grupnexus.com\/es\/servicios-al-cliente\/healthy-hour\/\",\"name\":\"Tractaments aprimament Lleida\",\"isPartOf\":{\"@id\":\"https:\/\/grupnexus.com\/es\/#website\"},\"primaryImageOfPage\":{\"@id\":\"https:\/\/grupnexus.com\/es\/servicios-al-cliente\/healthy-hour\/#primaryimage\"},\"datePublished\":\"2021-07-22T08:11:25+00:00\",\"dateModified\":\"2021-07-23T07:09:12+00:00\",\"description\":\"A Nexus treballem amb tecnologia d'avantguarda per remodelar el teu cos. Ultrashape, adipocitolisi, Narl, etc. Amplia gamma de serveis per redur volum.\",\"breadcrumb\":{\"@id\":\"https:\/\/grupnexus.com\/es\/servicios-al-cliente\/healthy-hour\/#breadcrumb\"},\"inLanguage\":\"es\",\"potentialAction\":[{\"@type\":\"ReadAction\",\"target\":[\"https:\/\/grupnexus.com\/es\/servicios-al-cliente\/healthy-hour\/\"]}]},{\"@type\":\"BreadcrumbList\",\"@id\":\"https:\/\/grupnexus.com\/es\/servicios-al-cliente\/healthy-hour\/#breadcrumb\",\"itemListElement\":[{\"@type\":\"ListItem\",\"position\":1,\"name\":\"Portada\",\"item\":\"https:\/\/grupnexus.com\/es\/\"},{\"@type\":\"ListItem\",\"position\":2,\"name\":\"Novedades, ofertas y promociones&#8230;\",\"item\":\"https:\/\/grupnexus.com\/es\/servicios-al-cliente\/\"},{\"@type\":\"ListItem\",\"position\":3,\"name\":\"Healthy hour\"}]}]}<\/script>\n<!-- \/ Yoast SEO plugin. -->","yoast_head_json":{"title":"Tractaments aprimament Lleida","description":"A Nexus treballem amb tecnologia d'avantguarda per remodelar el teu cos. Ultrashape, adipocitolisi, Narl, etc. Amplia gamma de serveis per redur volum.","robots":{"index":"index","follow":"follow","max-snippet":"max-snippet:-1","max-image-preview":"max-image-preview:large","max-video-preview":"max-video-preview:-1"},"canonical":"https:\/\/grupnexus.com\/es\/servicios-al-cliente\/healthy-hour\/","og_locale":"es_ES","og_type":"article","og_title":"Tractaments aprimament Lleida","og_description":"A Nexus treballem amb tecnologia d'avantguarda per remodelar el teu cos. Ultrashape, adipocitolisi, Narl, etc. Amplia gamma de serveis per redur volum.","og_url":"https:\/\/grupnexus.com\/es\/servicios-al-cliente\/healthy-hour\/","og_site_name":"Cl\u00ednica Nexus","article_modified_time":"2021-07-23T07:09:12+00:00","og_image":[{"url":"https:\/\/grupnexus.com\/wp-content\/uploads\/2021\/07\/healthy-hour-cast-1024x524.png"}],"twitter_card":"summary","twitter_misc":{"Tiempo de lectura":"1 minuto"},"schema":{"@context":"https:\/\/schema.org","@graph":[{"@type":"WebSite","@id":"https:\/\/grupnexus.com\/es\/#website","url":"https:\/\/grupnexus.com\/es\/","name":"Cl\u00ednica Nexus","description":"L\u00edders en Medicina Est\u00e8tica Avan\u00e7ada","potentialAction":[{"@type":"SearchAction","target":{"@type":"EntryPoint","urlTemplate":"https:\/\/grupnexus.com\/es\/?s={search_term_string}"},"query-input":"required name=search_term_string"}],"inLanguage":"es"},{"@type":"ImageObject","@id":"https:\/\/grupnexus.com\/es\/servicios-al-cliente\/healthy-hour\/#primaryimage","inLanguage":"es","url":"https:\/\/grupnexus.com\/wp-content\/uploads\/2021\/07\/healthy-hour-cast.png","contentUrl":"https:\/\/grupnexus.com\/wp-content\/uploads\/2021\/07\/healthy-hour-cast.png","width":1246,"height":638,"caption":"promo healthy"},{"@type":"WebPage","@id":"https:\/\/grupnexus.com\/es\/servicios-al-cliente\/healthy-hour\/#webpage","url":"https:\/\/grupnexus.com\/es\/servicios-al-cliente\/healthy-hour\/","name":"Tractaments aprimament Lleida","isPartOf":{"@id":"https:\/\/grupnexus.com\/es\/#website"},"primaryImageOfPage":{"@id":"https:\/\/grupnexus.com\/es\/servicios-al-cliente\/healthy-hour\/#primaryimage"},"datePublished":"2021-07-22T08:11:25+00:00","dateModified":"2021-07-23T07:09:12+00:00","description":"A Nexus treballem amb tecnologia d'avantguarda per remodelar el teu cos. Ultrashape, adipocitolisi, Narl, etc. Amplia gamma de serveis per redur volum.","breadcrumb":{"@id":"https:\/\/grupnexus.com\/es\/servicios-al-cliente\/healthy-hour\/#breadcrumb"},"inLanguage":"es","potentialAction":[{"@type":"ReadAction","target":["https:\/\/grupnexus.com\/es\/servicios-al-cliente\/healthy-hour\/"]}]},{"@type":"BreadcrumbList","@id":"https:\/\/grupnexus.com\/es\/servicios-al-cliente\/healthy-hour\/#breadcrumb","itemListElement":[{"@type":"ListItem","position":1,"name":"Portada","item":"https:\/\/grupnexus.com\/es\/"},{"@type":"ListItem","position":2,"name":"Novedades, ofertas y promociones&#8230;","item":"https:\/\/grupnexus.com\/es\/servicios-al-cliente\/"},{"@type":"ListItem","position":3,"name":"Healthy hour"}]}]}},"_links":{"self":[{"href":"https:\/\/grupnexus.com\/es\/wp-json\/wp\/v2\/pages\/48002"}],"collection":[{"href":"https:\/\/grupnexus.com\/es\/wp-json\/wp\/v2\/pages"}],"about":[{"href":"https:\/\/grupnexus.com\/es\/wp-json\/wp\/v2\/types\/page"}],"author":[{"embeddable":true,"href":"https:\/\/grupnexus.com\/es\/wp-json\/wp\/v2\/users\/5"}],"replies":[{"embeddable":true,"href":"https:\/\/grupnexus.com\/es\/wp-json\/wp\/v2\/comments?post=48002"}],"version-history":[{"count":6,"href":"https:\/\/grupnexus.com\/es\/wp-json\/wp\/v2\/pages\/48002\/revisions"}],"predecessor-version":[{"id":48044,"href":"https:\/\/grupnexus.com\/es\/wp-json\/wp\/v2\/pages\/48002\/revisions\/48044"}],"up":[{"embeddable":true,"href":"https:\/\/grupnexus.com\/es\/wp-json\/wp\/v2\/pages\/8988"}],"wp:attachment":[{"href":"https:\/\/grupnexus.com\/es\/wp-json\/wp\/v2\/media?parent=48002"}],"curies":[{"name":"wp","href":"https:\/\/api.w.org\/{rel}","templated":true}]}}