{"id":51866,"date":"2023-01-10T16:23:19","date_gmt":"2023-01-10T14:23:19","guid":{"rendered":"https:\/\/grupnexus.com\/?page_id=51866"},"modified":"2023-01-10T16:24:18","modified_gmt":"2023-01-10T14:24:18","slug":"nicole-irene-cuellar","status":"publish","type":"page","link":"https:\/\/grupnexus.com\/es\/nuestro-equipo\/nicole-irene-cuellar\/","title":{"rendered":"Nicole Irene Cuellar"},"content":{"rendered":"<div class=\"row \"><div class=\"wpv-grid grid-1-1  wpv-first-level first unextended\" style=\"padding-top:0px;padding-bottom:0px\" id=\"wpv-column-c9e903e9888751437526f168c06e9274\" >\t\t<h2 class=\"text-divider-double\">\t\t\t\nNicole Irene Cuellar\t\t<\/h2>\t\t<div class=\"sep\"><\/div>\t<\/div><\/div>\n<div class=\"row \"><div class=\"wpv-grid grid-1-4  wpv-first-level first unextended\" style=\"padding-top:0px;padding-bottom:0px\" id=\"wpv-column-e31a9e482e521fe574d7c57a0ba2fb7e\" ><p><img loading=\"lazy\" class=\"aligncenter wp-image-51862 size-full\" src=\"https:\/\/grupnexus.com\/wp-content\/uploads\/2023\/01\/nicole-irene-cuellar-1.jpg\" alt=\"\" width=\"473\" height=\"678\" srcset=\"https:\/\/grupnexus.com\/wp-content\/uploads\/2023\/01\/nicole-irene-cuellar-1.jpg 473w, https:\/\/grupnexus.com\/wp-content\/uploads\/2023\/01\/nicole-irene-cuellar-1-209x300.jpg 209w, https:\/\/grupnexus.com\/wp-content\/uploads\/2023\/01\/nicole-irene-cuellar-1-400x573.jpg 400w, https:\/\/grupnexus.com\/wp-content\/uploads\/2023\/01\/nicole-irene-cuellar-1-292x419.jpg 292w\" sizes=\"(max-width: 473px) 100vw, 473px\" \/><\/div>\n<div class=\"wpv-grid grid-3-4  wpv-first-level unextended\" style=\"padding-top:0px;padding-bottom:0px\" id=\"wpv-column-4a23ae7ffe4e09cbce1f3121f50b7e1b\" ><div class=\"row \"><div class=\"wpv-grid grid-1-1  first unextended\" style=\"padding-top:0px;padding-bottom:0px\" id=\"wpv-column-2e3a283e8ac1fd4e3a8ce71c2edef913\" ><h3>Educaci\u00f3n y Formaci\u00f3n<\/h3>\n<div>Ciclo Formativo de grado medio en Est\u00e9tica y Belleza<\/div>\n<div>Ciclo Formativo de grado superior en Est\u00e9tica Integral y Bienestar<\/div><\/div><\/div><\/div><\/div>\n<div class=\"push\" style='height:40px'><\/div>\n","protected":false},"excerpt":{"rendered":"<p>Educaci\u00f3n y Formaci\u00f3n Ciclo Formativo de grado medio en Est\u00e9tica y Belleza Ciclo Formativo de grado superior en Est\u00e9tica Integral y Bienestar<\/p>\n","protected":false},"author":5,"featured_media":0,"parent":14354,"menu_order":0,"comment_status":"closed","ping_status":"closed","template":"","meta":[],"yoast_head":"<!-- This site is optimized with the Yoast SEO plugin v18.6 - https:\/\/yoast.com\/wordpress\/plugins\/seo\/ -->\n<title>Nicole Irene Cuellar - Cl\u00ednica Nexus<\/title>\n<meta name=\"robots\" content=\"index, follow, max-snippet:-1, max-image-preview:large, max-video-preview:-1\" \/>\n<link rel=\"canonical\" href=\"https:\/\/grupnexus.com\/es\/nuestro-equipo\/nicole-irene-cuellar\/\" \/>\n<meta property=\"og:locale\" content=\"es_ES\" \/>\n<meta property=\"og:type\" content=\"article\" \/>\n<meta property=\"og:title\" content=\"Nicole Irene Cuellar - Cl\u00ednica Nexus\" \/>\n<meta property=\"og:description\" content=\"Educaci\u00f3n y Formaci\u00f3n Ciclo Formativo de grado medio en Est\u00e9tica y Belleza Ciclo Formativo de grado superior en Est\u00e9tica Integral y Bienestar\" \/>\n<meta property=\"og:url\" content=\"https:\/\/grupnexus.com\/es\/nuestro-equipo\/nicole-irene-cuellar\/\" \/>\n<meta property=\"og:site_name\" content=\"Cl\u00ednica Nexus\" \/>\n<meta property=\"article:modified_time\" content=\"2023-01-10T14:24:18+00:00\" \/>\n<meta property=\"og:image\" content=\"https:\/\/grupnexus.com\/wp-content\/uploads\/2023\/01\/nicole-irene-cuellar-1.jpg\" \/>\n<meta name=\"twitter:card\" content=\"summary\" \/>\n<meta name=\"twitter:label1\" content=\"Tiempo de lectura\" \/>\n\t<meta name=\"twitter:data1\" content=\"1 minuto\" \/>\n<script type=\"application\/ld+json\" class=\"yoast-schema-graph\">{\"@context\":\"https:\/\/schema.org\",\"@graph\":[{\"@type\":\"WebSite\",\"@id\":\"https:\/\/grupnexus.com\/es\/#website\",\"url\":\"https:\/\/grupnexus.com\/es\/\",\"name\":\"Cl\u00ednica Nexus\",\"description\":\"L\u00edders en Medicina Est\u00e8tica Avan\u00e7ada\",\"potentialAction\":[{\"@type\":\"SearchAction\",\"target\":{\"@type\":\"EntryPoint\",\"urlTemplate\":\"https:\/\/grupnexus.com\/es\/?s={search_term_string}\"},\"query-input\":\"required name=search_term_string\"}],\"inLanguage\":\"es\"},{\"@type\":\"ImageObject\",\"@id\":\"https:\/\/grupnexus.com\/es\/nuestro-equipo\/nicole-irene-cuellar\/#primaryimage\",\"inLanguage\":\"es\",\"url\":\"https:\/\/grupnexus.com\/wp-content\/uploads\/2023\/01\/nicole-irene-cuellar-1.jpg\",\"contentUrl\":\"https:\/\/grupnexus.com\/wp-content\/uploads\/2023\/01\/nicole-irene-cuellar-1.jpg\",\"width\":473,\"height\":678},{\"@type\":\"WebPage\",\"@id\":\"https:\/\/grupnexus.com\/es\/nuestro-equipo\/nicole-irene-cuellar\/#webpage\",\"url\":\"https:\/\/grupnexus.com\/es\/nuestro-equipo\/nicole-irene-cuellar\/\",\"name\":\"Nicole Irene Cuellar - Cl\u00ednica Nexus\",\"isPartOf\":{\"@id\":\"https:\/\/grupnexus.com\/es\/#website\"},\"primaryImageOfPage\":{\"@id\":\"https:\/\/grupnexus.com\/es\/nuestro-equipo\/nicole-irene-cuellar\/#primaryimage\"},\"datePublished\":\"2023-01-10T14:23:19+00:00\",\"dateModified\":\"2023-01-10T14:24:18+00:00\",\"breadcrumb\":{\"@id\":\"https:\/\/grupnexus.com\/es\/nuestro-equipo\/nicole-irene-cuellar\/#breadcrumb\"},\"inLanguage\":\"es\",\"potentialAction\":[{\"@type\":\"ReadAction\",\"target\":[\"https:\/\/grupnexus.com\/es\/nuestro-equipo\/nicole-irene-cuellar\/\"]}]},{\"@type\":\"BreadcrumbList\",\"@id\":\"https:\/\/grupnexus.com\/es\/nuestro-equipo\/nicole-irene-cuellar\/#breadcrumb\",\"itemListElement\":[{\"@type\":\"ListItem\",\"position\":1,\"name\":\"Portada\",\"item\":\"https:\/\/grupnexus.com\/es\/\"},{\"@type\":\"ListItem\",\"position\":2,\"name\":\"Nuestro equipo\",\"item\":\"https:\/\/grupnexus.com\/es\/nuestro-equipo\/\"},{\"@type\":\"ListItem\",\"position\":3,\"name\":\"Nicole Irene Cuellar\"}]}]}<\/script>\n<!-- \/ Yoast SEO plugin. -->","yoast_head_json":{"title":"Nicole Irene Cuellar - Cl\u00ednica Nexus","robots":{"index":"index","follow":"follow","max-snippet":"max-snippet:-1","max-image-preview":"max-image-preview:large","max-video-preview":"max-video-preview:-1"},"canonical":"https:\/\/grupnexus.com\/es\/nuestro-equipo\/nicole-irene-cuellar\/","og_locale":"es_ES","og_type":"article","og_title":"Nicole Irene Cuellar - Cl\u00ednica Nexus","og_description":"Educaci\u00f3n y Formaci\u00f3n Ciclo Formativo de grado medio en Est\u00e9tica y Belleza Ciclo Formativo de grado superior en Est\u00e9tica Integral y Bienestar","og_url":"https:\/\/grupnexus.com\/es\/nuestro-equipo\/nicole-irene-cuellar\/","og_site_name":"Cl\u00ednica Nexus","article_modified_time":"2023-01-10T14:24:18+00:00","og_image":[{"url":"https:\/\/grupnexus.com\/wp-content\/uploads\/2023\/01\/nicole-irene-cuellar-1.jpg"}],"twitter_card":"summary","twitter_misc":{"Tiempo de lectura":"1 minuto"},"schema":{"@context":"https:\/\/schema.org","@graph":[{"@type":"WebSite","@id":"https:\/\/grupnexus.com\/es\/#website","url":"https:\/\/grupnexus.com\/es\/","name":"Cl\u00ednica Nexus","description":"L\u00edders en Medicina Est\u00e8tica Avan\u00e7ada","potentialAction":[{"@type":"SearchAction","target":{"@type":"EntryPoint","urlTemplate":"https:\/\/grupnexus.com\/es\/?s={search_term_string}"},"query-input":"required name=search_term_string"}],"inLanguage":"es"},{"@type":"ImageObject","@id":"https:\/\/grupnexus.com\/es\/nuestro-equipo\/nicole-irene-cuellar\/#primaryimage","inLanguage":"es","url":"https:\/\/grupnexus.com\/wp-content\/uploads\/2023\/01\/nicole-irene-cuellar-1.jpg","contentUrl":"https:\/\/grupnexus.com\/wp-content\/uploads\/2023\/01\/nicole-irene-cuellar-1.jpg","width":473,"height":678},{"@type":"WebPage","@id":"https:\/\/grupnexus.com\/es\/nuestro-equipo\/nicole-irene-cuellar\/#webpage","url":"https:\/\/grupnexus.com\/es\/nuestro-equipo\/nicole-irene-cuellar\/","name":"Nicole Irene Cuellar - Cl\u00ednica Nexus","isPartOf":{"@id":"https:\/\/grupnexus.com\/es\/#website"},"primaryImageOfPage":{"@id":"https:\/\/grupnexus.com\/es\/nuestro-equipo\/nicole-irene-cuellar\/#primaryimage"},"datePublished":"2023-01-10T14:23:19+00:00","dateModified":"2023-01-10T14:24:18+00:00","breadcrumb":{"@id":"https:\/\/grupnexus.com\/es\/nuestro-equipo\/nicole-irene-cuellar\/#breadcrumb"},"inLanguage":"es","potentialAction":[{"@type":"ReadAction","target":["https:\/\/grupnexus.com\/es\/nuestro-equipo\/nicole-irene-cuellar\/"]}]},{"@type":"BreadcrumbList","@id":"https:\/\/grupnexus.com\/es\/nuestro-equipo\/nicole-irene-cuellar\/#breadcrumb","itemListElement":[{"@type":"ListItem","position":1,"name":"Portada","item":"https:\/\/grupnexus.com\/es\/"},{"@type":"ListItem","position":2,"name":"Nuestro equipo","item":"https:\/\/grupnexus.com\/es\/nuestro-equipo\/"},{"@type":"ListItem","position":3,"name":"Nicole Irene Cuellar"}]}]}},"_links":{"self":[{"href":"https:\/\/grupnexus.com\/es\/wp-json\/wp\/v2\/pages\/51866"}],"collection":[{"href":"https:\/\/grupnexus.com\/es\/wp-json\/wp\/v2\/pages"}],"about":[{"href":"https:\/\/grupnexus.com\/es\/wp-json\/wp\/v2\/types\/page"}],"author":[{"embeddable":true,"href":"https:\/\/grupnexus.com\/es\/wp-json\/wp\/v2\/users\/5"}],"replies":[{"embeddable":true,"href":"https:\/\/grupnexus.com\/es\/wp-json\/wp\/v2\/comments?post=51866"}],"version-history":[{"count":3,"href":"https:\/\/grupnexus.com\/es\/wp-json\/wp\/v2\/pages\/51866\/revisions"}],"predecessor-version":[{"id":51871,"href":"https:\/\/grupnexus.com\/es\/wp-json\/wp\/v2\/pages\/51866\/revisions\/51871"}],"up":[{"embeddable":true,"href":"https:\/\/grupnexus.com\/es\/wp-json\/wp\/v2\/pages\/14354"}],"wp:attachment":[{"href":"https:\/\/grupnexus.com\/es\/wp-json\/wp\/v2\/media?parent=51866"}],"curies":[{"name":"wp","href":"https:\/\/api.w.org\/{rel}","templated":true}]}}