{"id":928,"date":"2015-01-21T08:20:56","date_gmt":"2015-01-21T07:20:56","guid":{"rendered":"http:\/\/www.grupnexus.com\/?page_id=928"},"modified":"2018-12-05T11:41:58","modified_gmt":"2018-12-05T09:41:58","slug":"contacta-con-nosotros","status":"publish","type":"page","link":"https:\/\/grupnexus.com\/es\/contacta-con-nosotros\/","title":{"rendered":"Contacta con nosotros"},"content":{"rendered":"\t\t<h2 class=\"text-divider-double\">\t\t\t\nContacta con nosotros\t\t<\/h2>\t\t<div class=\"sep\"><\/div>\t\n<div class=\"row \"><div class=\"wpv-grid grid-1-1  wpv-first-level first unextended\" style=\"padding-top:0px;padding-bottom:0px\" id=\"wpv-column-9ffebbbb476a212311ad31eabd598f45\" ><div class=\"row \"><div class=\"wpv-grid grid-1-4  first unextended\" style=\"padding-top:0px;padding-bottom:0px\" id=\"wpv-column-7c336cd38b74132f3de31552a4ad0ead\" >\n<div class=\"contact_info_wrap\">\n\t\t\n\t\t\t<p><span class='icon shortcode theme ' style='color:#6cb2e6;'>&#57382;<\/span>973 279 810<\/p>\n\t\t\n\t\t\t<p><span class='icon shortcode theme ' style='color:#6cb2e6;'>&#57361;<\/span>680 31 55 00<\/p>\n\t\t\n\t\t\t<p><a href=\"mailto:info@grupnexus.com\" ><span class='icon shortcode theme ' style='color:#6cb2e6;'>&#57353;<\/span>info@grupnexus.com<\/a><\/p>\n\t\t\n\t\t\t<p><span class=\"contact_address\"><span class='icon shortcode theme ' style='color:#6cb2e6;'>&#57367;<\/span><\/p>\n<h3>\u00bfComo llegar?<\/h3>\n<p>C\/ Segri\u00e0, 26-30<br \/>\nPg. Ronda, 74-76<br \/>\n25006 LLEIDA<\/p>\n<p>&#x1f684; Estaci\u00f3n Lleida-Pirineus a 1,9km.<br \/>\n&#x1f6b6; 24 minutos caminando<\/p>\n<p>&#x1f68d; Estaci\u00f3n autobuses a 1,3km.<br \/>\n&#x1f6b6; 16 minutos caminando<\/p>\n<p>Autobuses:<br \/>\nL2 Ronda<br \/>\nL20 Ronda<br \/>\nL3 Exterior-Hospitals<\/span><\/p>\n\t\t\n<\/div>\n<\/div>\n<div class=\"wpv-grid grid-3-4  unextended\" style=\"padding-top:0px;padding-bottom:0px\" id=\"wpv-column-ea4b2a3338b0ea82821678d2790fed82\" ><p><iframe loading=\"lazy\" style=\"border: 0;\" src=\"https:\/\/www.google.com\/maps\/embed?pb=!4v1544001475795!6m8!1m7!1sCAoSLEFGMVFpcE0wRDZHdlgxNVZoZzllY0E3QTQ0QlNyR1F3dlVEY0tiUTdQeFho!2m2!1d41.61830333665997!2d0.6148021327664992!3f137.59!4f-4.819999999999993!5f0.7820865974627469\" width=\"100%\" height=\"500\" frameborder=\"0\" allowfullscreen=\"allowfullscreen\"><\/iframe><\/div><\/div><\/div><\/div>\n<div class=\"row \"><div class=\"wpv-grid grid-1-1  wpv-first-level first unextended\" style=\"padding-top:0px;padding-bottom:0px\" id=\"wpv-column-545688356631ffca9bf86154eae0baf0\" ><p><iframe loading=\"lazy\" style=\"border: 0;\" src=\"https:\/\/www.google.com\/maps\/embed?pb=!1m18!1m12!1m3!1d2982.754939475232!2d0.6122840158136781!3d41.61781067924368!2m3!1f0!2f0!3f0!3m2!1i1024!2i768!4f13.1!3m3!1m2!1s0x12a6e0164478e047%3A0x25532cff60f956ce!2sCl%C3%ADnica+Nexus!5e0!3m2!1ses!2ses!4v1544000542084\" width=\"100%\" height=\"450\" frameborder=\"0\" allowfullscreen=\"allowfullscreen\"><\/iframe><\/div><\/div>\n","protected":false},"excerpt":{"rendered":"","protected":false},"author":5,"featured_media":0,"parent":0,"menu_order":0,"comment_status":"closed","ping_status":"closed","template":"","meta":[],"yoast_head":"<!-- This site is optimized with the Yoast SEO plugin v18.6 - https:\/\/yoast.com\/wordpress\/plugins\/seo\/ -->\n<title>Contacta amb nosaltres - Grup Nexus<\/title>\n<meta name=\"robots\" content=\"index, follow, max-snippet:-1, max-image-preview:large, max-video-preview:-1\" \/>\n<link rel=\"canonical\" href=\"https:\/\/grupnexus.com\/es\/contacta-con-nosotros\/\" \/>\n<meta property=\"og:locale\" content=\"es_ES\" \/>\n<meta property=\"og:type\" content=\"article\" \/>\n<meta property=\"og:title\" content=\"Contacta amb nosaltres - Grup Nexus\" \/>\n<meta property=\"og:url\" content=\"https:\/\/grupnexus.com\/es\/contacta-con-nosotros\/\" \/>\n<meta property=\"og:site_name\" content=\"Cl\u00ednica Nexus\" \/>\n<meta property=\"article:modified_time\" content=\"2018-12-05T09:41:58+00:00\" \/>\n<meta name=\"twitter:card\" content=\"summary\" \/>\n<meta name=\"twitter:label1\" content=\"Tiempo de lectura\" \/>\n\t<meta name=\"twitter:data1\" content=\"1 minuto\" \/>\n<script type=\"application\/ld+json\" class=\"yoast-schema-graph\">{\"@context\":\"https:\/\/schema.org\",\"@graph\":[{\"@type\":\"WebSite\",\"@id\":\"https:\/\/grupnexus.com\/es\/#website\",\"url\":\"https:\/\/grupnexus.com\/es\/\",\"name\":\"Cl\u00ednica Nexus\",\"description\":\"L\u00edders en Medicina Est\u00e8tica Avan\u00e7ada\",\"potentialAction\":[{\"@type\":\"SearchAction\",\"target\":{\"@type\":\"EntryPoint\",\"urlTemplate\":\"https:\/\/grupnexus.com\/es\/?s={search_term_string}\"},\"query-input\":\"required name=search_term_string\"}],\"inLanguage\":\"es\"},{\"@type\":\"WebPage\",\"@id\":\"https:\/\/grupnexus.com\/es\/contacta-con-nosotros\/#webpage\",\"url\":\"https:\/\/grupnexus.com\/es\/contacta-con-nosotros\/\",\"name\":\"Contacta amb nosaltres - Grup Nexus\",\"isPartOf\":{\"@id\":\"https:\/\/grupnexus.com\/es\/#website\"},\"datePublished\":\"2015-01-21T07:20:56+00:00\",\"dateModified\":\"2018-12-05T09:41:58+00:00\",\"breadcrumb\":{\"@id\":\"https:\/\/grupnexus.com\/es\/contacta-con-nosotros\/#breadcrumb\"},\"inLanguage\":\"es\",\"potentialAction\":[{\"@type\":\"ReadAction\",\"target\":[\"https:\/\/grupnexus.com\/es\/contacta-con-nosotros\/\"]}]},{\"@type\":\"BreadcrumbList\",\"@id\":\"https:\/\/grupnexus.com\/es\/contacta-con-nosotros\/#breadcrumb\",\"itemListElement\":[{\"@type\":\"ListItem\",\"position\":1,\"name\":\"Portada\",\"item\":\"https:\/\/grupnexus.com\/es\/\"},{\"@type\":\"ListItem\",\"position\":2,\"name\":\"Contacta con nosotros\"}]}]}<\/script>\n<!-- \/ Yoast SEO plugin. -->","yoast_head_json":{"title":"Contacta amb nosaltres - Grup Nexus","robots":{"index":"index","follow":"follow","max-snippet":"max-snippet:-1","max-image-preview":"max-image-preview:large","max-video-preview":"max-video-preview:-1"},"canonical":"https:\/\/grupnexus.com\/es\/contacta-con-nosotros\/","og_locale":"es_ES","og_type":"article","og_title":"Contacta amb nosaltres - Grup Nexus","og_url":"https:\/\/grupnexus.com\/es\/contacta-con-nosotros\/","og_site_name":"Cl\u00ednica Nexus","article_modified_time":"2018-12-05T09:41:58+00:00","twitter_card":"summary","twitter_misc":{"Tiempo de lectura":"1 minuto"},"schema":{"@context":"https:\/\/schema.org","@graph":[{"@type":"WebSite","@id":"https:\/\/grupnexus.com\/es\/#website","url":"https:\/\/grupnexus.com\/es\/","name":"Cl\u00ednica Nexus","description":"L\u00edders en Medicina Est\u00e8tica Avan\u00e7ada","potentialAction":[{"@type":"SearchAction","target":{"@type":"EntryPoint","urlTemplate":"https:\/\/grupnexus.com\/es\/?s={search_term_string}"},"query-input":"required name=search_term_string"}],"inLanguage":"es"},{"@type":"WebPage","@id":"https:\/\/grupnexus.com\/es\/contacta-con-nosotros\/#webpage","url":"https:\/\/grupnexus.com\/es\/contacta-con-nosotros\/","name":"Contacta amb nosaltres - Grup Nexus","isPartOf":{"@id":"https:\/\/grupnexus.com\/es\/#website"},"datePublished":"2015-01-21T07:20:56+00:00","dateModified":"2018-12-05T09:41:58+00:00","breadcrumb":{"@id":"https:\/\/grupnexus.com\/es\/contacta-con-nosotros\/#breadcrumb"},"inLanguage":"es","potentialAction":[{"@type":"ReadAction","target":["https:\/\/grupnexus.com\/es\/contacta-con-nosotros\/"]}]},{"@type":"BreadcrumbList","@id":"https:\/\/grupnexus.com\/es\/contacta-con-nosotros\/#breadcrumb","itemListElement":[{"@type":"ListItem","position":1,"name":"Portada","item":"https:\/\/grupnexus.com\/es\/"},{"@type":"ListItem","position":2,"name":"Contacta con nosotros"}]}]}},"_links":{"self":[{"href":"https:\/\/grupnexus.com\/es\/wp-json\/wp\/v2\/pages\/928"}],"collection":[{"href":"https:\/\/grupnexus.com\/es\/wp-json\/wp\/v2\/pages"}],"about":[{"href":"https:\/\/grupnexus.com\/es\/wp-json\/wp\/v2\/types\/page"}],"author":[{"embeddable":true,"href":"https:\/\/grupnexus.com\/es\/wp-json\/wp\/v2\/users\/5"}],"replies":[{"embeddable":true,"href":"https:\/\/grupnexus.com\/es\/wp-json\/wp\/v2\/comments?post=928"}],"version-history":[{"count":9,"href":"https:\/\/grupnexus.com\/es\/wp-json\/wp\/v2\/pages\/928\/revisions"}],"predecessor-version":[{"id":19240,"href":"https:\/\/grupnexus.com\/es\/wp-json\/wp\/v2\/pages\/928\/revisions\/19240"}],"wp:attachment":[{"href":"https:\/\/grupnexus.com\/es\/wp-json\/wp\/v2\/media?parent=928"}],"curies":[{"name":"wp","href":"https:\/\/api.w.org\/{rel}","templated":true}]}}