{"id":936,"date":"2015-02-11T07:29:33","date_gmt":"2015-02-11T06:29:33","guid":{"rendered":"http:\/\/www.grupnexus.com\/?page_id=936"},"modified":"2016-01-22T18:02:06","modified_gmt":"2016-01-22T16:02:06","slug":"trabaje-con-nosotros","status":"publish","type":"page","link":"https:\/\/grupnexus.com\/es\/trabaje-con-nosotros\/","title":{"rendered":"Trabaje con nosotros"},"content":{"rendered":"\t\t<h2 class=\"text-divider-double\">\t\t\t\nTrabaje con nosotros\t\t<\/h2>\t\t<div class=\"sep\"><\/div>\t\n<div class=\"row \"><div class=\"wpv-grid grid-1-2  wpv-first-level first unextended\" style=\"padding-top:0px;padding-bottom:0px\" id=\"wpv-column-cb509050c6249223bfd2c16907b1405f\" ><h3>\u00bfQuieres formar parte de Nexus?<\/h3>\n<p><img loading=\"lazy\" class=\"aligncenter size-large wp-image-9354\" src=\"https:\/\/grupnexus.com\/wp-content\/uploads\/slider-grupnexus-lleida-grupo-1-1024x534.jpg\" alt=\"slider-grupnexus-lleida-grupo\" width=\"1024\" height=\"534\" srcset=\"https:\/\/grupnexus.com\/wp-content\/uploads\/slider-grupnexus-lleida-grupo-1-1024x534.jpg 1024w, https:\/\/grupnexus.com\/wp-content\/uploads\/slider-grupnexus-lleida-grupo-1-510x266.jpg 510w, https:\/\/grupnexus.com\/wp-content\/uploads\/slider-grupnexus-lleida-grupo-1-300x157.jpg 300w, https:\/\/grupnexus.com\/wp-content\/uploads\/slider-grupnexus-lleida-grupo-1-768x401.jpg 768w, https:\/\/grupnexus.com\/wp-content\/uploads\/slider-grupnexus-lleida-grupo-1-1140x595.jpg 1140w, https:\/\/grupnexus.com\/wp-content\/uploads\/slider-grupnexus-lleida-grupo-1-555x290.jpg 555w, https:\/\/grupnexus.com\/wp-content\/uploads\/slider-grupnexus-lleida-grupo-1-360x188.jpg 360w, https:\/\/grupnexus.com\/wp-content\/uploads\/slider-grupnexus-lleida-grupo-1-262x137.jpg 262w, https:\/\/grupnexus.com\/wp-content\/uploads\/slider-grupnexus-lleida-grupo-1.jpg 1280w\" sizes=\"(max-width: 1024px) 100vw, 1024px\" \/><\/p>\n<p>Ahora tienes la oportunidad de formar parte de una empresa l\u00edder en su sector Envianos tus datos personales, junto con tu curr\u00edculum.<\/div>\n<div class=\"wpv-grid grid-1-2  wpv-first-level unextended\" style=\"padding-top:0px;padding-bottom:0px\" id=\"wpv-column-13710131a9c1859e64c3681c81231ae4\" ><p><div role=\"form\" class=\"wpcf7\" id=\"wpcf7-f934-o1\" lang=\"es-ES\" dir=\"ltr\">\n<div class=\"screen-reader-response\"><p role=\"status\" aria-live=\"polite\" aria-atomic=\"true\"><\/p> <ul><\/ul><\/div>\n<form action=\"\/es\/wp-json\/wp\/v2\/pages\/936#wpcf7-f934-o1\" method=\"post\" class=\"wpcf7-form init\" enctype=\"multipart\/form-data\" novalidate=\"novalidate\" data-status=\"init\">\n<div style=\"display: none;\">\n<input type=\"hidden\" name=\"_wpcf7\" value=\"934\" \/>\n<input type=\"hidden\" name=\"_wpcf7_version\" value=\"5.5.6\" \/>\n<input type=\"hidden\" name=\"_wpcf7_locale\" value=\"es_ES\" \/>\n<input type=\"hidden\" name=\"_wpcf7_unit_tag\" value=\"wpcf7-f934-o1\" \/>\n<input type=\"hidden\" name=\"_wpcf7_container_post\" value=\"0\" \/>\n<input type=\"hidden\" name=\"_wpcf7_posted_data_hash\" value=\"\" \/>\n<input type=\"hidden\" name=\"_wpcf7_recaptcha_response\" value=\"\" \/>\n<\/div>\n<p><span class=\"wpcf7-form-control-wrap your-name\"><input type=\"text\" name=\"your-name\" value=\"\" size=\"40\" class=\"wpcf7-form-control wpcf7-text wpcf7-validates-as-required\" aria-required=\"true\" aria-invalid=\"false\" placeholder=\"Nombre\" \/><\/span> <\/p>\n<p><span class=\"wpcf7-form-control-wrap your-email\"><input type=\"email\" name=\"your-email\" value=\"\" size=\"40\" class=\"wpcf7-form-control wpcf7-text wpcf7-email wpcf7-validates-as-required wpcf7-validates-as-email\" aria-required=\"true\" aria-invalid=\"false\" placeholder=\"email\" \/><\/span> <\/p>\n<p><span class=\"wpcf7-form-control-wrap your-telf\"><input type=\"tel\" name=\"your-telf\" value=\"\" size=\"40\" class=\"wpcf7-form-control wpcf7-text wpcf7-tel wpcf7-validates-as-tel\" aria-invalid=\"false\" placeholder=\"Tel\u00e9fono\" \/><\/span><\/p>\n<p><span class=\"wpcf7-form-control-wrap your-message\"><textarea name=\"your-message\" cols=\"40\" rows=\"10\" class=\"wpcf7-form-control wpcf7-textarea\" aria-invalid=\"false\" placeholder=\"Mensaje\"><\/textarea><\/span> <\/p>\n<p><span class=\"wpcf7-form-control-wrap your-cv\"><input type=\"file\" name=\"your-cv\" size=\"40\" class=\"wpcf7-form-control wpcf7-file\" accept=\".jpg,.jpeg,.png,.gif,.pdf,.doc,.docx,.ppt,.pptx,.odt,.avi,.ogg,.m4a,.mov,.mp3,.mp4,.mpg,.wav,.wmv\" aria-invalid=\"false\" \/><\/span><\/p>\n<p><span class=\"wpcf7-form-control-wrap rgpd-accepto\"><span class=\"wpcf7-form-control wpcf7-acceptance\"><span class=\"wpcf7-list-item\"><input type=\"checkbox\" name=\"rgpd-accepto\" value=\"1\" aria-invalid=\"false\" class=\"rgpd-casilla\" \/><\/span><\/span><\/span> He le\u00eddo y acepto la <a href=\"\/es\/politica-de-privacidad\" target=\"_blank\">pol\u00edtica de privacidad<\/a><\/p>\n<p>Este sitio web est\u00e1 protegido por reCAPTCHA y las <a href=\"https:\/\/policies.google.com\/privacy\">Pol\u00edticas de privacidad<\/a> y <a href=\"https:\/\/policies.google.com\/terms\">T\u00e9rminos de Servicio<\/a> de Google<\/p>\n<p><input type=\"submit\" value=\"Enviar\" class=\"wpcf7-form-control has-spinner wpcf7-submit\" \/><\/p>\n<input type='hidden' class='wpcf7-pum' value='{\"closepopup\":false,\"closedelay\":0,\"openpopup\":false,\"openpopup_id\":0}' \/><div class=\"wpcf7-response-output\" aria-hidden=\"true\"><\/div><\/form><\/div><\/div><\/div>\n<div class=\"sep\"><\/div>\n","protected":false},"excerpt":{"rendered":"<p>\u00bfQuieres formar parte de Nexus? Ahora tienes la oportunidad de formar parte de una empresa l\u00edder en su sector Envianos tus datos personales, junto con tu curr\u00edculum.<\/p>\n","protected":false},"author":5,"featured_media":0,"parent":0,"menu_order":0,"comment_status":"closed","ping_status":"closed","template":"","meta":[],"yoast_head":"<!-- This site is optimized with the Yoast SEO plugin v18.6 - https:\/\/yoast.com\/wordpress\/plugins\/seo\/ -->\n<title>Trabaje con nosotros - Cl\u00ednica Nexus<\/title>\n<meta name=\"robots\" content=\"index, follow, max-snippet:-1, max-image-preview:large, max-video-preview:-1\" \/>\n<link rel=\"canonical\" href=\"https:\/\/grupnexus.com\/es\/trabaje-con-nosotros\/\" \/>\n<meta property=\"og:locale\" content=\"es_ES\" \/>\n<meta property=\"og:type\" content=\"article\" \/>\n<meta property=\"og:title\" content=\"Trabaje con nosotros - Cl\u00ednica Nexus\" \/>\n<meta property=\"og:description\" content=\"\u00bfQuieres formar parte de Nexus? Ahora tienes la oportunidad de formar parte de una empresa l\u00edder en su sector Envianos tus datos personales, junto con tu curr\u00edculum.\" \/>\n<meta property=\"og:url\" content=\"https:\/\/grupnexus.com\/es\/trabaje-con-nosotros\/\" \/>\n<meta property=\"og:site_name\" content=\"Cl\u00ednica Nexus\" \/>\n<meta property=\"article:modified_time\" content=\"2016-01-22T16:02:06+00:00\" \/>\n<meta property=\"og:image\" content=\"https:\/\/grupnexus.com\/wp-content\/uploads\/slider-grupnexus-lleida-grupo-1-1024x534.jpg\" \/>\n<meta name=\"twitter:card\" content=\"summary\" \/>\n<meta name=\"twitter:label1\" content=\"Tiempo de lectura\" \/>\n\t<meta name=\"twitter:data1\" content=\"1 minuto\" \/>\n<script type=\"application\/ld+json\" class=\"yoast-schema-graph\">{\"@context\":\"https:\/\/schema.org\",\"@graph\":[{\"@type\":\"WebSite\",\"@id\":\"https:\/\/grupnexus.com\/es\/#website\",\"url\":\"https:\/\/grupnexus.com\/es\/\",\"name\":\"Cl\u00ednica Nexus\",\"description\":\"L\u00edders en Medicina Est\u00e8tica Avan\u00e7ada\",\"potentialAction\":[{\"@type\":\"SearchAction\",\"target\":{\"@type\":\"EntryPoint\",\"urlTemplate\":\"https:\/\/grupnexus.com\/es\/?s={search_term_string}\"},\"query-input\":\"required name=search_term_string\"}],\"inLanguage\":\"es\"},{\"@type\":\"ImageObject\",\"@id\":\"https:\/\/grupnexus.com\/es\/trabaje-con-nosotros\/#primaryimage\",\"inLanguage\":\"es\",\"url\":\"https:\/\/grupnexus.com\/wp-content\/uploads\/slider-grupnexus-lleida-grupo-1.jpg\",\"contentUrl\":\"https:\/\/grupnexus.com\/wp-content\/uploads\/slider-grupnexus-lleida-grupo-1.jpg\",\"width\":1280,\"height\":668},{\"@type\":\"WebPage\",\"@id\":\"https:\/\/grupnexus.com\/es\/trabaje-con-nosotros\/#webpage\",\"url\":\"https:\/\/grupnexus.com\/es\/trabaje-con-nosotros\/\",\"name\":\"Trabaje con nosotros - Cl\u00ednica Nexus\",\"isPartOf\":{\"@id\":\"https:\/\/grupnexus.com\/es\/#website\"},\"primaryImageOfPage\":{\"@id\":\"https:\/\/grupnexus.com\/es\/trabaje-con-nosotros\/#primaryimage\"},\"datePublished\":\"2015-02-11T06:29:33+00:00\",\"dateModified\":\"2016-01-22T16:02:06+00:00\",\"breadcrumb\":{\"@id\":\"https:\/\/grupnexus.com\/es\/trabaje-con-nosotros\/#breadcrumb\"},\"inLanguage\":\"es\",\"potentialAction\":[{\"@type\":\"ReadAction\",\"target\":[\"https:\/\/grupnexus.com\/es\/trabaje-con-nosotros\/\"]}]},{\"@type\":\"BreadcrumbList\",\"@id\":\"https:\/\/grupnexus.com\/es\/trabaje-con-nosotros\/#breadcrumb\",\"itemListElement\":[{\"@type\":\"ListItem\",\"position\":1,\"name\":\"Portada\",\"item\":\"https:\/\/grupnexus.com\/es\/\"},{\"@type\":\"ListItem\",\"position\":2,\"name\":\"Trabaje con nosotros\"}]}]}<\/script>\n<!-- \/ Yoast SEO plugin. -->","yoast_head_json":{"title":"Trabaje con nosotros - Cl\u00ednica Nexus","robots":{"index":"index","follow":"follow","max-snippet":"max-snippet:-1","max-image-preview":"max-image-preview:large","max-video-preview":"max-video-preview:-1"},"canonical":"https:\/\/grupnexus.com\/es\/trabaje-con-nosotros\/","og_locale":"es_ES","og_type":"article","og_title":"Trabaje con nosotros - Cl\u00ednica Nexus","og_description":"\u00bfQuieres formar parte de Nexus? Ahora tienes la oportunidad de formar parte de una empresa l\u00edder en su sector Envianos tus datos personales, junto con tu curr\u00edculum.","og_url":"https:\/\/grupnexus.com\/es\/trabaje-con-nosotros\/","og_site_name":"Cl\u00ednica Nexus","article_modified_time":"2016-01-22T16:02:06+00:00","og_image":[{"url":"https:\/\/grupnexus.com\/wp-content\/uploads\/slider-grupnexus-lleida-grupo-1-1024x534.jpg"}],"twitter_card":"summary","twitter_misc":{"Tiempo de lectura":"1 minuto"},"schema":{"@context":"https:\/\/schema.org","@graph":[{"@type":"WebSite","@id":"https:\/\/grupnexus.com\/es\/#website","url":"https:\/\/grupnexus.com\/es\/","name":"Cl\u00ednica Nexus","description":"L\u00edders en Medicina Est\u00e8tica Avan\u00e7ada","potentialAction":[{"@type":"SearchAction","target":{"@type":"EntryPoint","urlTemplate":"https:\/\/grupnexus.com\/es\/?s={search_term_string}"},"query-input":"required name=search_term_string"}],"inLanguage":"es"},{"@type":"ImageObject","@id":"https:\/\/grupnexus.com\/es\/trabaje-con-nosotros\/#primaryimage","inLanguage":"es","url":"https:\/\/grupnexus.com\/wp-content\/uploads\/slider-grupnexus-lleida-grupo-1.jpg","contentUrl":"https:\/\/grupnexus.com\/wp-content\/uploads\/slider-grupnexus-lleida-grupo-1.jpg","width":1280,"height":668},{"@type":"WebPage","@id":"https:\/\/grupnexus.com\/es\/trabaje-con-nosotros\/#webpage","url":"https:\/\/grupnexus.com\/es\/trabaje-con-nosotros\/","name":"Trabaje con nosotros - Cl\u00ednica Nexus","isPartOf":{"@id":"https:\/\/grupnexus.com\/es\/#website"},"primaryImageOfPage":{"@id":"https:\/\/grupnexus.com\/es\/trabaje-con-nosotros\/#primaryimage"},"datePublished":"2015-02-11T06:29:33+00:00","dateModified":"2016-01-22T16:02:06+00:00","breadcrumb":{"@id":"https:\/\/grupnexus.com\/es\/trabaje-con-nosotros\/#breadcrumb"},"inLanguage":"es","potentialAction":[{"@type":"ReadAction","target":["https:\/\/grupnexus.com\/es\/trabaje-con-nosotros\/"]}]},{"@type":"BreadcrumbList","@id":"https:\/\/grupnexus.com\/es\/trabaje-con-nosotros\/#breadcrumb","itemListElement":[{"@type":"ListItem","position":1,"name":"Portada","item":"https:\/\/grupnexus.com\/es\/"},{"@type":"ListItem","position":2,"name":"Trabaje con nosotros"}]}]}},"_links":{"self":[{"href":"https:\/\/grupnexus.com\/es\/wp-json\/wp\/v2\/pages\/936"}],"collection":[{"href":"https:\/\/grupnexus.com\/es\/wp-json\/wp\/v2\/pages"}],"about":[{"href":"https:\/\/grupnexus.com\/es\/wp-json\/wp\/v2\/types\/page"}],"author":[{"embeddable":true,"href":"https:\/\/grupnexus.com\/es\/wp-json\/wp\/v2\/users\/5"}],"replies":[{"embeddable":true,"href":"https:\/\/grupnexus.com\/es\/wp-json\/wp\/v2\/comments?post=936"}],"version-history":[{"count":0,"href":"https:\/\/grupnexus.com\/es\/wp-json\/wp\/v2\/pages\/936\/revisions"}],"wp:attachment":[{"href":"https:\/\/grupnexus.com\/es\/wp-json\/wp\/v2\/media?parent=936"}],"curies":[{"name":"wp","href":"https:\/\/api.w.org\/{rel}","templated":true}]}}