{"id":945,"date":"2015-01-21T08:11:56","date_gmt":"2015-01-21T07:11:56","guid":{"rendered":"http:\/\/www.grupnexus.com\/nuestro-equipo\/direccio\/"},"modified":"2016-09-19T17:07:36","modified_gmt":"2016-09-19T15:07:36","slug":"direccion","status":"publish","type":"page","link":"https:\/\/grupnexus.com\/es\/nuestro-equipo-1\/direccion\/","title":{"rendered":"Direcci\u00f3n"},"content":{"rendered":"\t\t<h2 class=\"text-divider-double\">\t\t\t\nDirecci\u00f3n\t\t<\/h2>\t\t<div class=\"sep\"><\/div>\t\n<div class=\"row \"><div class=\"wpv-grid grid-1-1  wpv-first-level first unextended\" style=\"padding-top:0px;padding-bottom:0px\" id=\"wpv-column-49bed8ccff1fd3b717ec5430c1f8de37\" ><div class=\"row \"><div class=\"wpv-grid grid-1-3  first unextended\" style=\"padding-top:0px;padding-bottom:0px\" id=\"wpv-column-a46c629b97a22f1ac794bdaef517e45d\" ><h3><span style=\"color: #36a8eb;\">Dr. Samuel Pin\u00f3s<\/span><\/h3>\n<p><strong>Fundador y Director M\u00e9dico<br \/>\n<\/strong><\/p>\n<p>Licenciado en Medicina y Cirug\u00eda<br \/>\nEspecialista Universitario en Medicina Est\u00e9tica<br \/>\nM\u00e1ster Universitario en Medicina Est\u00e9tica<br \/>\nM\u00e1ster en Medicina Est\u00e9tica por la Escuela Espa\u00f1ola de Medicina Est\u00e9tica<br \/>\nM\u00e1ster en Liposcultura<br \/>\nM\u00e1ster en L\u00e1ser M\u00e9dico-Quir\u00fargico y Medicina Fot\u00f3nica<br \/>\nMiembro numerario de la Sociedad Espa\u00f1ola y Francesa de Medicina Est\u00e9tica<br \/>\nMiembro numerario de la Sociedad Espa\u00f1ola de L\u00e1ser M\u00e9dico-Quir\u00fargico<br \/>\nMiembro numerario de la International Society of Cosmetic and Laser Surgeons<br \/>\nM\u00e9dico Especialista (v\u00eda MIR) en Medicina del Trabajo<br \/>\nM\u00e1ster Universitario en Valoraci\u00f3n del Da\u00f1o Corporal<\/p>\n<p><strong class=\"et_pb_testimonial_author\">Dr. Samuel Pin\u00f3s<\/strong><\/p>\n<p class=\"et_pb_testimonial_meta\">Fundador y Director M\u00e9dico<\/div>\n<div class=\"wpv-grid grid-1-3  unextended\" style=\"padding-top:0px;padding-bottom:0px\" id=\"wpv-column-a8af5c962ec95314625fb24d245b6125\" ><h3><span style=\"color: #36a8eb;\">Montse Monjo<\/span><\/h3>\n<p><strong>Directora gerente<br \/>\n<\/strong><br \/>\nM\u00e1ster Universitario Superior en Direcci\u00f3n y Administraci\u00f3n de Empresas (MBA Executive Master Business Administration).<br \/>\nM\u00e1ster en Belleza y Salud<br \/>\nM\u00e1ster en Est\u00e9tica Integral<br \/>\nM\u00e1ster Especialista en Dermocosm\u00e9tica.<br \/>\nT\u00e9cnica Especialista en Depilaci\u00f3n L\u00e1ser M\u00e9dica<br \/>\nT\u00e9cnica Especialista en Diagn\u00f3sticos Faciales y Corporales Personalizados<br \/>\nT\u00e9cnica Superior Especialista en Est\u00e9tica<br \/>\nT\u00e9cnica Superior de Auxiliar de Cl\u00ednica<br \/>\nT\u00e9cnica Administrativa Grado Superior<br \/>\nSocia Funde, Asociaci\u00f3n\u00a0de Empresarias Directivas y Profesionales.<br \/>\n<a href=\"http:\/\/www.funde.net\/\" target=\"_blank\">http:\/\/www.funde.net\/<\/a><\/p>\n<p><strong class=\"et_pb_testimonial_author\">Montse Monjo<\/strong><\/p>\n<p class=\"et_pb_testimonial_meta\">Directora gerente, <a href=\"mailto:montse.monjo@grupnexus.com\">montse.monjo@grupnexus.com<\/a><\/div>\n<div class=\"wpv-grid grid-1-3  unextended\" style=\"padding-top:0px;padding-bottom:0px\" id=\"wpv-column-c79e7d0785117960fa9c4aa01d00110c\" ><p><img loading=\"lazy\" class=\"wp-image-11122 size-full aligncenter\" src=\"https:\/\/grupnexus.com\/wp-content\/uploads\/gerencia-459x318.jpg\" width=\"459\" height=\"318\" srcset=\"https:\/\/grupnexus.com\/wp-content\/uploads\/gerencia-459x318.jpg 459w, https:\/\/grupnexus.com\/wp-content\/uploads\/gerencia-459x318-300x208.jpg 300w, https:\/\/grupnexus.com\/wp-content\/uploads\/gerencia-459x318-360x249.jpg 360w, https:\/\/grupnexus.com\/wp-content\/uploads\/gerencia-459x318-262x182.jpg 262w\" sizes=\"(max-width: 459px) 100vw, 459px\" \/><\/div><\/div><\/div><\/div>\n<div class=\"sep\"><\/div>\n<div class=\"row \"><div class=\"wpv-grid grid-1-1  wpv-first-level first unextended\" style=\"padding-top:0px;padding-bottom:0px\" id=\"wpv-column-c4614add5fe853f4d4b81a3aa899be37\" ><div class=\"push\" style='height:5px'><\/div>\n<h3 style=\"text-align: center;\">\u00bfQuieres formar parte de Nexus? \u00a0 <a href=\"\/es\/trabaja-con-nosotros\" target=\"_self\" style='font-size: 18px;' class=\"button vamtam-button accent1  button-border hover-accent1 \"><span class='icon shortcode  ' style=''>&#57506;<\/span><span class=\"btext\">Enviar Curriculum<\/span><\/a><\/h3><\/div><\/div>\n","protected":false},"excerpt":{"rendered":"<p>Dr. Samuel Pin\u00f3s Fundador y Director M\u00e9dico Licenciado en Medicina y Cirug\u00eda Especialista Universitario en Medicina Est\u00e9tica M\u00e1ster Universitario en Medicina Est\u00e9tica M\u00e1ster en Medicina Est\u00e9tica por la Escuela Espa\u00f1ola de Medicina Est\u00e9tica M\u00e1ster en Liposcultura M\u00e1ster en L\u00e1ser M\u00e9dico-Quir\u00fargico y Medicina Fot\u00f3nica Miembro numerario de la Sociedad Espa\u00f1ola y Francesa de Medicina Est\u00e9tica Miembro&#8230;<\/p>\n","protected":false},"author":5,"featured_media":0,"parent":942,"menu_order":0,"comment_status":"closed","ping_status":"closed","template":"","meta":[],"yoast_head":"<!-- This site is optimized with the Yoast SEO plugin v18.6 - https:\/\/yoast.com\/wordpress\/plugins\/seo\/ -->\n<title>Direcci\u00f3n - Cl\u00ednica Nexus<\/title>\n<meta name=\"robots\" content=\"index, follow, max-snippet:-1, max-image-preview:large, max-video-preview:-1\" \/>\n<link rel=\"canonical\" href=\"https:\/\/grupnexus.com\/es\/nuestro-equipo-1\/direccion\/\" \/>\n<meta property=\"og:locale\" content=\"es_ES\" \/>\n<meta property=\"og:type\" content=\"article\" \/>\n<meta property=\"og:title\" content=\"Direcci\u00f3n - Cl\u00ednica Nexus\" \/>\n<meta property=\"og:description\" content=\"Dr. Samuel Pin\u00f3s Fundador y Director M\u00e9dico Licenciado en Medicina y Cirug\u00eda Especialista Universitario en Medicina Est\u00e9tica M\u00e1ster Universitario en Medicina Est\u00e9tica M\u00e1ster en Medicina Est\u00e9tica por la Escuela Espa\u00f1ola de Medicina Est\u00e9tica M\u00e1ster en Liposcultura M\u00e1ster en L\u00e1ser M\u00e9dico-Quir\u00fargico y Medicina Fot\u00f3nica Miembro numerario de la Sociedad Espa\u00f1ola y Francesa de Medicina Est\u00e9tica Miembro...\" \/>\n<meta property=\"og:url\" content=\"https:\/\/grupnexus.com\/es\/nuestro-equipo-1\/direccion\/\" \/>\n<meta property=\"og:site_name\" content=\"Cl\u00ednica Nexus\" \/>\n<meta property=\"article:modified_time\" content=\"2016-09-19T15:07:36+00:00\" \/>\n<meta property=\"og:image\" content=\"https:\/\/grupnexus.com\/wp-content\/uploads\/gerencia-459x318.jpg\" \/>\n<meta name=\"twitter:card\" content=\"summary\" \/>\n<meta name=\"twitter:label1\" content=\"Tiempo de lectura\" \/>\n\t<meta name=\"twitter:data1\" content=\"2 minutos\" \/>\n<script type=\"application\/ld+json\" class=\"yoast-schema-graph\">{\"@context\":\"https:\/\/schema.org\",\"@graph\":[{\"@type\":\"WebSite\",\"@id\":\"https:\/\/grupnexus.com\/es\/#website\",\"url\":\"https:\/\/grupnexus.com\/es\/\",\"name\":\"Cl\u00ednica Nexus\",\"description\":\"L\u00edders en Medicina Est\u00e8tica Avan\u00e7ada\",\"potentialAction\":[{\"@type\":\"SearchAction\",\"target\":{\"@type\":\"EntryPoint\",\"urlTemplate\":\"https:\/\/grupnexus.com\/es\/?s={search_term_string}\"},\"query-input\":\"required name=search_term_string\"}],\"inLanguage\":\"es\"},{\"@type\":\"ImageObject\",\"@id\":\"https:\/\/grupnexus.com\/es\/nuestro-equipo-1\/direccion\/#primaryimage\",\"inLanguage\":\"es\",\"url\":\"https:\/\/grupnexus.com\/wp-content\/uploads\/gerencia-459x318.jpg\",\"contentUrl\":\"https:\/\/grupnexus.com\/wp-content\/uploads\/gerencia-459x318.jpg\"},{\"@type\":\"WebPage\",\"@id\":\"https:\/\/grupnexus.com\/es\/nuestro-equipo-1\/direccion\/#webpage\",\"url\":\"https:\/\/grupnexus.com\/es\/nuestro-equipo-1\/direccion\/\",\"name\":\"Direcci\u00f3n - Cl\u00ednica Nexus\",\"isPartOf\":{\"@id\":\"https:\/\/grupnexus.com\/es\/#website\"},\"primaryImageOfPage\":{\"@id\":\"https:\/\/grupnexus.com\/es\/nuestro-equipo-1\/direccion\/#primaryimage\"},\"datePublished\":\"2015-01-21T07:11:56+00:00\",\"dateModified\":\"2016-09-19T15:07:36+00:00\",\"breadcrumb\":{\"@id\":\"https:\/\/grupnexus.com\/es\/nuestro-equipo-1\/direccion\/#breadcrumb\"},\"inLanguage\":\"es\",\"potentialAction\":[{\"@type\":\"ReadAction\",\"target\":[\"https:\/\/grupnexus.com\/es\/nuestro-equipo-1\/direccion\/\"]}]},{\"@type\":\"BreadcrumbList\",\"@id\":\"https:\/\/grupnexus.com\/es\/nuestro-equipo-1\/direccion\/#breadcrumb\",\"itemListElement\":[{\"@type\":\"ListItem\",\"position\":1,\"name\":\"Portada\",\"item\":\"https:\/\/grupnexus.com\/es\/\"},{\"@type\":\"ListItem\",\"position\":2,\"name\":\"Nuestro equipo\",\"item\":\"https:\/\/grupnexus.com\/es\/?page_id=942\"},{\"@type\":\"ListItem\",\"position\":3,\"name\":\"Direcci\u00f3n\"}]}]}<\/script>\n<!-- \/ Yoast SEO plugin. -->","yoast_head_json":{"title":"Direcci\u00f3n - Cl\u00ednica Nexus","robots":{"index":"index","follow":"follow","max-snippet":"max-snippet:-1","max-image-preview":"max-image-preview:large","max-video-preview":"max-video-preview:-1"},"canonical":"https:\/\/grupnexus.com\/es\/nuestro-equipo-1\/direccion\/","og_locale":"es_ES","og_type":"article","og_title":"Direcci\u00f3n - Cl\u00ednica Nexus","og_description":"Dr. Samuel Pin\u00f3s Fundador y Director M\u00e9dico Licenciado en Medicina y Cirug\u00eda Especialista Universitario en Medicina Est\u00e9tica M\u00e1ster Universitario en Medicina Est\u00e9tica M\u00e1ster en Medicina Est\u00e9tica por la Escuela Espa\u00f1ola de Medicina Est\u00e9tica M\u00e1ster en Liposcultura M\u00e1ster en L\u00e1ser M\u00e9dico-Quir\u00fargico y Medicina Fot\u00f3nica Miembro numerario de la Sociedad Espa\u00f1ola y Francesa de Medicina Est\u00e9tica Miembro...","og_url":"https:\/\/grupnexus.com\/es\/nuestro-equipo-1\/direccion\/","og_site_name":"Cl\u00ednica Nexus","article_modified_time":"2016-09-19T15:07:36+00:00","og_image":[{"url":"https:\/\/grupnexus.com\/wp-content\/uploads\/gerencia-459x318.jpg"}],"twitter_card":"summary","twitter_misc":{"Tiempo de lectura":"2 minutos"},"schema":{"@context":"https:\/\/schema.org","@graph":[{"@type":"WebSite","@id":"https:\/\/grupnexus.com\/es\/#website","url":"https:\/\/grupnexus.com\/es\/","name":"Cl\u00ednica Nexus","description":"L\u00edders en Medicina Est\u00e8tica Avan\u00e7ada","potentialAction":[{"@type":"SearchAction","target":{"@type":"EntryPoint","urlTemplate":"https:\/\/grupnexus.com\/es\/?s={search_term_string}"},"query-input":"required name=search_term_string"}],"inLanguage":"es"},{"@type":"ImageObject","@id":"https:\/\/grupnexus.com\/es\/nuestro-equipo-1\/direccion\/#primaryimage","inLanguage":"es","url":"https:\/\/grupnexus.com\/wp-content\/uploads\/gerencia-459x318.jpg","contentUrl":"https:\/\/grupnexus.com\/wp-content\/uploads\/gerencia-459x318.jpg"},{"@type":"WebPage","@id":"https:\/\/grupnexus.com\/es\/nuestro-equipo-1\/direccion\/#webpage","url":"https:\/\/grupnexus.com\/es\/nuestro-equipo-1\/direccion\/","name":"Direcci\u00f3n - Cl\u00ednica Nexus","isPartOf":{"@id":"https:\/\/grupnexus.com\/es\/#website"},"primaryImageOfPage":{"@id":"https:\/\/grupnexus.com\/es\/nuestro-equipo-1\/direccion\/#primaryimage"},"datePublished":"2015-01-21T07:11:56+00:00","dateModified":"2016-09-19T15:07:36+00:00","breadcrumb":{"@id":"https:\/\/grupnexus.com\/es\/nuestro-equipo-1\/direccion\/#breadcrumb"},"inLanguage":"es","potentialAction":[{"@type":"ReadAction","target":["https:\/\/grupnexus.com\/es\/nuestro-equipo-1\/direccion\/"]}]},{"@type":"BreadcrumbList","@id":"https:\/\/grupnexus.com\/es\/nuestro-equipo-1\/direccion\/#breadcrumb","itemListElement":[{"@type":"ListItem","position":1,"name":"Portada","item":"https:\/\/grupnexus.com\/es\/"},{"@type":"ListItem","position":2,"name":"Nuestro equipo","item":"https:\/\/grupnexus.com\/es\/?page_id=942"},{"@type":"ListItem","position":3,"name":"Direcci\u00f3n"}]}]}},"_links":{"self":[{"href":"https:\/\/grupnexus.com\/es\/wp-json\/wp\/v2\/pages\/945"}],"collection":[{"href":"https:\/\/grupnexus.com\/es\/wp-json\/wp\/v2\/pages"}],"about":[{"href":"https:\/\/grupnexus.com\/es\/wp-json\/wp\/v2\/types\/page"}],"author":[{"embeddable":true,"href":"https:\/\/grupnexus.com\/es\/wp-json\/wp\/v2\/users\/5"}],"replies":[{"embeddable":true,"href":"https:\/\/grupnexus.com\/es\/wp-json\/wp\/v2\/comments?post=945"}],"version-history":[{"count":0,"href":"https:\/\/grupnexus.com\/es\/wp-json\/wp\/v2\/pages\/945\/revisions"}],"up":[{"embeddable":true,"href":"https:\/\/grupnexus.com\/es\/wp-json\/wp\/v2\/pages\/942"}],"wp:attachment":[{"href":"https:\/\/grupnexus.com\/es\/wp-json\/wp\/v2\/media?parent=945"}],"curies":[{"name":"wp","href":"https:\/\/api.w.org\/{rel}","templated":true}]}}