{"id":966,"date":"2015-02-05T08:27:09","date_gmt":"2015-02-05T07:27:09","guid":{"rendered":"http:\/\/www.grupnexus.com\/grup-nexus\/els-nostres-centres\/centres-col%c2%b7laboradors\/"},"modified":"2016-01-21T14:24:50","modified_gmt":"2016-01-21T12:24:50","slug":"centros-colaboradores","status":"publish","type":"page","link":"https:\/\/grupnexus.com\/es\/grupo-nexus\/nuestros-centros\/centros-colaboradores\/","title":{"rendered":"Centros colaboradores"},"content":{"rendered":"<div class=\"row \"><div class=\"wpv-grid grid-1-1  wpv-first-level first unextended\" style=\"padding-top:0px;padding-bottom:0px\" id=\"wpv-column-ed3792b4eae06b87cf55dcaaf51ab9cb\" ><p><object width=\"700\" height=\"600\" classid=\"clsid:d27cdb6e-ae6d-11cf-96b8-444553540000\" codebase=\"http:\/\/download.macromedia.com\/pub\/shockwave\/cabs\/flash\/swflash.cab#version=6,0,40,0\"><param name=\"quality\" value=\"best\"><param name=\"play\" value=\"true\"><param name=\"src\" value=\"https:\/\/grupnexus.com\/wp-content\/themes\/GrupNexus\/swf\/colaboradors.swf\"><param name=\"pluginspage\" value=\"http:\/\/www.macromedia.com\/go\/getflashplayer\"><embed type=\"application\/x-shockwave-flash\" src=\"\/wp-content\/themes\/GrupNexus\/swf\/colaboradors.swf\" quality=\"best\" play=\"true\" pluginspage=\"http:\/\/www.macromedia.com\/go\/getflashplayer\" height=\"600\" width=\"700\"><\/object><\/p>\n<p><strong><br \/>\nNexus<\/strong> dispone de m\u00e1s de 100 centros colaboradores en toda Catalu\u00f1a y Arag\u00f3n.<\/p>\n<p><strong>Nexus Biom\u00e8dic<\/strong> dispone de m\u00e1s de 10 equipos m\u00e9dicos para practicar la fotodepilaci\u00f3n l\u00e1ser m\u00e1s avanzada y adaptada a cada tipo de piel y pelo, garantizando, as\u00ed, la m\u00e1xima eficacia.<\/p>\n<p>Si te interesa ser un centro colaborador de Nexus, ponte en <a href=\"https:\/\/grupnexus.com\/es\/contacta-con-nosotros\/\">contacto <\/a>con nosotros.<\/div><\/div>\n<div class=\"sep\"><\/div>\n","protected":false},"excerpt":{"rendered":"<p>Nexus dispone de m\u00e1s de 100 centros colaboradores en toda Catalu\u00f1a y Arag\u00f3n. Nexus Biom\u00e8dic dispone de m\u00e1s de 10 equipos m\u00e9dicos para practicar la fotodepilaci\u00f3n l\u00e1ser m\u00e1s avanzada y adaptada a cada tipo de piel y pelo, garantizando, as\u00ed, la m\u00e1xima eficacia. Si te interesa ser un centro colaborador de Nexus, ponte en contacto&#8230;<\/p>\n","protected":false},"author":5,"featured_media":0,"parent":965,"menu_order":0,"comment_status":"closed","ping_status":"closed","template":"","meta":[],"yoast_head":"<!-- This site is optimized with the Yoast SEO plugin v18.6 - https:\/\/yoast.com\/wordpress\/plugins\/seo\/ -->\n<title>Centros colaboradores - Cl\u00ednica Nexus<\/title>\n<meta name=\"robots\" content=\"index, follow, max-snippet:-1, max-image-preview:large, max-video-preview:-1\" \/>\n<link rel=\"canonical\" href=\"https:\/\/grupnexus.com\/es\/grupo-nexus\/nuestros-centros\/centros-colaboradores\/\" \/>\n<meta property=\"og:locale\" content=\"es_ES\" \/>\n<meta property=\"og:type\" content=\"article\" \/>\n<meta property=\"og:title\" content=\"Centros colaboradores - Cl\u00ednica Nexus\" \/>\n<meta property=\"og:description\" content=\"Nexus dispone de m\u00e1s de 100 centros colaboradores en toda Catalu\u00f1a y Arag\u00f3n. Nexus Biom\u00e8dic dispone de m\u00e1s de 10 equipos m\u00e9dicos para practicar la fotodepilaci\u00f3n l\u00e1ser m\u00e1s avanzada y adaptada a cada tipo de piel y pelo, garantizando, as\u00ed, la m\u00e1xima eficacia. Si te interesa ser un centro colaborador de Nexus, ponte en contacto...\" \/>\n<meta property=\"og:url\" content=\"https:\/\/grupnexus.com\/es\/grupo-nexus\/nuestros-centros\/centros-colaboradores\/\" \/>\n<meta property=\"og:site_name\" content=\"Cl\u00ednica Nexus\" \/>\n<meta property=\"article:modified_time\" content=\"2016-01-21T12:24:50+00:00\" \/>\n<meta name=\"twitter:card\" content=\"summary\" \/>\n<meta name=\"twitter:label1\" content=\"Tiempo de lectura\" \/>\n\t<meta name=\"twitter:data1\" content=\"1 minuto\" \/>\n<script type=\"application\/ld+json\" class=\"yoast-schema-graph\">{\"@context\":\"https:\/\/schema.org\",\"@graph\":[{\"@type\":\"WebSite\",\"@id\":\"https:\/\/grupnexus.com\/es\/#website\",\"url\":\"https:\/\/grupnexus.com\/es\/\",\"name\":\"Cl\u00ednica Nexus\",\"description\":\"L\u00edders en Medicina Est\u00e8tica Avan\u00e7ada\",\"potentialAction\":[{\"@type\":\"SearchAction\",\"target\":{\"@type\":\"EntryPoint\",\"urlTemplate\":\"https:\/\/grupnexus.com\/es\/?s={search_term_string}\"},\"query-input\":\"required name=search_term_string\"}],\"inLanguage\":\"es\"},{\"@type\":\"WebPage\",\"@id\":\"https:\/\/grupnexus.com\/es\/grupo-nexus\/nuestros-centros\/centros-colaboradores\/#webpage\",\"url\":\"https:\/\/grupnexus.com\/es\/grupo-nexus\/nuestros-centros\/centros-colaboradores\/\",\"name\":\"Centros colaboradores - Cl\u00ednica Nexus\",\"isPartOf\":{\"@id\":\"https:\/\/grupnexus.com\/es\/#website\"},\"datePublished\":\"2015-02-05T07:27:09+00:00\",\"dateModified\":\"2016-01-21T12:24:50+00:00\",\"breadcrumb\":{\"@id\":\"https:\/\/grupnexus.com\/es\/grupo-nexus\/nuestros-centros\/centros-colaboradores\/#breadcrumb\"},\"inLanguage\":\"es\",\"potentialAction\":[{\"@type\":\"ReadAction\",\"target\":[\"https:\/\/grupnexus.com\/es\/grupo-nexus\/nuestros-centros\/centros-colaboradores\/\"]}]},{\"@type\":\"BreadcrumbList\",\"@id\":\"https:\/\/grupnexus.com\/es\/grupo-nexus\/nuestros-centros\/centros-colaboradores\/#breadcrumb\",\"itemListElement\":[{\"@type\":\"ListItem\",\"position\":1,\"name\":\"Portada\",\"item\":\"https:\/\/grupnexus.com\/es\/\"},{\"@type\":\"ListItem\",\"position\":2,\"name\":\"Grupo Nexus\",\"item\":\"https:\/\/grupnexus.com\/es\/grupo-nexus\/\"},{\"@type\":\"ListItem\",\"position\":3,\"name\":\"Nuestros centros\",\"item\":\"https:\/\/grupnexus.com\/es\/grupo-nexus\/nuestros-centros\/\"},{\"@type\":\"ListItem\",\"position\":4,\"name\":\"Centros colaboradores\"}]}]}<\/script>\n<!-- \/ Yoast SEO plugin. -->","yoast_head_json":{"title":"Centros colaboradores - Cl\u00ednica Nexus","robots":{"index":"index","follow":"follow","max-snippet":"max-snippet:-1","max-image-preview":"max-image-preview:large","max-video-preview":"max-video-preview:-1"},"canonical":"https:\/\/grupnexus.com\/es\/grupo-nexus\/nuestros-centros\/centros-colaboradores\/","og_locale":"es_ES","og_type":"article","og_title":"Centros colaboradores - Cl\u00ednica Nexus","og_description":"Nexus dispone de m\u00e1s de 100 centros colaboradores en toda Catalu\u00f1a y Arag\u00f3n. Nexus Biom\u00e8dic dispone de m\u00e1s de 10 equipos m\u00e9dicos para practicar la fotodepilaci\u00f3n l\u00e1ser m\u00e1s avanzada y adaptada a cada tipo de piel y pelo, garantizando, as\u00ed, la m\u00e1xima eficacia. Si te interesa ser un centro colaborador de Nexus, ponte en contacto...","og_url":"https:\/\/grupnexus.com\/es\/grupo-nexus\/nuestros-centros\/centros-colaboradores\/","og_site_name":"Cl\u00ednica Nexus","article_modified_time":"2016-01-21T12:24:50+00:00","twitter_card":"summary","twitter_misc":{"Tiempo de lectura":"1 minuto"},"schema":{"@context":"https:\/\/schema.org","@graph":[{"@type":"WebSite","@id":"https:\/\/grupnexus.com\/es\/#website","url":"https:\/\/grupnexus.com\/es\/","name":"Cl\u00ednica Nexus","description":"L\u00edders en Medicina Est\u00e8tica Avan\u00e7ada","potentialAction":[{"@type":"SearchAction","target":{"@type":"EntryPoint","urlTemplate":"https:\/\/grupnexus.com\/es\/?s={search_term_string}"},"query-input":"required name=search_term_string"}],"inLanguage":"es"},{"@type":"WebPage","@id":"https:\/\/grupnexus.com\/es\/grupo-nexus\/nuestros-centros\/centros-colaboradores\/#webpage","url":"https:\/\/grupnexus.com\/es\/grupo-nexus\/nuestros-centros\/centros-colaboradores\/","name":"Centros colaboradores - Cl\u00ednica Nexus","isPartOf":{"@id":"https:\/\/grupnexus.com\/es\/#website"},"datePublished":"2015-02-05T07:27:09+00:00","dateModified":"2016-01-21T12:24:50+00:00","breadcrumb":{"@id":"https:\/\/grupnexus.com\/es\/grupo-nexus\/nuestros-centros\/centros-colaboradores\/#breadcrumb"},"inLanguage":"es","potentialAction":[{"@type":"ReadAction","target":["https:\/\/grupnexus.com\/es\/grupo-nexus\/nuestros-centros\/centros-colaboradores\/"]}]},{"@type":"BreadcrumbList","@id":"https:\/\/grupnexus.com\/es\/grupo-nexus\/nuestros-centros\/centros-colaboradores\/#breadcrumb","itemListElement":[{"@type":"ListItem","position":1,"name":"Portada","item":"https:\/\/grupnexus.com\/es\/"},{"@type":"ListItem","position":2,"name":"Grupo Nexus","item":"https:\/\/grupnexus.com\/es\/grupo-nexus\/"},{"@type":"ListItem","position":3,"name":"Nuestros centros","item":"https:\/\/grupnexus.com\/es\/grupo-nexus\/nuestros-centros\/"},{"@type":"ListItem","position":4,"name":"Centros colaboradores"}]}]}},"_links":{"self":[{"href":"https:\/\/grupnexus.com\/es\/wp-json\/wp\/v2\/pages\/966"}],"collection":[{"href":"https:\/\/grupnexus.com\/es\/wp-json\/wp\/v2\/pages"}],"about":[{"href":"https:\/\/grupnexus.com\/es\/wp-json\/wp\/v2\/types\/page"}],"author":[{"embeddable":true,"href":"https:\/\/grupnexus.com\/es\/wp-json\/wp\/v2\/users\/5"}],"replies":[{"embeddable":true,"href":"https:\/\/grupnexus.com\/es\/wp-json\/wp\/v2\/comments?post=966"}],"version-history":[{"count":0,"href":"https:\/\/grupnexus.com\/es\/wp-json\/wp\/v2\/pages\/966\/revisions"}],"up":[{"embeddable":true,"href":"https:\/\/grupnexus.com\/es\/wp-json\/wp\/v2\/pages\/965"}],"wp:attachment":[{"href":"https:\/\/grupnexus.com\/es\/wp-json\/wp\/v2\/media?parent=966"}],"curies":[{"name":"wp","href":"https:\/\/api.w.org\/{rel}","templated":true}]}}