{"id":967,"date":"2015-02-05T08:27:38","date_gmt":"2015-02-05T07:27:38","guid":{"rendered":"http:\/\/www.grupnexus.com\/grup-nexus\/els-nostres-centres\/franquicies-neos-cambrils\/"},"modified":"2016-01-22T02:23:36","modified_gmt":"2016-01-22T00:23:36","slug":"franquicias-neos","status":"publish","type":"page","link":"https:\/\/grupnexus.com\/es\/grupo-nexus\/nuestros-centros\/franquicias-neos\/","title":{"rendered":"Franquicias Neos"},"content":{"rendered":"<div class=\"row \"><div class=\"wpv-grid grid-1-1  wpv-first-level first unextended\" style=\"padding-top:0px;padding-bottom:0px\" id=\"wpv-column-e1e9f0f0f65aebe2bbb372d2c1eb1d70\" ><p>\r\n\t\t\t\t\t\n\r\n\t\t\t\t\t<!-- START UNITE GALLERY 1.7.45 -->\r\n\t\t\t\t\t\r\n\t\t\t\t\n\t\t\t<div id='unitegallery_3_1' class='unite-gallery' style='margin:0px auto;'>\n\t\t\t\t\n\n\t\t\t\t\t\t<img alt=\"NeosCambrils_01\"\n\t\t\t\t\t\t     src=\"\" data-image=\"https:\/\/grupnexus.com\/wp-content\/uploads\/NeosCambrils_01.jpg\"\n\t\t\t\t\t\t     data-thumb=\"https:\/\/grupnexus.com\/wp-content\/uploads\/NeosCambrils_01-300x225.jpg\"\n\t\t\t\t\t\t     title=\"\"\n\t\t\t\t\t\t     style=\"display:none\">\n\n\t\t\t\t\t\t<img alt=\"NeosCambrils_02\"\n\t\t\t\t\t\t     src=\"\" data-image=\"https:\/\/grupnexus.com\/wp-content\/uploads\/NeosCambrils_02.jpg\"\n\t\t\t\t\t\t     data-thumb=\"https:\/\/grupnexus.com\/wp-content\/uploads\/NeosCambrils_02-300x225.jpg\"\n\t\t\t\t\t\t     title=\"\"\n\t\t\t\t\t\t     style=\"display:none\">\n\n\t\t\t\t\t\t<img alt=\"NeosCambrils_03\"\n\t\t\t\t\t\t     src=\"\" data-image=\"https:\/\/grupnexus.com\/wp-content\/uploads\/NeosCambrils_03.jpg\"\n\t\t\t\t\t\t     data-thumb=\"https:\/\/grupnexus.com\/wp-content\/uploads\/NeosCambrils_03-300x225.jpg\"\n\t\t\t\t\t\t     title=\"\"\n\t\t\t\t\t\t     style=\"display:none\">\n\n\t\t\t\t\t\t<img alt=\"NeosCambrils_04\"\n\t\t\t\t\t\t     src=\"\" data-image=\"https:\/\/grupnexus.com\/wp-content\/uploads\/NeosCambrils_04.jpg\"\n\t\t\t\t\t\t     data-thumb=\"https:\/\/grupnexus.com\/wp-content\/uploads\/NeosCambrils_04-300x225.jpg\"\n\t\t\t\t\t\t     title=\"\"\n\t\t\t\t\t\t     style=\"display:none\">\n\n\t\t\t\t\t\t<img alt=\"NeosCambrils_05\"\n\t\t\t\t\t\t     src=\"\" data-image=\"https:\/\/grupnexus.com\/wp-content\/uploads\/NeosCambrils_05.jpg\"\n\t\t\t\t\t\t     data-thumb=\"https:\/\/grupnexus.com\/wp-content\/uploads\/NeosCambrils_05-300x225.jpg\"\n\t\t\t\t\t\t     title=\"\"\n\t\t\t\t\t\t     style=\"display:none\">\n\n\t\t\t\t\t\t<img alt=\"NeosCambrils_06\"\n\t\t\t\t\t\t     src=\"\" data-image=\"https:\/\/grupnexus.com\/wp-content\/uploads\/NeosCambrils_06.jpg\"\n\t\t\t\t\t\t     data-thumb=\"https:\/\/grupnexus.com\/wp-content\/uploads\/NeosCambrils_06-300x225.jpg\"\n\t\t\t\t\t\t     title=\"\"\n\t\t\t\t\t\t     style=\"display:none\">\n\n\t\t\t\t\t\t<img alt=\"NeosCambrils_07\"\n\t\t\t\t\t\t     src=\"\" data-image=\"https:\/\/grupnexus.com\/wp-content\/uploads\/NeosCambrils_07.jpg\"\n\t\t\t\t\t\t     data-thumb=\"https:\/\/grupnexus.com\/wp-content\/uploads\/NeosCambrils_07-300x225.jpg\"\n\t\t\t\t\t\t     title=\"\"\n\t\t\t\t\t\t     style=\"display:none\">\n\n\t\t\t\t\t\t<img alt=\"NeosCambrils_08\"\n\t\t\t\t\t\t     src=\"\" data-image=\"https:\/\/grupnexus.com\/wp-content\/uploads\/NeosCambrils_08.jpg\"\n\t\t\t\t\t\t     data-thumb=\"https:\/\/grupnexus.com\/wp-content\/uploads\/NeosCambrils_08-300x225.jpg\"\n\t\t\t\t\t\t     title=\"\"\n\t\t\t\t\t\t     style=\"display:none\">\n\n\t\t\t\t\t\t<img alt=\"NeosCambrils_09\"\n\t\t\t\t\t\t     src=\"\" data-image=\"https:\/\/grupnexus.com\/wp-content\/uploads\/NeosCambrils_09.jpg\"\n\t\t\t\t\t\t     data-thumb=\"https:\/\/grupnexus.com\/wp-content\/uploads\/NeosCambrils_09-225x300.jpg\"\n\t\t\t\t\t\t     title=\"\"\n\t\t\t\t\t\t     style=\"display:none\">\n\n\t\t\t\t\t\t<img alt=\"NeosCambrils_10\"\n\t\t\t\t\t\t     src=\"\" data-image=\"https:\/\/grupnexus.com\/wp-content\/uploads\/NeosCambrils_10.jpg\"\n\t\t\t\t\t\t     data-thumb=\"https:\/\/grupnexus.com\/wp-content\/uploads\/NeosCambrils_10-300x225.jpg\"\n\t\t\t\t\t\t     title=\"\"\n\t\t\t\t\t\t     style=\"display:none\">\n\n\t\t\t\t\t\t<img alt=\"NeosCambrils_11\"\n\t\t\t\t\t\t     src=\"\" data-image=\"https:\/\/grupnexus.com\/wp-content\/uploads\/NeosCambrils_11.jpg\"\n\t\t\t\t\t\t     data-thumb=\"https:\/\/grupnexus.com\/wp-content\/uploads\/NeosCambrils_11-300x225.jpg\"\n\t\t\t\t\t\t     title=\"\"\n\t\t\t\t\t\t     style=\"display:none\">\n\t\t\t<\/div>\n\n\t\t\t<script type='text\/javascript'>\n\t\t\t\twindow.onload = function(e) {\n\t\t\t\t\tif(typeof ugCheckForErrors == \"undefined\"){\n\t\t\t\t\t\tdocument.getElementById(\"unitegallery_3_1\").innerHTML = \"<span style='color:red'>Unite Gallery Error - gallery js and css files not included in the footer. Please make sure that wp_footer() function is added to your theme.<\/span>\";}\n\t\t\t\t\telse{ ugCheckForErrors(\"unitegallery_3_1\", \"jquery\");}\n\t\t\t\t};\n\t\t\t<\/script>\n\n\t\t\t<!-- END UNITEGALLERY --><\/div><\/div>\n<div class=\"sep\"><\/div>\n<div class=\"row \"><div class=\"wpv-grid grid-1-1  wpv-first-level first unextended\" style=\"padding-top:0px;padding-bottom:0px\" id=\"wpv-column-a7e9c2dbbd920bda5f89ef4a8cd76ad7\" ><h3><strong>Origen Neos<\/strong><\/h3>\n<p>Neos es el concepto franquiciable de Nexus, el centro m\u00e9dico est\u00e9tico integral l\u00edder y de referencia en la provincia de Lleida, Catalu\u00f1a y Arag\u00f3n, que cuenta ya con 12 a\u00f1os de experiencia en el sector.<\/p>\n<p>Desde 1996, Nexus Bioest\u00e8tic y Biom\u00e8dic re\u00fane el m\u00e1s amplio conjunto de tratamientos en Medicina Est\u00e9tica, Biol\u00f3gica y Antienvejecimiento con las t\u00e9cnicas m\u00e1s innovadoras, avanzadas y de eficacia probada; y todo ello bajo una continua supervisi\u00f3n m\u00e9dica calificada y profesional.<\/p>\n<p>El eje principal de Nexus yace en la seguridad m\u00e9dica y el bienestar del paciente. Esta forma de entender la Est\u00e9tica es la que confiere diferenciaci\u00f3n y valor a\u00f1adido a Nexus, y esta es la esencia que se quiere mantener tambi\u00e9n en las franquicias Neos.<\/p>\n<p>Por tanto, los principales valores de Nexus y de Neos son:<\/p>\n<ul>\n<li>La seguridad m\u00e9dica por encima de todo.<\/li>\n<li>Velar por el bienestar y la salud de los pacientes.<\/li>\n<li>El trato cercano y personalizado.<\/li>\n<li>La profesionalidad de las personas que forman Nexus \/ Neos .<\/li>\n<li>La tecnolog\u00eda m\u00e1s avanzada y su renovaci\u00f3n constante.<\/li>\n<\/ul>\n<div class=\"push\" style='height:20px'><\/div>\n<h3>Neos<\/h3>\n<p>La salud en el \u00e1rea m\u00e9dica a menudo se define como la capacidad de responder eficientemente a los retos y la capacidad de restaurar y mantener un estado de balance, equilibrio, conocido como \u201chomeostasis\u201d, completo bienestar f\u00edsico, mental y social.<\/p>\n<p>Neos es un centro que defiende este concepto y busca la belleza de la persona, pero siempre de una forma saludable.<\/p>\n<h3>Belleza con garant\u00eda m\u00e9dica<\/h3>\n<p>Un \u201cbaseline\u201d que nos define y desmarca del resto de posibles competidores es que no cuentan con un gabinete m\u00e9dico personal. Este nos aporta la confianza que buscamos en este centro est\u00e9tico.<\/div><\/div>\n<div class=\"sep\"><\/div>\n","protected":false},"excerpt":{"rendered":"<p>Origen Neos Neos es el concepto franquiciable de Nexus, el centro m\u00e9dico est\u00e9tico integral l\u00edder y de referencia en la provincia de Lleida, Catalu\u00f1a y Arag\u00f3n, que cuenta ya con 12 a\u00f1os de experiencia en el sector. Desde 1996, Nexus Bioest\u00e8tic y Biom\u00e8dic re\u00fane el m\u00e1s amplio conjunto de tratamientos en Medicina Est\u00e9tica, Biol\u00f3gica y&#8230;<\/p>\n","protected":false},"author":5,"featured_media":0,"parent":965,"menu_order":0,"comment_status":"closed","ping_status":"closed","template":"","meta":[],"yoast_head":"<!-- This site is optimized with the Yoast SEO plugin v18.6 - https:\/\/yoast.com\/wordpress\/plugins\/seo\/ -->\n<title>Franquicias Neos - Cl\u00ednica Nexus<\/title>\n<meta name=\"robots\" content=\"index, follow, max-snippet:-1, max-image-preview:large, max-video-preview:-1\" \/>\n<link rel=\"canonical\" href=\"https:\/\/grupnexus.com\/es\/grupo-nexus\/nuestros-centros\/franquicias-neos\/\" \/>\n<meta property=\"og:locale\" content=\"es_ES\" \/>\n<meta property=\"og:type\" content=\"article\" \/>\n<meta property=\"og:title\" content=\"Franquicias Neos - Cl\u00ednica Nexus\" \/>\n<meta property=\"og:description\" content=\"Origen Neos Neos es el concepto franquiciable de Nexus, el centro m\u00e9dico est\u00e9tico integral l\u00edder y de referencia en la provincia de Lleida, Catalu\u00f1a y Arag\u00f3n, que cuenta ya con 12 a\u00f1os de experiencia en el sector. Desde 1996, Nexus Bioest\u00e8tic y Biom\u00e8dic re\u00fane el m\u00e1s amplio conjunto de tratamientos en Medicina Est\u00e9tica, Biol\u00f3gica y...\" \/>\n<meta property=\"og:url\" content=\"https:\/\/grupnexus.com\/es\/grupo-nexus\/nuestros-centros\/franquicias-neos\/\" \/>\n<meta property=\"og:site_name\" content=\"Cl\u00ednica Nexus\" \/>\n<meta property=\"article:modified_time\" content=\"2016-01-22T00:23:36+00:00\" \/>\n<meta name=\"twitter:card\" content=\"summary\" \/>\n<meta name=\"twitter:label1\" content=\"Tiempo de lectura\" \/>\n\t<meta name=\"twitter:data1\" content=\"2 minutos\" \/>\n<script type=\"application\/ld+json\" class=\"yoast-schema-graph\">{\"@context\":\"https:\/\/schema.org\",\"@graph\":[{\"@type\":\"WebSite\",\"@id\":\"https:\/\/grupnexus.com\/es\/#website\",\"url\":\"https:\/\/grupnexus.com\/es\/\",\"name\":\"Cl\u00ednica Nexus\",\"description\":\"L\u00edders en Medicina Est\u00e8tica Avan\u00e7ada\",\"potentialAction\":[{\"@type\":\"SearchAction\",\"target\":{\"@type\":\"EntryPoint\",\"urlTemplate\":\"https:\/\/grupnexus.com\/es\/?s={search_term_string}\"},\"query-input\":\"required name=search_term_string\"}],\"inLanguage\":\"es\"},{\"@type\":\"WebPage\",\"@id\":\"https:\/\/grupnexus.com\/es\/grupo-nexus\/nuestros-centros\/franquicias-neos\/#webpage\",\"url\":\"https:\/\/grupnexus.com\/es\/grupo-nexus\/nuestros-centros\/franquicias-neos\/\",\"name\":\"Franquicias Neos - Cl\u00ednica Nexus\",\"isPartOf\":{\"@id\":\"https:\/\/grupnexus.com\/es\/#website\"},\"datePublished\":\"2015-02-05T07:27:38+00:00\",\"dateModified\":\"2016-01-22T00:23:36+00:00\",\"breadcrumb\":{\"@id\":\"https:\/\/grupnexus.com\/es\/grupo-nexus\/nuestros-centros\/franquicias-neos\/#breadcrumb\"},\"inLanguage\":\"es\",\"potentialAction\":[{\"@type\":\"ReadAction\",\"target\":[\"https:\/\/grupnexus.com\/es\/grupo-nexus\/nuestros-centros\/franquicias-neos\/\"]}]},{\"@type\":\"BreadcrumbList\",\"@id\":\"https:\/\/grupnexus.com\/es\/grupo-nexus\/nuestros-centros\/franquicias-neos\/#breadcrumb\",\"itemListElement\":[{\"@type\":\"ListItem\",\"position\":1,\"name\":\"Portada\",\"item\":\"https:\/\/grupnexus.com\/es\/\"},{\"@type\":\"ListItem\",\"position\":2,\"name\":\"Grupo Nexus\",\"item\":\"https:\/\/grupnexus.com\/es\/grupo-nexus\/\"},{\"@type\":\"ListItem\",\"position\":3,\"name\":\"Nuestros centros\",\"item\":\"https:\/\/grupnexus.com\/es\/grupo-nexus\/nuestros-centros\/\"},{\"@type\":\"ListItem\",\"position\":4,\"name\":\"Franquicias Neos\"}]}]}<\/script>\n<!-- \/ Yoast SEO plugin. -->","yoast_head_json":{"title":"Franquicias Neos - Cl\u00ednica Nexus","robots":{"index":"index","follow":"follow","max-snippet":"max-snippet:-1","max-image-preview":"max-image-preview:large","max-video-preview":"max-video-preview:-1"},"canonical":"https:\/\/grupnexus.com\/es\/grupo-nexus\/nuestros-centros\/franquicias-neos\/","og_locale":"es_ES","og_type":"article","og_title":"Franquicias Neos - Cl\u00ednica Nexus","og_description":"Origen Neos Neos es el concepto franquiciable de Nexus, el centro m\u00e9dico est\u00e9tico integral l\u00edder y de referencia en la provincia de Lleida, Catalu\u00f1a y Arag\u00f3n, que cuenta ya con 12 a\u00f1os de experiencia en el sector. Desde 1996, Nexus Bioest\u00e8tic y Biom\u00e8dic re\u00fane el m\u00e1s amplio conjunto de tratamientos en Medicina Est\u00e9tica, Biol\u00f3gica y...","og_url":"https:\/\/grupnexus.com\/es\/grupo-nexus\/nuestros-centros\/franquicias-neos\/","og_site_name":"Cl\u00ednica Nexus","article_modified_time":"2016-01-22T00:23:36+00:00","twitter_card":"summary","twitter_misc":{"Tiempo de lectura":"2 minutos"},"schema":{"@context":"https:\/\/schema.org","@graph":[{"@type":"WebSite","@id":"https:\/\/grupnexus.com\/es\/#website","url":"https:\/\/grupnexus.com\/es\/","name":"Cl\u00ednica Nexus","description":"L\u00edders en Medicina Est\u00e8tica Avan\u00e7ada","potentialAction":[{"@type":"SearchAction","target":{"@type":"EntryPoint","urlTemplate":"https:\/\/grupnexus.com\/es\/?s={search_term_string}"},"query-input":"required name=search_term_string"}],"inLanguage":"es"},{"@type":"WebPage","@id":"https:\/\/grupnexus.com\/es\/grupo-nexus\/nuestros-centros\/franquicias-neos\/#webpage","url":"https:\/\/grupnexus.com\/es\/grupo-nexus\/nuestros-centros\/franquicias-neos\/","name":"Franquicias Neos - Cl\u00ednica Nexus","isPartOf":{"@id":"https:\/\/grupnexus.com\/es\/#website"},"datePublished":"2015-02-05T07:27:38+00:00","dateModified":"2016-01-22T00:23:36+00:00","breadcrumb":{"@id":"https:\/\/grupnexus.com\/es\/grupo-nexus\/nuestros-centros\/franquicias-neos\/#breadcrumb"},"inLanguage":"es","potentialAction":[{"@type":"ReadAction","target":["https:\/\/grupnexus.com\/es\/grupo-nexus\/nuestros-centros\/franquicias-neos\/"]}]},{"@type":"BreadcrumbList","@id":"https:\/\/grupnexus.com\/es\/grupo-nexus\/nuestros-centros\/franquicias-neos\/#breadcrumb","itemListElement":[{"@type":"ListItem","position":1,"name":"Portada","item":"https:\/\/grupnexus.com\/es\/"},{"@type":"ListItem","position":2,"name":"Grupo Nexus","item":"https:\/\/grupnexus.com\/es\/grupo-nexus\/"},{"@type":"ListItem","position":3,"name":"Nuestros centros","item":"https:\/\/grupnexus.com\/es\/grupo-nexus\/nuestros-centros\/"},{"@type":"ListItem","position":4,"name":"Franquicias Neos"}]}]}},"_links":{"self":[{"href":"https:\/\/grupnexus.com\/es\/wp-json\/wp\/v2\/pages\/967"}],"collection":[{"href":"https:\/\/grupnexus.com\/es\/wp-json\/wp\/v2\/pages"}],"about":[{"href":"https:\/\/grupnexus.com\/es\/wp-json\/wp\/v2\/types\/page"}],"author":[{"embeddable":true,"href":"https:\/\/grupnexus.com\/es\/wp-json\/wp\/v2\/users\/5"}],"replies":[{"embeddable":true,"href":"https:\/\/grupnexus.com\/es\/wp-json\/wp\/v2\/comments?post=967"}],"version-history":[{"count":0,"href":"https:\/\/grupnexus.com\/es\/wp-json\/wp\/v2\/pages\/967\/revisions"}],"up":[{"embeddable":true,"href":"https:\/\/grupnexus.com\/es\/wp-json\/wp\/v2\/pages\/965"}],"wp:attachment":[{"href":"https:\/\/grupnexus.com\/es\/wp-json\/wp\/v2\/media?parent=967"}],"curies":[{"name":"wp","href":"https:\/\/api.w.org\/{rel}","templated":true}]}}