{"id":982,"date":"2015-02-05T08:25:59","date_gmt":"2015-02-05T07:25:59","guid":{"rendered":"http:\/\/www.grupnexus.com\/grupo-nexus\/nuestros-centros\/nexus-saragossa\/"},"modified":"2015-10-06T21:02:33","modified_gmt":"2015-10-06T19:02:33","slug":"nexus-zaragoza","status":"publish","type":"page","link":"https:\/\/grupnexus.com\/es\/grupo-nexus\/nuestros-centros\/nexus-zaragoza\/","title":{"rendered":"Nexus Zaragoza"},"content":{"rendered":"<p>\r\n\t\t\t\t\t\n\r\n\t\t\t\t\t<!-- START UNITE GALLERY 1.7.45 -->\r\n\t\t\t\t\t\r\n\t\t\t\t\n\t\t\t<div id='unitegallery_6_1' class='unite-gallery' style='margin:0px auto;'>\n\t\t\t\t\n\n\t\t\t\t\t\t<img alt=\"NexusSaragossa_01\"\n\t\t\t\t\t\t     src=\"\" data-image=\"https:\/\/grupnexus.com\/wp-content\/uploads\/NexusSaragossa_01.jpg\"\n\t\t\t\t\t\t     data-thumb=\"https:\/\/grupnexus.com\/wp-content\/uploads\/NexusSaragossa_01-300x199.jpg\"\n\t\t\t\t\t\t     title=\"\"\n\t\t\t\t\t\t     style=\"display:none\">\n\n\t\t\t\t\t\t<img alt=\"NexusSaragossa_02\"\n\t\t\t\t\t\t     src=\"\" data-image=\"https:\/\/grupnexus.com\/wp-content\/uploads\/NexusSaragossa_02.jpg\"\n\t\t\t\t\t\t     data-thumb=\"https:\/\/grupnexus.com\/wp-content\/uploads\/NexusSaragossa_02-199x300.jpg\"\n\t\t\t\t\t\t     title=\"\"\n\t\t\t\t\t\t     style=\"display:none\">\n\n\t\t\t\t\t\t<img alt=\"NexusSaragossa_03\"\n\t\t\t\t\t\t     src=\"\" data-image=\"https:\/\/grupnexus.com\/wp-content\/uploads\/NexusSaragossa_03.jpg\"\n\t\t\t\t\t\t     data-thumb=\"https:\/\/grupnexus.com\/wp-content\/uploads\/NexusSaragossa_03-199x300.jpg\"\n\t\t\t\t\t\t     title=\"\"\n\t\t\t\t\t\t     style=\"display:none\">\n\n\t\t\t\t\t\t<img alt=\"NexusSaragossa_04\"\n\t\t\t\t\t\t     src=\"\" data-image=\"https:\/\/grupnexus.com\/wp-content\/uploads\/NexusSaragossa_04.jpg\"\n\t\t\t\t\t\t     data-thumb=\"https:\/\/grupnexus.com\/wp-content\/uploads\/NexusSaragossa_04-300x199.jpg\"\n\t\t\t\t\t\t     title=\"\"\n\t\t\t\t\t\t     style=\"display:none\">\n\n\t\t\t\t\t\t<img alt=\"NexusSaragossa_05\"\n\t\t\t\t\t\t     src=\"\" data-image=\"https:\/\/grupnexus.com\/wp-content\/uploads\/NexusSaragossa_05.jpg\"\n\t\t\t\t\t\t     data-thumb=\"https:\/\/grupnexus.com\/wp-content\/uploads\/NexusSaragossa_05-300x199.jpg\"\n\t\t\t\t\t\t     title=\"\"\n\t\t\t\t\t\t     style=\"display:none\">\n\t\t\t<\/div>\n\n\t\t\t<script type='text\/javascript'>\n\t\t\t\twindow.onload = function(e) {\n\t\t\t\t\tif(typeof ugCheckForErrors == \"undefined\"){\n\t\t\t\t\t\tdocument.getElementById(\"unitegallery_6_1\").innerHTML = \"<span style='color:red'>Unite Gallery Error - gallery js and css files not included in the footer. Please make sure that wp_footer() function is added to your theme.<\/span>\";}\n\t\t\t\t\telse{ ugCheckForErrors(\"unitegallery_6_1\", \"jquery\");}\n\t\t\t\t};\n\t\t\t<\/script>\n\n\t\t\t<!-- END UNITEGALLERY --><\/p>\n<div class=\"sep\"><\/div>\n","protected":false},"excerpt":{"rendered":"","protected":false},"author":5,"featured_media":0,"parent":965,"menu_order":0,"comment_status":"closed","ping_status":"closed","template":"","meta":[],"yoast_head":"<!-- This site is optimized with the Yoast SEO plugin v18.6 - https:\/\/yoast.com\/wordpress\/plugins\/seo\/ -->\n<title>Nexus Zaragoza - Cl\u00ednica Nexus<\/title>\n<meta name=\"robots\" content=\"index, follow, max-snippet:-1, max-image-preview:large, max-video-preview:-1\" \/>\n<link rel=\"canonical\" href=\"https:\/\/grupnexus.com\/es\/grupo-nexus\/nuestros-centros\/nexus-zaragoza\/\" \/>\n<meta property=\"og:locale\" content=\"es_ES\" \/>\n<meta property=\"og:type\" content=\"article\" \/>\n<meta property=\"og:title\" content=\"Nexus Zaragoza - Cl\u00ednica Nexus\" \/>\n<meta property=\"og:url\" content=\"https:\/\/grupnexus.com\/es\/grupo-nexus\/nuestros-centros\/nexus-zaragoza\/\" \/>\n<meta property=\"og:site_name\" content=\"Cl\u00ednica Nexus\" \/>\n<meta property=\"article:modified_time\" content=\"2015-10-06T19:02:33+00:00\" \/>\n<meta name=\"twitter:card\" content=\"summary\" \/>\n<script type=\"application\/ld+json\" class=\"yoast-schema-graph\">{\"@context\":\"https:\/\/schema.org\",\"@graph\":[{\"@type\":\"WebSite\",\"@id\":\"https:\/\/grupnexus.com\/es\/#website\",\"url\":\"https:\/\/grupnexus.com\/es\/\",\"name\":\"Cl\u00ednica Nexus\",\"description\":\"L\u00edders en Medicina Est\u00e8tica Avan\u00e7ada\",\"potentialAction\":[{\"@type\":\"SearchAction\",\"target\":{\"@type\":\"EntryPoint\",\"urlTemplate\":\"https:\/\/grupnexus.com\/es\/?s={search_term_string}\"},\"query-input\":\"required name=search_term_string\"}],\"inLanguage\":\"es\"},{\"@type\":\"WebPage\",\"@id\":\"https:\/\/grupnexus.com\/es\/grupo-nexus\/nuestros-centros\/nexus-zaragoza\/#webpage\",\"url\":\"https:\/\/grupnexus.com\/es\/grupo-nexus\/nuestros-centros\/nexus-zaragoza\/\",\"name\":\"Nexus Zaragoza - Cl\u00ednica Nexus\",\"isPartOf\":{\"@id\":\"https:\/\/grupnexus.com\/es\/#website\"},\"datePublished\":\"2015-02-05T07:25:59+00:00\",\"dateModified\":\"2015-10-06T19:02:33+00:00\",\"breadcrumb\":{\"@id\":\"https:\/\/grupnexus.com\/es\/grupo-nexus\/nuestros-centros\/nexus-zaragoza\/#breadcrumb\"},\"inLanguage\":\"es\",\"potentialAction\":[{\"@type\":\"ReadAction\",\"target\":[\"https:\/\/grupnexus.com\/es\/grupo-nexus\/nuestros-centros\/nexus-zaragoza\/\"]}]},{\"@type\":\"BreadcrumbList\",\"@id\":\"https:\/\/grupnexus.com\/es\/grupo-nexus\/nuestros-centros\/nexus-zaragoza\/#breadcrumb\",\"itemListElement\":[{\"@type\":\"ListItem\",\"position\":1,\"name\":\"Portada\",\"item\":\"https:\/\/grupnexus.com\/es\/\"},{\"@type\":\"ListItem\",\"position\":2,\"name\":\"Grupo Nexus\",\"item\":\"https:\/\/grupnexus.com\/es\/grupo-nexus\/\"},{\"@type\":\"ListItem\",\"position\":3,\"name\":\"Nuestros centros\",\"item\":\"https:\/\/grupnexus.com\/es\/grupo-nexus\/nuestros-centros\/\"},{\"@type\":\"ListItem\",\"position\":4,\"name\":\"Nexus Zaragoza\"}]}]}<\/script>\n<!-- \/ Yoast SEO plugin. -->","yoast_head_json":{"title":"Nexus Zaragoza - Cl\u00ednica Nexus","robots":{"index":"index","follow":"follow","max-snippet":"max-snippet:-1","max-image-preview":"max-image-preview:large","max-video-preview":"max-video-preview:-1"},"canonical":"https:\/\/grupnexus.com\/es\/grupo-nexus\/nuestros-centros\/nexus-zaragoza\/","og_locale":"es_ES","og_type":"article","og_title":"Nexus Zaragoza - Cl\u00ednica Nexus","og_url":"https:\/\/grupnexus.com\/es\/grupo-nexus\/nuestros-centros\/nexus-zaragoza\/","og_site_name":"Cl\u00ednica Nexus","article_modified_time":"2015-10-06T19:02:33+00:00","twitter_card":"summary","schema":{"@context":"https:\/\/schema.org","@graph":[{"@type":"WebSite","@id":"https:\/\/grupnexus.com\/es\/#website","url":"https:\/\/grupnexus.com\/es\/","name":"Cl\u00ednica Nexus","description":"L\u00edders en Medicina Est\u00e8tica Avan\u00e7ada","potentialAction":[{"@type":"SearchAction","target":{"@type":"EntryPoint","urlTemplate":"https:\/\/grupnexus.com\/es\/?s={search_term_string}"},"query-input":"required name=search_term_string"}],"inLanguage":"es"},{"@type":"WebPage","@id":"https:\/\/grupnexus.com\/es\/grupo-nexus\/nuestros-centros\/nexus-zaragoza\/#webpage","url":"https:\/\/grupnexus.com\/es\/grupo-nexus\/nuestros-centros\/nexus-zaragoza\/","name":"Nexus Zaragoza - Cl\u00ednica Nexus","isPartOf":{"@id":"https:\/\/grupnexus.com\/es\/#website"},"datePublished":"2015-02-05T07:25:59+00:00","dateModified":"2015-10-06T19:02:33+00:00","breadcrumb":{"@id":"https:\/\/grupnexus.com\/es\/grupo-nexus\/nuestros-centros\/nexus-zaragoza\/#breadcrumb"},"inLanguage":"es","potentialAction":[{"@type":"ReadAction","target":["https:\/\/grupnexus.com\/es\/grupo-nexus\/nuestros-centros\/nexus-zaragoza\/"]}]},{"@type":"BreadcrumbList","@id":"https:\/\/grupnexus.com\/es\/grupo-nexus\/nuestros-centros\/nexus-zaragoza\/#breadcrumb","itemListElement":[{"@type":"ListItem","position":1,"name":"Portada","item":"https:\/\/grupnexus.com\/es\/"},{"@type":"ListItem","position":2,"name":"Grupo Nexus","item":"https:\/\/grupnexus.com\/es\/grupo-nexus\/"},{"@type":"ListItem","position":3,"name":"Nuestros centros","item":"https:\/\/grupnexus.com\/es\/grupo-nexus\/nuestros-centros\/"},{"@type":"ListItem","position":4,"name":"Nexus Zaragoza"}]}]}},"_links":{"self":[{"href":"https:\/\/grupnexus.com\/es\/wp-json\/wp\/v2\/pages\/982"}],"collection":[{"href":"https:\/\/grupnexus.com\/es\/wp-json\/wp\/v2\/pages"}],"about":[{"href":"https:\/\/grupnexus.com\/es\/wp-json\/wp\/v2\/types\/page"}],"author":[{"embeddable":true,"href":"https:\/\/grupnexus.com\/es\/wp-json\/wp\/v2\/users\/5"}],"replies":[{"embeddable":true,"href":"https:\/\/grupnexus.com\/es\/wp-json\/wp\/v2\/comments?post=982"}],"version-history":[{"count":0,"href":"https:\/\/grupnexus.com\/es\/wp-json\/wp\/v2\/pages\/982\/revisions"}],"up":[{"embeddable":true,"href":"https:\/\/grupnexus.com\/es\/wp-json\/wp\/v2\/pages\/965"}],"wp:attachment":[{"href":"https:\/\/grupnexus.com\/es\/wp-json\/wp\/v2\/media?parent=982"}],"curies":[{"name":"wp","href":"https:\/\/api.w.org\/{rel}","templated":true}]}}