{"id":983,"date":"2015-01-21T08:10:34","date_gmt":"2015-01-21T07:10:34","guid":{"rendered":"http:\/\/www.grupnexus.com\/grupo-nexus\/nuestros-centros\/nexus-biomedic\/"},"modified":"2016-01-21T14:02:34","modified_gmt":"2016-01-21T12:02:34","slug":"nexus-biomedico","status":"publish","type":"page","link":"https:\/\/grupnexus.com\/es\/grupo-nexus\/nuestros-centros\/nexus-biomedico\/","title":{"rendered":"Nexus biom\u00e9dico"},"content":{"rendered":"<p>\r\n\t\t\t\t\t\n\r\n\t\t\t\t\t<!-- START UNITE GALLERY 1.7.45 -->\r\n\t\t\t\t\t\r\n\t\t\t\t\n\t\t\t<div id='unitegallery_4_1' class='unite-gallery' style='margin:0px auto;'>\n\t\t\t\t\n\n\t\t\t\t\t\t<img alt=\"1.biomedic\"\n\t\t\t\t\t\t     src=\"\" data-image=\"https:\/\/grupnexus.com\/wp-content\/uploads\/2017\/03\/1.biomedic.jpg\"\n\t\t\t\t\t\t     data-thumb=\"https:\/\/grupnexus.com\/wp-content\/uploads\/2017\/03\/1.biomedic-300x198.jpg\"\n\t\t\t\t\t\t     title=\"\"\n\t\t\t\t\t\t     style=\"display:none\">\n\n\t\t\t\t\t\t<img alt=\"2.biomedic\"\n\t\t\t\t\t\t     src=\"\" data-image=\"https:\/\/grupnexus.com\/wp-content\/uploads\/2017\/03\/2.biomedic-scaled.jpg\"\n\t\t\t\t\t\t     data-thumb=\"https:\/\/grupnexus.com\/wp-content\/uploads\/2017\/03\/2.biomedic-300x225.jpg\"\n\t\t\t\t\t\t     title=\"\"\n\t\t\t\t\t\t     style=\"display:none\">\n\n\t\t\t\t\t\t<img alt=\"3.biomedic\"\n\t\t\t\t\t\t     src=\"\" data-image=\"https:\/\/grupnexus.com\/wp-content\/uploads\/2017\/03\/3.biomedic.jpg\"\n\t\t\t\t\t\t     data-thumb=\"https:\/\/grupnexus.com\/wp-content\/uploads\/2017\/03\/3.biomedic-300x199.jpg\"\n\t\t\t\t\t\t     title=\"\"\n\t\t\t\t\t\t     style=\"display:none\">\n\n\t\t\t\t\t\t<img alt=\"NexusBiomedic_04\"\n\t\t\t\t\t\t     src=\"\" data-image=\"https:\/\/grupnexus.com\/wp-content\/uploads\/NexusBiomedic_04.jpg\"\n\t\t\t\t\t\t     data-thumb=\"https:\/\/grupnexus.com\/wp-content\/uploads\/NexusBiomedic_04-300x199.jpg\"\n\t\t\t\t\t\t     title=\"\"\n\t\t\t\t\t\t     style=\"display:none\">\n\n\t\t\t\t\t\t<img alt=\"4.biomedic\"\n\t\t\t\t\t\t     src=\"\" data-image=\"https:\/\/grupnexus.com\/wp-content\/uploads\/2017\/03\/4.biomedic-scaled.jpg\"\n\t\t\t\t\t\t     data-thumb=\"https:\/\/grupnexus.com\/wp-content\/uploads\/2017\/03\/4.biomedic-300x225.jpg\"\n\t\t\t\t\t\t     title=\"\"\n\t\t\t\t\t\t     style=\"display:none\">\n\n\t\t\t\t\t\t<img alt=\"5.biomedic\"\n\t\t\t\t\t\t     src=\"\" data-image=\"https:\/\/grupnexus.com\/wp-content\/uploads\/2017\/03\/5.biomedic.jpg\"\n\t\t\t\t\t\t     data-thumb=\"https:\/\/grupnexus.com\/wp-content\/uploads\/2017\/03\/5.biomedic-300x199.jpg\"\n\t\t\t\t\t\t     title=\"\"\n\t\t\t\t\t\t     style=\"display:none\">\n\n\t\t\t\t\t\t<img alt=\"6.biomedic\"\n\t\t\t\t\t\t     src=\"\" data-image=\"https:\/\/grupnexus.com\/wp-content\/uploads\/2017\/03\/6.biomedic.jpg\"\n\t\t\t\t\t\t     data-thumb=\"https:\/\/grupnexus.com\/wp-content\/uploads\/2017\/03\/6.biomedic-300x169.jpg\"\n\t\t\t\t\t\t     title=\"\"\n\t\t\t\t\t\t     style=\"display:none\">\n\n\t\t\t\t\t\t<img alt=\"7.biomedic\"\n\t\t\t\t\t\t     src=\"\" data-image=\"https:\/\/grupnexus.com\/wp-content\/uploads\/2017\/03\/7.biomedic.jpg\"\n\t\t\t\t\t\t     data-thumb=\"https:\/\/grupnexus.com\/wp-content\/uploads\/2017\/03\/7.biomedic-300x199.jpg\"\n\t\t\t\t\t\t     title=\"\"\n\t\t\t\t\t\t     style=\"display:none\">\n\n\t\t\t\t\t\t<img alt=\"8.biomedic\"\n\t\t\t\t\t\t     src=\"\" data-image=\"https:\/\/grupnexus.com\/wp-content\/uploads\/2017\/03\/8.biomedic.jpg\"\n\t\t\t\t\t\t     data-thumb=\"https:\/\/grupnexus.com\/wp-content\/uploads\/2017\/03\/8.biomedic-300x169.jpg\"\n\t\t\t\t\t\t     title=\"\"\n\t\t\t\t\t\t     style=\"display:none\">\n\n\t\t\t\t\t\t<img alt=\"9.biomedic\"\n\t\t\t\t\t\t     src=\"\" data-image=\"https:\/\/grupnexus.com\/wp-content\/uploads\/2017\/03\/9.biomedic.jpg\"\n\t\t\t\t\t\t     data-thumb=\"https:\/\/grupnexus.com\/wp-content\/uploads\/2017\/03\/9.biomedic-300x169.jpg\"\n\t\t\t\t\t\t     title=\"\"\n\t\t\t\t\t\t     style=\"display:none\">\n\n\t\t\t\t\t\t<img alt=\"10.biomedic\"\n\t\t\t\t\t\t     src=\"\" data-image=\"https:\/\/grupnexus.com\/wp-content\/uploads\/2017\/03\/10.biomedic.jpg\"\n\t\t\t\t\t\t     data-thumb=\"https:\/\/grupnexus.com\/wp-content\/uploads\/2017\/03\/10.biomedic-300x169.jpg\"\n\t\t\t\t\t\t     title=\"\"\n\t\t\t\t\t\t     style=\"display:none\">\n\n\t\t\t\t\t\t<img alt=\"11.biomedic\"\n\t\t\t\t\t\t     src=\"\" data-image=\"https:\/\/grupnexus.com\/wp-content\/uploads\/2017\/03\/11.biomedic.jpg\"\n\t\t\t\t\t\t     data-thumb=\"https:\/\/grupnexus.com\/wp-content\/uploads\/2017\/03\/11.biomedic-300x169.jpg\"\n\t\t\t\t\t\t     title=\"\"\n\t\t\t\t\t\t     style=\"display:none\">\n\n\t\t\t\t\t\t<img alt=\"12.biomedic\"\n\t\t\t\t\t\t     src=\"\" data-image=\"https:\/\/grupnexus.com\/wp-content\/uploads\/2017\/03\/12.biomedic.jpg\"\n\t\t\t\t\t\t     data-thumb=\"https:\/\/grupnexus.com\/wp-content\/uploads\/2017\/03\/12.biomedic-300x169.jpg\"\n\t\t\t\t\t\t     title=\"\"\n\t\t\t\t\t\t     style=\"display:none\">\n\n\t\t\t\t\t\t<img alt=\"13.biomedic\"\n\t\t\t\t\t\t     src=\"\" data-image=\"https:\/\/grupnexus.com\/wp-content\/uploads\/2017\/03\/13.biomedic.jpg\"\n\t\t\t\t\t\t     data-thumb=\"https:\/\/grupnexus.com\/wp-content\/uploads\/2017\/03\/13.biomedic-300x169.jpg\"\n\t\t\t\t\t\t     title=\"\"\n\t\t\t\t\t\t     style=\"display:none\">\n\t\t\t<\/div>\n\n\t\t\t<script type='text\/javascript'>\n\t\t\t\twindow.onload = function(e) {\n\t\t\t\t\tif(typeof ugCheckForErrors == \"undefined\"){\n\t\t\t\t\t\tdocument.getElementById(\"unitegallery_4_1\").innerHTML = \"<span style='color:red'>Unite Gallery Error - gallery js and css files not included in the footer. Please make sure that wp_footer() function is added to your theme.<\/span>\";}\n\t\t\t\t\telse{ ugCheckForErrors(\"unitegallery_4_1\", \"jquery\");}\n\t\t\t\t};\n\t\t\t<\/script>\n\n\t\t\t<!-- END UNITEGALLERY --><\/p>\n<div class=\"sep\"><\/div>\n","protected":false},"excerpt":{"rendered":"","protected":false},"author":5,"featured_media":0,"parent":965,"menu_order":0,"comment_status":"closed","ping_status":"closed","template":"","meta":[],"yoast_head":"<!-- This site is optimized with the Yoast SEO plugin v18.6 - https:\/\/yoast.com\/wordpress\/plugins\/seo\/ -->\n<title>Nexus biom\u00e9dico - Cl\u00ednica Nexus<\/title>\n<meta name=\"robots\" content=\"index, follow, max-snippet:-1, max-image-preview:large, max-video-preview:-1\" \/>\n<link rel=\"canonical\" href=\"https:\/\/grupnexus.com\/es\/grupo-nexus\/nuestros-centros\/nexus-biomedico\/\" \/>\n<meta property=\"og:locale\" content=\"es_ES\" \/>\n<meta property=\"og:type\" content=\"article\" \/>\n<meta property=\"og:title\" content=\"Nexus biom\u00e9dico - Cl\u00ednica Nexus\" \/>\n<meta property=\"og:url\" content=\"https:\/\/grupnexus.com\/es\/grupo-nexus\/nuestros-centros\/nexus-biomedico\/\" \/>\n<meta property=\"og:site_name\" content=\"Cl\u00ednica Nexus\" \/>\n<meta property=\"article:modified_time\" content=\"2016-01-21T12:02:34+00:00\" \/>\n<meta name=\"twitter:card\" content=\"summary\" \/>\n<script type=\"application\/ld+json\" class=\"yoast-schema-graph\">{\"@context\":\"https:\/\/schema.org\",\"@graph\":[{\"@type\":\"WebSite\",\"@id\":\"https:\/\/grupnexus.com\/es\/#website\",\"url\":\"https:\/\/grupnexus.com\/es\/\",\"name\":\"Cl\u00ednica Nexus\",\"description\":\"L\u00edders en Medicina Est\u00e8tica Avan\u00e7ada\",\"potentialAction\":[{\"@type\":\"SearchAction\",\"target\":{\"@type\":\"EntryPoint\",\"urlTemplate\":\"https:\/\/grupnexus.com\/es\/?s={search_term_string}\"},\"query-input\":\"required name=search_term_string\"}],\"inLanguage\":\"es\"},{\"@type\":\"WebPage\",\"@id\":\"https:\/\/grupnexus.com\/es\/grupo-nexus\/nuestros-centros\/nexus-biomedico\/#webpage\",\"url\":\"https:\/\/grupnexus.com\/es\/grupo-nexus\/nuestros-centros\/nexus-biomedico\/\",\"name\":\"Nexus biom\u00e9dico - Cl\u00ednica Nexus\",\"isPartOf\":{\"@id\":\"https:\/\/grupnexus.com\/es\/#website\"},\"datePublished\":\"2015-01-21T07:10:34+00:00\",\"dateModified\":\"2016-01-21T12:02:34+00:00\",\"breadcrumb\":{\"@id\":\"https:\/\/grupnexus.com\/es\/grupo-nexus\/nuestros-centros\/nexus-biomedico\/#breadcrumb\"},\"inLanguage\":\"es\",\"potentialAction\":[{\"@type\":\"ReadAction\",\"target\":[\"https:\/\/grupnexus.com\/es\/grupo-nexus\/nuestros-centros\/nexus-biomedico\/\"]}]},{\"@type\":\"BreadcrumbList\",\"@id\":\"https:\/\/grupnexus.com\/es\/grupo-nexus\/nuestros-centros\/nexus-biomedico\/#breadcrumb\",\"itemListElement\":[{\"@type\":\"ListItem\",\"position\":1,\"name\":\"Portada\",\"item\":\"https:\/\/grupnexus.com\/es\/\"},{\"@type\":\"ListItem\",\"position\":2,\"name\":\"Grupo Nexus\",\"item\":\"https:\/\/grupnexus.com\/es\/grupo-nexus\/\"},{\"@type\":\"ListItem\",\"position\":3,\"name\":\"Nuestros centros\",\"item\":\"https:\/\/grupnexus.com\/es\/grupo-nexus\/nuestros-centros\/\"},{\"@type\":\"ListItem\",\"position\":4,\"name\":\"Nexus biom\u00e9dico\"}]}]}<\/script>\n<!-- \/ Yoast SEO plugin. -->","yoast_head_json":{"title":"Nexus biom\u00e9dico - Cl\u00ednica Nexus","robots":{"index":"index","follow":"follow","max-snippet":"max-snippet:-1","max-image-preview":"max-image-preview:large","max-video-preview":"max-video-preview:-1"},"canonical":"https:\/\/grupnexus.com\/es\/grupo-nexus\/nuestros-centros\/nexus-biomedico\/","og_locale":"es_ES","og_type":"article","og_title":"Nexus biom\u00e9dico - Cl\u00ednica Nexus","og_url":"https:\/\/grupnexus.com\/es\/grupo-nexus\/nuestros-centros\/nexus-biomedico\/","og_site_name":"Cl\u00ednica Nexus","article_modified_time":"2016-01-21T12:02:34+00:00","twitter_card":"summary","schema":{"@context":"https:\/\/schema.org","@graph":[{"@type":"WebSite","@id":"https:\/\/grupnexus.com\/es\/#website","url":"https:\/\/grupnexus.com\/es\/","name":"Cl\u00ednica Nexus","description":"L\u00edders en Medicina Est\u00e8tica Avan\u00e7ada","potentialAction":[{"@type":"SearchAction","target":{"@type":"EntryPoint","urlTemplate":"https:\/\/grupnexus.com\/es\/?s={search_term_string}"},"query-input":"required name=search_term_string"}],"inLanguage":"es"},{"@type":"WebPage","@id":"https:\/\/grupnexus.com\/es\/grupo-nexus\/nuestros-centros\/nexus-biomedico\/#webpage","url":"https:\/\/grupnexus.com\/es\/grupo-nexus\/nuestros-centros\/nexus-biomedico\/","name":"Nexus biom\u00e9dico - Cl\u00ednica Nexus","isPartOf":{"@id":"https:\/\/grupnexus.com\/es\/#website"},"datePublished":"2015-01-21T07:10:34+00:00","dateModified":"2016-01-21T12:02:34+00:00","breadcrumb":{"@id":"https:\/\/grupnexus.com\/es\/grupo-nexus\/nuestros-centros\/nexus-biomedico\/#breadcrumb"},"inLanguage":"es","potentialAction":[{"@type":"ReadAction","target":["https:\/\/grupnexus.com\/es\/grupo-nexus\/nuestros-centros\/nexus-biomedico\/"]}]},{"@type":"BreadcrumbList","@id":"https:\/\/grupnexus.com\/es\/grupo-nexus\/nuestros-centros\/nexus-biomedico\/#breadcrumb","itemListElement":[{"@type":"ListItem","position":1,"name":"Portada","item":"https:\/\/grupnexus.com\/es\/"},{"@type":"ListItem","position":2,"name":"Grupo Nexus","item":"https:\/\/grupnexus.com\/es\/grupo-nexus\/"},{"@type":"ListItem","position":3,"name":"Nuestros centros","item":"https:\/\/grupnexus.com\/es\/grupo-nexus\/nuestros-centros\/"},{"@type":"ListItem","position":4,"name":"Nexus biom\u00e9dico"}]}]}},"_links":{"self":[{"href":"https:\/\/grupnexus.com\/es\/wp-json\/wp\/v2\/pages\/983"}],"collection":[{"href":"https:\/\/grupnexus.com\/es\/wp-json\/wp\/v2\/pages"}],"about":[{"href":"https:\/\/grupnexus.com\/es\/wp-json\/wp\/v2\/types\/page"}],"author":[{"embeddable":true,"href":"https:\/\/grupnexus.com\/es\/wp-json\/wp\/v2\/users\/5"}],"replies":[{"embeddable":true,"href":"https:\/\/grupnexus.com\/es\/wp-json\/wp\/v2\/comments?post=983"}],"version-history":[{"count":0,"href":"https:\/\/grupnexus.com\/es\/wp-json\/wp\/v2\/pages\/983\/revisions"}],"up":[{"embeddable":true,"href":"https:\/\/grupnexus.com\/es\/wp-json\/wp\/v2\/pages\/965"}],"wp:attachment":[{"href":"https:\/\/grupnexus.com\/es\/wp-json\/wp\/v2\/media?parent=983"}],"curies":[{"name":"wp","href":"https:\/\/api.w.org\/{rel}","templated":true}]}}