{"id":988,"date":"2015-01-21T08:06:28","date_gmt":"2015-01-21T07:06:28","guid":{"rendered":"http:\/\/www.grupnexus.com\/grupo-nexus\/historia\/"},"modified":"2019-10-11T17:04:19","modified_gmt":"2019-10-11T15:04:19","slug":"historia","status":"publish","type":"page","link":"https:\/\/grupnexus.com\/es\/grupo-nexus\/historia\/","title":{"rendered":"Historia"},"content":{"rendered":"\t\t<h2 class=\"text-divider-double\">\t\t\t\nHistoria\t\t<\/h2>\t\t<div class=\"sep\"><\/div>\t\n<div class=\"row \"><div class=\"wpv-grid grid-1-2  wpv-first-level first unextended\" style=\"padding-top:0px;padding-bottom:0px\" id=\"wpv-column-3660673c17c1acce7365a934b44b63a8\" ><p><strong>En\u00a01996\u00a0el\u00a0Dr. Samuel Pin\u00f3s cre\u00f3 el centro Nexus Bioest\u00e8tic,\u00a0<img loading=\"lazy\" class=\" size-full wp-image-303 alignnone\" src=\"\/wp-content\/uploads\/mininexusbioestetic.jpg\" alt=\"mininexusbioestetic\" width=\"74\" height=\"18\" data-id=\"303\" \/><\/strong> ,\u00a0un centro de est\u00e9tica integral donde encontrar todo el espectro de tratamientos de eficacia contrastada dentro de este \u00e1mbito, desde la est\u00e9tica m\u00e1s avanzada hasta la cirug\u00eda est\u00e9tica m\u00e1s vanguardista, pasando por los tratamientos de medicina est\u00e9tica m\u00e1s innovadores y efectivos.<\/p>\n<p><strong>Ubicado originalmente dentro de un centro policl\u00ednico<\/strong> en la calle Enric Granados 4 de Lleida ciudad, <strong>se traslad\u00f3 en el a\u00f1o 2000 a<\/strong> una de sus direcciones actuales, <strong>en la calle Segri\u00e0 26<\/strong>, al quedarse peque\u00f1as y obsoletas las instalaciones anteriores <strong>ante la numerosa y creciente afluencia de clientes y pacientes<\/strong>. Uno de los factores de este crecimiento exponencial fue, sin duda, la incorporaci\u00f3n en el arsenal terap\u00e9utico de un tratamiento que entonces era todav\u00eda incipiente y casi desconocido: la <strong>depilaci\u00f3n l\u00e1ser m\u00e9dica<\/strong>. Desde esta fecha, Nexus ha mantenido en este \u00e1mbito su primac\u00eda convirti\u00e9ndose en <strong>un referente nacional e internacional en la sistematizaci\u00f3n, protocolizaci\u00f3n y parametrizaci\u00f3n de este tratamiento.<\/strong><\/p>\n<p>En el a\u00f1o\u00a0<strong>2008<\/strong>, al necesitar\u00a0<strong>volver a ampliar las instalaciones<\/strong>, se opt\u00f3 por dejar el \u00c1rea de Est\u00e9tica Avanzada y la Depilaci\u00f3n L\u00e1ser M\u00e9dica en este local y trasladar toda la actividad m\u00e9dica y quir\u00fargica a un nuevo local vecino a \u00e9ste, situado\u00a0<strong>en la calle Segri\u00e0 30 \u2013 paseo de Ronda 74-76<\/strong>. As\u00ed, y para diferenciar sus respectivas actividades, el primero mantuvo el nombre de Nexus Bioest\u00e8tic, y el nuevo local fue llamado <strong>Nexus Biom\u00e8dic<\/strong>.\u00a0<strong>\u00a0<img loading=\"lazy\" class=\"alignnone size-full wp-image-304\" src=\"https:\/\/grupnexus.com\/wp-content\/uploads\/mininexusbiomedic.jpg\" alt=\"mininexusbiomedic\" width=\"70\" height=\"18\" data-id=\"304\" \/><\/strong><\/p>\n<p><strong>Paralelamente a este crecimiento local, los valores y la profesionalidad de Nexus fueron consolid\u00e1ndose \u00a0y creando escuela en el sector, siendo crecientemente solicitado su concurso para asesorar y nutrir diversos centros de est\u00e9tica punteros de nuestro pa\u00eds<\/strong>.<\/p>\n<p>Este hecho desemboc\u00f3 en el establecimiento de una red de m\u00e1s de 120 centros colaboradores en toda Catalu\u00f1a y Arag\u00f3n\u00a0\u00a0 y, ante la solicitud de algunos de ellos, en la puesta en marcha de una l\u00ednea de franquicias. Nac\u00eda as\u00ed <strong>Neos<\/strong>,\u00a0\u00a0<img loading=\"lazy\" class=\"alignnone size-full wp-image-301\" src=\"\/wp-content\/uploads\/minineos.jpg\" alt=\"minineos\" width=\"54\" height=\"18\" data-id=\"301\" \/>\u00a0\u00a0un modelo de franquicia m\u00e9dico-est\u00e9tica con tecnolog\u00eda de vanguardia y con el inconfundible sello de los valores que distinguen a <strong>Nexus<\/strong>.<\/div>\n<div class=\"wpv-grid grid-1-2  wpv-first-level unextended\" style=\"padding-top:0px;padding-bottom:0px\" id=\"wpv-column-0aa67944494cc30fb97c411a5cd07ae5\" ><p><img loading=\"lazy\" class=\"\" src=\"\/wp-content\/uploads\/nexushistoria.jpg\" alt=\"\" width=\"1080\" height=\"810\" \/><\/p>\n<p>Simult\u00e1neamente, cl\u00ednicas y centros est\u00e9ticos de referencia ofrec\u00edan sus dependencias a Nexus para que llevase a cabo los tratamientos que tan exitosamente hab\u00eda dise\u00f1ado y desarrollado. Se iniciaba as\u00ed una <strong>nueva v\u00eda de expansi\u00f3n<\/strong>, el de la prestaci\u00f3n de servicios en estos <strong>centros concertados<\/strong>.<\/p>\n<p>La <strong>\u00faltima expansi\u00f3n de Nexus<\/strong> ha tenido lugar este \u00faltimo a\u00f1o al abrir un <strong>nuevo centro<\/strong>, en este caso <strong>propio<\/strong>, en la capital aragonesa. <strong>Nexus Zaragoza<\/strong>, situado en una zona privilegiada, a 100 metros de la Bas\u00edlica del Pilar, espera poder lograr tambi\u00e9n un lugar l\u00edder en la medicina y cirug\u00eda est\u00e9tica.<\/p>\n<p><strong>Ya sea mediante centros propios, centros colaboradores, centros concertados o franquicias, Grup Nexus\u00a0\u00a0<img loading=\"lazy\" class=\"alignnone size-full wp-image-302\" src=\"\/wp-content\/uploads\/mininexus.jpg\" alt=\"mininexus\" width=\"78\" height=\"18\" data-id=\"302\" \/>\u00a0\u00a0tiene la voluntad de seguir adelante con su pol\u00edtica de expansi\u00f3n, siempre fiel a la filosof\u00eda y a los valores que originariamente la constituyeron. Un preciado bagaje para seguir creciendo en el futuro.<\/strong><\/div><\/div>\n<div class=\"sep\"><\/div>\n","protected":false},"excerpt":{"rendered":"<p>En\u00a01996\u00a0el\u00a0Dr. Samuel Pin\u00f3s cre\u00f3 el centro Nexus Bioest\u00e8tic,\u00a0 ,\u00a0un centro de est\u00e9tica integral donde encontrar todo el espectro de tratamientos de eficacia contrastada dentro de este \u00e1mbito, desde la est\u00e9tica m\u00e1s avanzada hasta la cirug\u00eda est\u00e9tica m\u00e1s vanguardista, pasando por los tratamientos de medicina est\u00e9tica m\u00e1s innovadores y efectivos. Ubicado originalmente dentro de un centro&#8230;<\/p>\n","protected":false},"author":5,"featured_media":0,"parent":962,"menu_order":0,"comment_status":"closed","ping_status":"closed","template":"","meta":[],"yoast_head":"<!-- This site is optimized with the Yoast SEO plugin v18.6 - https:\/\/yoast.com\/wordpress\/plugins\/seo\/ -->\n<title>Historia - Grup Nexus<\/title>\n<meta name=\"description\" content=\"En\u00a01996\u00a0el\u00a0Dr. Samuel Pin\u00f3s cre\u00f3 el centro Nexus Bioest\u00e8tic,\u00a0un centro de est\u00e9tica integral donde encontrar todo el espectro de tratamientos est\u00e9ticos.\" \/>\n<meta name=\"robots\" content=\"index, follow, max-snippet:-1, max-image-preview:large, max-video-preview:-1\" \/>\n<link rel=\"canonical\" href=\"https:\/\/grupnexus.com\/es\/grupo-nexus\/historia\/\" \/>\n<meta property=\"og:locale\" content=\"es_ES\" \/>\n<meta property=\"og:type\" content=\"article\" \/>\n<meta property=\"og:title\" content=\"Historia - Grup Nexus\" \/>\n<meta property=\"og:description\" content=\"En\u00a01996\u00a0el\u00a0Dr. Samuel Pin\u00f3s cre\u00f3 el centro Nexus Bioest\u00e8tic,\u00a0un centro de est\u00e9tica integral donde encontrar todo el espectro de tratamientos est\u00e9ticos.\" \/>\n<meta property=\"og:url\" content=\"https:\/\/grupnexus.com\/es\/grupo-nexus\/historia\/\" \/>\n<meta property=\"og:site_name\" content=\"Cl\u00ednica Nexus\" \/>\n<meta property=\"article:modified_time\" content=\"2019-10-11T15:04:19+00:00\" \/>\n<meta property=\"og:image\" content=\"https:\/\/grupnexus.com\/wp-content\/uploads\/mininexusbioestetic.jpg\" \/>\n<meta name=\"twitter:card\" content=\"summary\" \/>\n<meta name=\"twitter:label1\" content=\"Tiempo de lectura\" \/>\n\t<meta name=\"twitter:data1\" content=\"3 minutos\" \/>\n<script type=\"application\/ld+json\" class=\"yoast-schema-graph\">{\"@context\":\"https:\/\/schema.org\",\"@graph\":[{\"@type\":\"WebSite\",\"@id\":\"https:\/\/grupnexus.com\/es\/#website\",\"url\":\"https:\/\/grupnexus.com\/es\/\",\"name\":\"Cl\u00ednica Nexus\",\"description\":\"L\u00edders en Medicina Est\u00e8tica Avan\u00e7ada\",\"potentialAction\":[{\"@type\":\"SearchAction\",\"target\":{\"@type\":\"EntryPoint\",\"urlTemplate\":\"https:\/\/grupnexus.com\/es\/?s={search_term_string}\"},\"query-input\":\"required name=search_term_string\"}],\"inLanguage\":\"es\"},{\"@type\":\"ImageObject\",\"@id\":\"https:\/\/grupnexus.com\/es\/grupo-nexus\/historia\/#primaryimage\",\"inLanguage\":\"es\",\"url\":\"https:\/\/grupnexus.com\/wp-content\/uploads\/mininexusbiomedic.jpg\",\"contentUrl\":\"https:\/\/grupnexus.com\/wp-content\/uploads\/mininexusbiomedic.jpg\",\"width\":70,\"height\":18},{\"@type\":\"WebPage\",\"@id\":\"https:\/\/grupnexus.com\/es\/grupo-nexus\/historia\/#webpage\",\"url\":\"https:\/\/grupnexus.com\/es\/grupo-nexus\/historia\/\",\"name\":\"Historia - Grup Nexus\",\"isPartOf\":{\"@id\":\"https:\/\/grupnexus.com\/es\/#website\"},\"primaryImageOfPage\":{\"@id\":\"https:\/\/grupnexus.com\/es\/grupo-nexus\/historia\/#primaryimage\"},\"datePublished\":\"2015-01-21T07:06:28+00:00\",\"dateModified\":\"2019-10-11T15:04:19+00:00\",\"description\":\"En\u00a01996\u00a0el\u00a0Dr. Samuel Pin\u00f3s cre\u00f3 el centro Nexus Bioest\u00e8tic,\u00a0un centro de est\u00e9tica integral donde encontrar todo el espectro de tratamientos est\u00e9ticos.\",\"breadcrumb\":{\"@id\":\"https:\/\/grupnexus.com\/es\/grupo-nexus\/historia\/#breadcrumb\"},\"inLanguage\":\"es\",\"potentialAction\":[{\"@type\":\"ReadAction\",\"target\":[\"https:\/\/grupnexus.com\/es\/grupo-nexus\/historia\/\"]}]},{\"@type\":\"BreadcrumbList\",\"@id\":\"https:\/\/grupnexus.com\/es\/grupo-nexus\/historia\/#breadcrumb\",\"itemListElement\":[{\"@type\":\"ListItem\",\"position\":1,\"name\":\"Portada\",\"item\":\"https:\/\/grupnexus.com\/es\/\"},{\"@type\":\"ListItem\",\"position\":2,\"name\":\"Grupo Nexus\",\"item\":\"https:\/\/grupnexus.com\/es\/grupo-nexus\/\"},{\"@type\":\"ListItem\",\"position\":3,\"name\":\"Historia\"}]}]}<\/script>\n<!-- \/ Yoast SEO plugin. -->","yoast_head_json":{"title":"Historia - Grup Nexus","description":"En\u00a01996\u00a0el\u00a0Dr. Samuel Pin\u00f3s cre\u00f3 el centro Nexus Bioest\u00e8tic,\u00a0un centro de est\u00e9tica integral donde encontrar todo el espectro de tratamientos est\u00e9ticos.","robots":{"index":"index","follow":"follow","max-snippet":"max-snippet:-1","max-image-preview":"max-image-preview:large","max-video-preview":"max-video-preview:-1"},"canonical":"https:\/\/grupnexus.com\/es\/grupo-nexus\/historia\/","og_locale":"es_ES","og_type":"article","og_title":"Historia - Grup Nexus","og_description":"En\u00a01996\u00a0el\u00a0Dr. Samuel Pin\u00f3s cre\u00f3 el centro Nexus Bioest\u00e8tic,\u00a0un centro de est\u00e9tica integral donde encontrar todo el espectro de tratamientos est\u00e9ticos.","og_url":"https:\/\/grupnexus.com\/es\/grupo-nexus\/historia\/","og_site_name":"Cl\u00ednica Nexus","article_modified_time":"2019-10-11T15:04:19+00:00","og_image":[{"url":"https:\/\/grupnexus.com\/wp-content\/uploads\/mininexusbioestetic.jpg"}],"twitter_card":"summary","twitter_misc":{"Tiempo de lectura":"3 minutos"},"schema":{"@context":"https:\/\/schema.org","@graph":[{"@type":"WebSite","@id":"https:\/\/grupnexus.com\/es\/#website","url":"https:\/\/grupnexus.com\/es\/","name":"Cl\u00ednica Nexus","description":"L\u00edders en Medicina Est\u00e8tica Avan\u00e7ada","potentialAction":[{"@type":"SearchAction","target":{"@type":"EntryPoint","urlTemplate":"https:\/\/grupnexus.com\/es\/?s={search_term_string}"},"query-input":"required name=search_term_string"}],"inLanguage":"es"},{"@type":"ImageObject","@id":"https:\/\/grupnexus.com\/es\/grupo-nexus\/historia\/#primaryimage","inLanguage":"es","url":"https:\/\/grupnexus.com\/wp-content\/uploads\/mininexusbiomedic.jpg","contentUrl":"https:\/\/grupnexus.com\/wp-content\/uploads\/mininexusbiomedic.jpg","width":70,"height":18},{"@type":"WebPage","@id":"https:\/\/grupnexus.com\/es\/grupo-nexus\/historia\/#webpage","url":"https:\/\/grupnexus.com\/es\/grupo-nexus\/historia\/","name":"Historia - Grup Nexus","isPartOf":{"@id":"https:\/\/grupnexus.com\/es\/#website"},"primaryImageOfPage":{"@id":"https:\/\/grupnexus.com\/es\/grupo-nexus\/historia\/#primaryimage"},"datePublished":"2015-01-21T07:06:28+00:00","dateModified":"2019-10-11T15:04:19+00:00","description":"En\u00a01996\u00a0el\u00a0Dr. Samuel Pin\u00f3s cre\u00f3 el centro Nexus Bioest\u00e8tic,\u00a0un centro de est\u00e9tica integral donde encontrar todo el espectro de tratamientos est\u00e9ticos.","breadcrumb":{"@id":"https:\/\/grupnexus.com\/es\/grupo-nexus\/historia\/#breadcrumb"},"inLanguage":"es","potentialAction":[{"@type":"ReadAction","target":["https:\/\/grupnexus.com\/es\/grupo-nexus\/historia\/"]}]},{"@type":"BreadcrumbList","@id":"https:\/\/grupnexus.com\/es\/grupo-nexus\/historia\/#breadcrumb","itemListElement":[{"@type":"ListItem","position":1,"name":"Portada","item":"https:\/\/grupnexus.com\/es\/"},{"@type":"ListItem","position":2,"name":"Grupo Nexus","item":"https:\/\/grupnexus.com\/es\/grupo-nexus\/"},{"@type":"ListItem","position":3,"name":"Historia"}]}]}},"_links":{"self":[{"href":"https:\/\/grupnexus.com\/es\/wp-json\/wp\/v2\/pages\/988"}],"collection":[{"href":"https:\/\/grupnexus.com\/es\/wp-json\/wp\/v2\/pages"}],"about":[{"href":"https:\/\/grupnexus.com\/es\/wp-json\/wp\/v2\/types\/page"}],"author":[{"embeddable":true,"href":"https:\/\/grupnexus.com\/es\/wp-json\/wp\/v2\/users\/5"}],"replies":[{"embeddable":true,"href":"https:\/\/grupnexus.com\/es\/wp-json\/wp\/v2\/comments?post=988"}],"version-history":[{"count":4,"href":"https:\/\/grupnexus.com\/es\/wp-json\/wp\/v2\/pages\/988\/revisions"}],"predecessor-version":[{"id":12660,"href":"https:\/\/grupnexus.com\/es\/wp-json\/wp\/v2\/pages\/988\/revisions\/12660"}],"up":[{"embeddable":true,"href":"https:\/\/grupnexus.com\/es\/wp-json\/wp\/v2\/pages\/962"}],"wp:attachment":[{"href":"https:\/\/grupnexus.com\/es\/wp-json\/wp\/v2\/media?parent=988"}],"curies":[{"name":"wp","href":"https:\/\/api.w.org\/{rel}","templated":true}]}}