{"id":994,"date":"2015-02-10T06:20:53","date_gmt":"2015-02-10T04:20:53","guid":{"rendered":"http:\/\/www.grupnexus.com\/serveis-al-client\/cosmetic-shop\/"},"modified":"2019-01-29T11:39:59","modified_gmt":"2019-01-29T09:39:59","slug":"cosmetic-shop","status":"publish","type":"page","link":"https:\/\/grupnexus.com\/es\/servicios-al-cliente\/cosmetic-shop\/","title":{"rendered":"Cosmetic Shop"},"content":{"rendered":"<div class=\"row \"><div class=\"wpv-grid grid-3-4  wpv-first-level first unextended\" style=\"padding-top:0px;padding-bottom:0px\" id=\"wpv-column-397db9679ff2ac0889290be169447e97\" >\t\t<h2 class=\"text-divider-double\">\t\t\t\nCosmetic Shop\t\t<\/h2>\t\t<div class=\"sep\"><\/div>\t<\/div>\n<div class=\"wpv-grid grid-1-4  wpv-first-level unextended\" style=\"padding-top:0px;padding-bottom:0px\" id=\"wpv-column-aa75307079d3342f1729e335c6d73d8c\" ><div class=\"push\" style='height:44px'><\/div>\n<!-- Widget Shortcode --><div id=\"search-11\" class=\"widget widget_search widget-shortcode area-wpv_sidebar-tractament-est-facial-cat-left \"><form role=\"search\" method=\"get\" class=\"searchform clearfix\" action=\"https:\/\/grupnexus.com\/es\/\">\n\t<label for=\"search-text-widget\" class=\"visuallyhidden\">Search for:<\/label>\n\t<input id=\"search-text-widget\" type=\"text\" value=\"\" name=\"s\" placeholder=\"Buscar\" required=\"required\" \/>\n\t<input type=\"submit\" value=\"Buscar\" \/>\n\t\t\t<input type=\"hidden\" name=\"lang\" value=\"es\"\/>\n\t<\/form><\/div><!-- \/Widget Shortcode --><\/div><\/div>\n<div class=\"row \"><div class=\"wpv-grid grid-1-4  wpv-first-level first unextended\" style=\"padding-top:0px;padding-bottom:0px\" id=\"wpv-column-1d71db9502422dda43f3c888e3d105cf\" ><!-- Widget Shortcode --><div id=\"nav_menu-14\" class=\"widget widget_nav_menu widget-shortcode area-wpv_sidebar-tractaments-estetica-avancada-cat-left \"><h2 class=\"widgettitle\">Est\u00e9tica avanzada<\/h2><div class=\"menu-tractaments-med-est-avan-es-container\"><ul id=\"menu-tractaments-med-est-avan-es\" class=\"menu\"><li id=\"menu-item-9613\" class=\"menu-item menu-item-type-post_type menu-item-object-page menu-item-9613\"><a href=\"https:\/\/grupnexus.com\/es\/tratamientos\/estetica-avanzada\/dermocosmetica\/\">Dermocosm\u00e9tica<\/a><\/li>\n<li id=\"menu-item-9614\" class=\"menu-item menu-item-type-post_type menu-item-object-page menu-item-9614\"><a href=\"https:\/\/grupnexus.com\/es\/tratamientos\/estetica-avanzada\/energia-vital\/\">Energ\u00eda vital<\/a><\/li>\n<li id=\"menu-item-9616\" class=\"menu-item menu-item-type-post_type menu-item-object-page menu-item-9616\"><a href=\"https:\/\/grupnexus.com\/es\/tratamientos\/estetica-avanzada\/packs-corporales\/\">Packs corporales<\/a><\/li>\n<li id=\"menu-item-9617\" class=\"menu-item menu-item-type-post_type menu-item-object-page menu-item-9617\"><a href=\"https:\/\/grupnexus.com\/es\/tratamientos\/estetica-avanzada\/packs-faciales\/\">Packs faciales<\/a><\/li>\n<li id=\"menu-item-9618\" class=\"menu-item menu-item-type-post_type menu-item-object-page menu-item-9618\"><a href=\"https:\/\/grupnexus.com\/es\/tratamientos\/estetica-avanzada\/spa-termal\/\">Spa-termal<\/a><\/li>\n<\/ul><\/div><\/div><!-- \/Widget Shortcode --><\/div>\n<div class=\"wpv-grid grid-3-4  wpv-first-level unextended\" style=\"padding-top:0px;padding-bottom:0px\" id=\"wpv-column-5f43247c8bdfde215f5098e5235238b4\" ><div class=\"row \"><div class=\"wpv-grid grid-1-1  first unextended\" style=\"padding-top:0px;padding-bottom:0px\" id=\"wpv-column-5563172b0c6ec958a3c6291bfd932450\" ><h3>Cosmetic Shop \u2013 Productos exclusivos de primeras marcas<\/h3>\n<p>Nexus dispone de una l\u00ednea exclusiva propia, <strong>Nexline<\/strong>, creada a partir de un largo y laborioso estudio, pensada para que sea un complemento excelente en todos los tratamientos de Nexus. Por ello, <strong>Nexline<\/strong> incorpora en sus productos <strong>la mejor selecci\u00f3n de principios activos para potenciar los efectos de los tratamientos realizados en Nexus.<\/strong><\/p>\n<p>Adem\u00e1s, en Nexus Bioest\u00e8tic solo encontrar\u00e1s cosm\u00e9tica facial y corporal y tratamientos cosm\u00e9ticos de primeras y reconocidas marcas internacionales, cosm\u00e9tica espa\u00f1ola, americana, italiana y francesa pioneras en todo tipo de tratamientos de belleza y del cuerpo. Y con todo el asesoramiento profesional gratuito.<\/p>\n<ul>\n<li><a href=\"https:\/\/grupnexus.com\/cosmetica-zo-skin\/\">Dr. Obagy<\/a><\/li>\n<li><a href=\"https:\/\/grupnexus.com\/oxygenetix-revolucio-cosmetica-que-cura-tracta-cobreix\/\">Oxygenetix<\/a><\/li>\n<li>Skin Clinic<\/li>\n<li>Ozoaqua<\/li>\n<li>Biologique Recherche<\/li>\n<li>Esthederm<\/li>\n<li>Dermoestetica del sur (velvet)<\/li>\n<li><a href=\"https:\/\/grupnexus.com\/sol-altra-fotoproteccio-heliocare\/\">Heliocare<\/a><\/li>\n<li>Restylane<\/li>\n<li><a href=\"https:\/\/grupnexus.com\/les-propietats-de-loli-dargan\/\">Kapunca<\/a><\/li>\n<li>Skymedic<\/li>\n<\/ul>\n<p>Nutricosm\u00e9tica:<\/p>\n<ul>\n<li>Skymedic<\/li>\n<li>Fitline<\/li>\n<\/ul><\/div><\/div>\n<p><img loading=\"lazy\" class=\"alignleft size-full wp-image-614\" src=\"\/wp-content\/uploads\/Tractaments_EsteticaAvancada_Dermocosmetica.jpg\" alt=\"Dermocosm\u00e9tica\" width=\"800\" height=\"530\" srcset=\"https:\/\/grupnexus.com\/wp-content\/uploads\/Tractaments_EsteticaAvancada_Dermocosmetica.jpg 800w, https:\/\/grupnexus.com\/wp-content\/uploads\/Tractaments_EsteticaAvancada_Dermocosmetica-510x338.jpg 510w, https:\/\/grupnexus.com\/wp-content\/uploads\/Tractaments_EsteticaAvancada_Dermocosmetica-300x199.jpg 300w\" sizes=\"(max-width: 800px) 100vw, 800px\" \/><\/div><\/div>\n<div class=\"sep\"><\/div>\n<div class=\"row \"><div class=\"wpv-grid grid-1-1  wpv-first-level first unextended\" style=\"padding-top:0px;padding-bottom:0px\" id=\"wpv-column-b70ad7a0e7ee5ded42b827eabf51fb54\" ><p><strong><span class=\"buscar\">Quiz\u00e1 estaba buscando:<\/span><\/strong><br \/>\n<span class=\"paraules\">Dermocosm\u00e9tica Lleida, cosm\u00e9tica facial Lleida, cosm\u00e9tica corporal Lleida,<\/span><\/div><\/div>\n","protected":false},"excerpt":{"rendered":"<p>Cosmetic Shop \u2013 Productos exclusivos de primeras marcas Nexus dispone de una l\u00ednea exclusiva propia, Nexline, creada a partir de un largo y laborioso estudio, pensada para que sea un complemento excelente en todos los tratamientos de Nexus. Por ello, Nexline incorpora en sus productos la mejor selecci\u00f3n de principios activos para potenciar los efectos&#8230;<\/p>\n","protected":false},"author":5,"featured_media":0,"parent":8988,"menu_order":0,"comment_status":"closed","ping_status":"closed","template":"","meta":[],"yoast_head":"<!-- This site is optimized with the Yoast SEO plugin v18.6 - https:\/\/yoast.com\/wordpress\/plugins\/seo\/ -->\n<title>Tratamientos reductores Lleida, cosm\u00e8tica<\/title>\n<meta name=\"description\" content=\"En Nexus trabajamos con tecnolog\u00eda de vanguardia para remodelar tu cuerpo. Venta de alta cosm\u00e9tica\" \/>\n<meta name=\"robots\" content=\"index, follow, max-snippet:-1, max-image-preview:large, max-video-preview:-1\" \/>\n<link rel=\"canonical\" href=\"https:\/\/grupnexus.com\/es\/servicios-al-cliente\/cosmetic-shop\/\" \/>\n<meta property=\"og:locale\" content=\"es_ES\" \/>\n<meta property=\"og:type\" content=\"article\" \/>\n<meta property=\"og:title\" content=\"Tratamientos reductores Lleida, cosm\u00e8tica\" \/>\n<meta property=\"og:description\" content=\"En Nexus trabajamos con tecnolog\u00eda de vanguardia para remodelar tu cuerpo. Venta de alta cosm\u00e9tica\" \/>\n<meta property=\"og:url\" content=\"https:\/\/grupnexus.com\/es\/servicios-al-cliente\/cosmetic-shop\/\" \/>\n<meta property=\"og:site_name\" content=\"Cl\u00ednica Nexus\" \/>\n<meta property=\"article:modified_time\" content=\"2019-01-29T09:39:59+00:00\" \/>\n<meta property=\"og:image\" content=\"https:\/\/grupnexus.com\/wp-content\/uploads\/Tractaments_EsteticaAvancada_Dermocosmetica.jpg\" \/>\n<meta name=\"twitter:card\" content=\"summary\" \/>\n<meta name=\"twitter:label1\" content=\"Tiempo de lectura\" \/>\n\t<meta name=\"twitter:data1\" content=\"2 minutos\" \/>\n<script type=\"application\/ld+json\" class=\"yoast-schema-graph\">{\"@context\":\"https:\/\/schema.org\",\"@graph\":[{\"@type\":\"WebSite\",\"@id\":\"https:\/\/grupnexus.com\/es\/#website\",\"url\":\"https:\/\/grupnexus.com\/es\/\",\"name\":\"Cl\u00ednica Nexus\",\"description\":\"L\u00edders en Medicina Est\u00e8tica Avan\u00e7ada\",\"potentialAction\":[{\"@type\":\"SearchAction\",\"target\":{\"@type\":\"EntryPoint\",\"urlTemplate\":\"https:\/\/grupnexus.com\/es\/?s={search_term_string}\"},\"query-input\":\"required name=search_term_string\"}],\"inLanguage\":\"es\"},{\"@type\":\"WebPage\",\"@id\":\"https:\/\/grupnexus.com\/es\/servicios-al-cliente\/cosmetic-shop\/#webpage\",\"url\":\"https:\/\/grupnexus.com\/es\/servicios-al-cliente\/cosmetic-shop\/\",\"name\":\"Tratamientos reductores Lleida, cosm\u00e8tica\",\"isPartOf\":{\"@id\":\"https:\/\/grupnexus.com\/es\/#website\"},\"datePublished\":\"2015-02-10T04:20:53+00:00\",\"dateModified\":\"2019-01-29T09:39:59+00:00\",\"description\":\"En Nexus trabajamos con tecnolog\u00eda de vanguardia para remodelar tu cuerpo. Venta de alta cosm\u00e9tica\",\"breadcrumb\":{\"@id\":\"https:\/\/grupnexus.com\/es\/servicios-al-cliente\/cosmetic-shop\/#breadcrumb\"},\"inLanguage\":\"es\",\"potentialAction\":[{\"@type\":\"ReadAction\",\"target\":[\"https:\/\/grupnexus.com\/es\/servicios-al-cliente\/cosmetic-shop\/\"]}]},{\"@type\":\"BreadcrumbList\",\"@id\":\"https:\/\/grupnexus.com\/es\/servicios-al-cliente\/cosmetic-shop\/#breadcrumb\",\"itemListElement\":[{\"@type\":\"ListItem\",\"position\":1,\"name\":\"Portada\",\"item\":\"https:\/\/grupnexus.com\/es\/\"},{\"@type\":\"ListItem\",\"position\":2,\"name\":\"Novedades, ofertas y promociones&#8230;\",\"item\":\"https:\/\/grupnexus.com\/es\/servicios-al-cliente\/\"},{\"@type\":\"ListItem\",\"position\":3,\"name\":\"Cosmetic Shop\"}]}]}<\/script>\n<!-- \/ Yoast SEO plugin. -->","yoast_head_json":{"title":"Tratamientos reductores Lleida, cosm\u00e8tica","description":"En Nexus trabajamos con tecnolog\u00eda de vanguardia para remodelar tu cuerpo. Venta de alta cosm\u00e9tica","robots":{"index":"index","follow":"follow","max-snippet":"max-snippet:-1","max-image-preview":"max-image-preview:large","max-video-preview":"max-video-preview:-1"},"canonical":"https:\/\/grupnexus.com\/es\/servicios-al-cliente\/cosmetic-shop\/","og_locale":"es_ES","og_type":"article","og_title":"Tratamientos reductores Lleida, cosm\u00e8tica","og_description":"En Nexus trabajamos con tecnolog\u00eda de vanguardia para remodelar tu cuerpo. Venta de alta cosm\u00e9tica","og_url":"https:\/\/grupnexus.com\/es\/servicios-al-cliente\/cosmetic-shop\/","og_site_name":"Cl\u00ednica Nexus","article_modified_time":"2019-01-29T09:39:59+00:00","og_image":[{"url":"https:\/\/grupnexus.com\/wp-content\/uploads\/Tractaments_EsteticaAvancada_Dermocosmetica.jpg"}],"twitter_card":"summary","twitter_misc":{"Tiempo de lectura":"2 minutos"},"schema":{"@context":"https:\/\/schema.org","@graph":[{"@type":"WebSite","@id":"https:\/\/grupnexus.com\/es\/#website","url":"https:\/\/grupnexus.com\/es\/","name":"Cl\u00ednica Nexus","description":"L\u00edders en Medicina Est\u00e8tica Avan\u00e7ada","potentialAction":[{"@type":"SearchAction","target":{"@type":"EntryPoint","urlTemplate":"https:\/\/grupnexus.com\/es\/?s={search_term_string}"},"query-input":"required name=search_term_string"}],"inLanguage":"es"},{"@type":"WebPage","@id":"https:\/\/grupnexus.com\/es\/servicios-al-cliente\/cosmetic-shop\/#webpage","url":"https:\/\/grupnexus.com\/es\/servicios-al-cliente\/cosmetic-shop\/","name":"Tratamientos reductores Lleida, cosm\u00e8tica","isPartOf":{"@id":"https:\/\/grupnexus.com\/es\/#website"},"datePublished":"2015-02-10T04:20:53+00:00","dateModified":"2019-01-29T09:39:59+00:00","description":"En Nexus trabajamos con tecnolog\u00eda de vanguardia para remodelar tu cuerpo. Venta de alta cosm\u00e9tica","breadcrumb":{"@id":"https:\/\/grupnexus.com\/es\/servicios-al-cliente\/cosmetic-shop\/#breadcrumb"},"inLanguage":"es","potentialAction":[{"@type":"ReadAction","target":["https:\/\/grupnexus.com\/es\/servicios-al-cliente\/cosmetic-shop\/"]}]},{"@type":"BreadcrumbList","@id":"https:\/\/grupnexus.com\/es\/servicios-al-cliente\/cosmetic-shop\/#breadcrumb","itemListElement":[{"@type":"ListItem","position":1,"name":"Portada","item":"https:\/\/grupnexus.com\/es\/"},{"@type":"ListItem","position":2,"name":"Novedades, ofertas y promociones&#8230;","item":"https:\/\/grupnexus.com\/es\/servicios-al-cliente\/"},{"@type":"ListItem","position":3,"name":"Cosmetic Shop"}]}]}},"_links":{"self":[{"href":"https:\/\/grupnexus.com\/es\/wp-json\/wp\/v2\/pages\/994"}],"collection":[{"href":"https:\/\/grupnexus.com\/es\/wp-json\/wp\/v2\/pages"}],"about":[{"href":"https:\/\/grupnexus.com\/es\/wp-json\/wp\/v2\/types\/page"}],"author":[{"embeddable":true,"href":"https:\/\/grupnexus.com\/es\/wp-json\/wp\/v2\/users\/5"}],"replies":[{"embeddable":true,"href":"https:\/\/grupnexus.com\/es\/wp-json\/wp\/v2\/comments?post=994"}],"version-history":[{"count":8,"href":"https:\/\/grupnexus.com\/es\/wp-json\/wp\/v2\/pages\/994\/revisions"}],"predecessor-version":[{"id":20726,"href":"https:\/\/grupnexus.com\/es\/wp-json\/wp\/v2\/pages\/994\/revisions\/20726"}],"up":[{"embeddable":true,"href":"https:\/\/grupnexus.com\/es\/wp-json\/wp\/v2\/pages\/8988"}],"wp:attachment":[{"href":"https:\/\/grupnexus.com\/es\/wp-json\/wp\/v2\/media?parent=994"}],"curies":[{"name":"wp","href":"https:\/\/api.w.org\/{rel}","templated":true}]}}