{"id":995,"date":"2015-02-10T06:19:02","date_gmt":"2015-02-10T04:19:02","guid":{"rendered":"http:\/\/www.grupnexus.com\/serveis-al-client\/promocions-descomptes-especials\/"},"modified":"2016-03-06T17:06:12","modified_gmt":"2016-03-06T15:06:12","slug":"promociones-y-descuentos-especiales","status":"publish","type":"page","link":"https:\/\/grupnexus.com\/es\/servicios-al-cliente\/promociones-y-descuentos-especiales\/","title":{"rendered":"Promociones y descuentos especiales"},"content":{"rendered":"\t\t<h2 class=\"text-divider-double\">\t\t\t\nPromociones y descuentos especiales\t\t<\/h2>\t\t<div class=\"sep\"><\/div>\t\n<div class=\"row \"><div class=\"wpv-grid grid-1-2  wpv-first-level first unextended\" style=\"padding-top:0px;padding-bottom:0px\" id=\"wpv-column-4428b2aa0a353f43e6f19ecd608df165\" ><div class=\"row \"><div class=\"wpv-grid grid-5-6  first unextended\" style=\"padding-top:0px;padding-bottom:0px\" id=\"wpv-column-50214c5be9638b711e7a139bd51ca449\" ><p><img loading=\"lazy\" class=\"aligncenter size-full wp-image-9497\" src=\"https:\/\/grupnexus.com\/wp-content\/uploads\/clubpremium-1.png\" alt=\"clubpremium\" width=\"622\" height=\"410\" srcset=\"https:\/\/grupnexus.com\/wp-content\/uploads\/clubpremium-1.png 622w, https:\/\/grupnexus.com\/wp-content\/uploads\/clubpremium-1-510x336.png 510w, https:\/\/grupnexus.com\/wp-content\/uploads\/clubpremium-1-300x198.png 300w, https:\/\/grupnexus.com\/wp-content\/uploads\/clubpremium-1-555x366.png 555w, https:\/\/grupnexus.com\/wp-content\/uploads\/clubpremium-1-360x237.png 360w, https:\/\/grupnexus.com\/wp-content\/uploads\/clubpremium-1-262x173.png 262w\" sizes=\"(max-width: 622px) 100vw, 622px\" \/><\/div><\/div><\/div>\n<div class=\"wpv-grid grid-1-2  wpv-first-level unextended\" style=\"padding-top:0px;padding-bottom:0px\" id=\"wpv-column-441cd8e8eee30c9132d74bc25cec9517\" ><p>Promociones y descuentos especiales para:<\/p>\n<ul>\n<li>Socios de clubes deportivos<\/li>\n<li>Funcionarios<\/li>\n<li>Sector M\u00e9dico<\/li>\n<li><a href=\"http:\/\/www.teatredelallotja.cat\/es\/amics-del-teatro\/ventajas\/\" target=\"_blank\">20% descuento en packs l\u00e1seres m\u00e9dicos a los \u00abAmics de la llotja\u00bb<\/a><\/li>\n<li>Grupos (a partir de 5)<\/li>\n<li>Familia numerosa<\/li>\n<li>Menores de 25 a\u00f1os<\/li>\n<li>Mayores de 65 a\u00f1os<\/li>\n<li>parados<\/li>\n<li>mutuas<\/li>\n<li>Etc \u2026<\/li>\n<\/ul><\/div><\/div>\n<div class=\"sep\"><\/div>\n<div class=\"row \"><div class=\"wpv-grid grid-1-1  wpv-first-level first unextended\" style=\"padding-top:0px;padding-bottom:0px\" id=\"wpv-column-f886562ce477fb45001fac3554beaa57\" ><p style=\"text-align: center;\"><div class=\"push\" style='height:5px'><\/div>\n<h3 style=\"text-align: center;\">Conoce el resto de ventajas \u00a0 <a href=\"\/es\/servicios-al-cliente\/\" target=\"_self\" style='font-size: 18px;' class=\"button vamtam-button accent1  button-border hover-accent1 \"><span class=\"btext\">Servicios al cliente \u2192<\/span><\/a><\/h3><\/div><\/div>\n","protected":false},"excerpt":{"rendered":"<p>Promociones y descuentos especiales para: Socios de clubes deportivos Funcionarios Sector M\u00e9dico 20% descuento en packs l\u00e1seres m\u00e9dicos a los \u00abAmics de la llotja\u00bb Grupos (a partir de 5) Familia numerosa Menores de 25 a\u00f1os Mayores de 65 a\u00f1os parados mutuas Etc \u2026 Conoce el resto de ventajas \u00a0<\/p>\n","protected":false},"author":5,"featured_media":0,"parent":8988,"menu_order":0,"comment_status":"closed","ping_status":"closed","template":"","meta":[],"yoast_head":"<!-- This site is optimized with the Yoast SEO plugin v18.6 - https:\/\/yoast.com\/wordpress\/plugins\/seo\/ -->\n<title>Promociones y descuentos especiales - Cl\u00ednica Nexus<\/title>\n<meta name=\"robots\" content=\"index, follow, max-snippet:-1, max-image-preview:large, max-video-preview:-1\" \/>\n<link rel=\"canonical\" href=\"https:\/\/grupnexus.com\/es\/servicios-al-cliente\/promociones-y-descuentos-especiales\/\" \/>\n<meta property=\"og:locale\" content=\"es_ES\" \/>\n<meta property=\"og:type\" content=\"article\" \/>\n<meta property=\"og:title\" content=\"Promociones y descuentos especiales - Cl\u00ednica Nexus\" \/>\n<meta property=\"og:description\" content=\"Promociones y descuentos especiales para: Socios de clubes deportivos Funcionarios Sector M\u00e9dico 20% descuento en packs l\u00e1seres m\u00e9dicos a los \u00abAmics de la llotja\u00bb Grupos (a partir de 5) Familia numerosa Menores de 25 a\u00f1os Mayores de 65 a\u00f1os parados mutuas Etc \u2026 Conoce el resto de ventajas \u00a0\" \/>\n<meta property=\"og:url\" content=\"https:\/\/grupnexus.com\/es\/servicios-al-cliente\/promociones-y-descuentos-especiales\/\" \/>\n<meta property=\"og:site_name\" content=\"Cl\u00ednica Nexus\" \/>\n<meta property=\"article:modified_time\" content=\"2016-03-06T15:06:12+00:00\" \/>\n<meta property=\"og:image\" content=\"https:\/\/grupnexus.com\/wp-content\/uploads\/clubpremium-1.png\" \/>\n<meta name=\"twitter:card\" content=\"summary\" \/>\n<meta name=\"twitter:label1\" content=\"Tiempo de lectura\" \/>\n\t<meta name=\"twitter:data1\" content=\"1 minuto\" \/>\n<script type=\"application\/ld+json\" class=\"yoast-schema-graph\">{\"@context\":\"https:\/\/schema.org\",\"@graph\":[{\"@type\":\"WebSite\",\"@id\":\"https:\/\/grupnexus.com\/es\/#website\",\"url\":\"https:\/\/grupnexus.com\/es\/\",\"name\":\"Cl\u00ednica Nexus\",\"description\":\"L\u00edders en Medicina Est\u00e8tica Avan\u00e7ada\",\"potentialAction\":[{\"@type\":\"SearchAction\",\"target\":{\"@type\":\"EntryPoint\",\"urlTemplate\":\"https:\/\/grupnexus.com\/es\/?s={search_term_string}\"},\"query-input\":\"required name=search_term_string\"}],\"inLanguage\":\"es\"},{\"@type\":\"ImageObject\",\"@id\":\"https:\/\/grupnexus.com\/es\/servicios-al-cliente\/promociones-y-descuentos-especiales\/#primaryimage\",\"inLanguage\":\"es\",\"url\":\"https:\/\/grupnexus.com\/wp-content\/uploads\/clubpremium-1.png\",\"contentUrl\":\"https:\/\/grupnexus.com\/wp-content\/uploads\/clubpremium-1.png\",\"width\":622,\"height\":410},{\"@type\":\"WebPage\",\"@id\":\"https:\/\/grupnexus.com\/es\/servicios-al-cliente\/promociones-y-descuentos-especiales\/#webpage\",\"url\":\"https:\/\/grupnexus.com\/es\/servicios-al-cliente\/promociones-y-descuentos-especiales\/\",\"name\":\"Promociones y descuentos especiales - Cl\u00ednica Nexus\",\"isPartOf\":{\"@id\":\"https:\/\/grupnexus.com\/es\/#website\"},\"primaryImageOfPage\":{\"@id\":\"https:\/\/grupnexus.com\/es\/servicios-al-cliente\/promociones-y-descuentos-especiales\/#primaryimage\"},\"datePublished\":\"2015-02-10T04:19:02+00:00\",\"dateModified\":\"2016-03-06T15:06:12+00:00\",\"breadcrumb\":{\"@id\":\"https:\/\/grupnexus.com\/es\/servicios-al-cliente\/promociones-y-descuentos-especiales\/#breadcrumb\"},\"inLanguage\":\"es\",\"potentialAction\":[{\"@type\":\"ReadAction\",\"target\":[\"https:\/\/grupnexus.com\/es\/servicios-al-cliente\/promociones-y-descuentos-especiales\/\"]}]},{\"@type\":\"BreadcrumbList\",\"@id\":\"https:\/\/grupnexus.com\/es\/servicios-al-cliente\/promociones-y-descuentos-especiales\/#breadcrumb\",\"itemListElement\":[{\"@type\":\"ListItem\",\"position\":1,\"name\":\"Portada\",\"item\":\"https:\/\/grupnexus.com\/es\/\"},{\"@type\":\"ListItem\",\"position\":2,\"name\":\"Novedades, ofertas y promociones&#8230;\",\"item\":\"https:\/\/grupnexus.com\/es\/servicios-al-cliente\/\"},{\"@type\":\"ListItem\",\"position\":3,\"name\":\"Promociones y descuentos especiales\"}]}]}<\/script>\n<!-- \/ Yoast SEO plugin. -->","yoast_head_json":{"title":"Promociones y descuentos especiales - Cl\u00ednica Nexus","robots":{"index":"index","follow":"follow","max-snippet":"max-snippet:-1","max-image-preview":"max-image-preview:large","max-video-preview":"max-video-preview:-1"},"canonical":"https:\/\/grupnexus.com\/es\/servicios-al-cliente\/promociones-y-descuentos-especiales\/","og_locale":"es_ES","og_type":"article","og_title":"Promociones y descuentos especiales - Cl\u00ednica Nexus","og_description":"Promociones y descuentos especiales para: Socios de clubes deportivos Funcionarios Sector M\u00e9dico 20% descuento en packs l\u00e1seres m\u00e9dicos a los \u00abAmics de la llotja\u00bb Grupos (a partir de 5) Familia numerosa Menores de 25 a\u00f1os Mayores de 65 a\u00f1os parados mutuas Etc \u2026 Conoce el resto de ventajas \u00a0","og_url":"https:\/\/grupnexus.com\/es\/servicios-al-cliente\/promociones-y-descuentos-especiales\/","og_site_name":"Cl\u00ednica Nexus","article_modified_time":"2016-03-06T15:06:12+00:00","og_image":[{"url":"https:\/\/grupnexus.com\/wp-content\/uploads\/clubpremium-1.png"}],"twitter_card":"summary","twitter_misc":{"Tiempo de lectura":"1 minuto"},"schema":{"@context":"https:\/\/schema.org","@graph":[{"@type":"WebSite","@id":"https:\/\/grupnexus.com\/es\/#website","url":"https:\/\/grupnexus.com\/es\/","name":"Cl\u00ednica Nexus","description":"L\u00edders en Medicina Est\u00e8tica Avan\u00e7ada","potentialAction":[{"@type":"SearchAction","target":{"@type":"EntryPoint","urlTemplate":"https:\/\/grupnexus.com\/es\/?s={search_term_string}"},"query-input":"required name=search_term_string"}],"inLanguage":"es"},{"@type":"ImageObject","@id":"https:\/\/grupnexus.com\/es\/servicios-al-cliente\/promociones-y-descuentos-especiales\/#primaryimage","inLanguage":"es","url":"https:\/\/grupnexus.com\/wp-content\/uploads\/clubpremium-1.png","contentUrl":"https:\/\/grupnexus.com\/wp-content\/uploads\/clubpremium-1.png","width":622,"height":410},{"@type":"WebPage","@id":"https:\/\/grupnexus.com\/es\/servicios-al-cliente\/promociones-y-descuentos-especiales\/#webpage","url":"https:\/\/grupnexus.com\/es\/servicios-al-cliente\/promociones-y-descuentos-especiales\/","name":"Promociones y descuentos especiales - Cl\u00ednica Nexus","isPartOf":{"@id":"https:\/\/grupnexus.com\/es\/#website"},"primaryImageOfPage":{"@id":"https:\/\/grupnexus.com\/es\/servicios-al-cliente\/promociones-y-descuentos-especiales\/#primaryimage"},"datePublished":"2015-02-10T04:19:02+00:00","dateModified":"2016-03-06T15:06:12+00:00","breadcrumb":{"@id":"https:\/\/grupnexus.com\/es\/servicios-al-cliente\/promociones-y-descuentos-especiales\/#breadcrumb"},"inLanguage":"es","potentialAction":[{"@type":"ReadAction","target":["https:\/\/grupnexus.com\/es\/servicios-al-cliente\/promociones-y-descuentos-especiales\/"]}]},{"@type":"BreadcrumbList","@id":"https:\/\/grupnexus.com\/es\/servicios-al-cliente\/promociones-y-descuentos-especiales\/#breadcrumb","itemListElement":[{"@type":"ListItem","position":1,"name":"Portada","item":"https:\/\/grupnexus.com\/es\/"},{"@type":"ListItem","position":2,"name":"Novedades, ofertas y promociones&#8230;","item":"https:\/\/grupnexus.com\/es\/servicios-al-cliente\/"},{"@type":"ListItem","position":3,"name":"Promociones y descuentos especiales"}]}]}},"_links":{"self":[{"href":"https:\/\/grupnexus.com\/es\/wp-json\/wp\/v2\/pages\/995"}],"collection":[{"href":"https:\/\/grupnexus.com\/es\/wp-json\/wp\/v2\/pages"}],"about":[{"href":"https:\/\/grupnexus.com\/es\/wp-json\/wp\/v2\/types\/page"}],"author":[{"embeddable":true,"href":"https:\/\/grupnexus.com\/es\/wp-json\/wp\/v2\/users\/5"}],"replies":[{"embeddable":true,"href":"https:\/\/grupnexus.com\/es\/wp-json\/wp\/v2\/comments?post=995"}],"version-history":[{"count":0,"href":"https:\/\/grupnexus.com\/es\/wp-json\/wp\/v2\/pages\/995\/revisions"}],"up":[{"embeddable":true,"href":"https:\/\/grupnexus.com\/es\/wp-json\/wp\/v2\/pages\/8988"}],"wp:attachment":[{"href":"https:\/\/grupnexus.com\/es\/wp-json\/wp\/v2\/media?parent=995"}],"curies":[{"name":"wp","href":"https:\/\/api.w.org\/{rel}","templated":true}]}}