{"id":997,"date":"2015-02-10T06:27:59","date_gmt":"2015-02-10T04:27:59","guid":{"rendered":"http:\/\/www.grupnexus.com\/serveis-al-client\/tecnologia-de-darrera-generacio\/"},"modified":"2016-10-04T23:00:03","modified_gmt":"2016-10-04T21:00:03","slug":"tecnologia-de-ultima-generacion","status":"publish","type":"page","link":"https:\/\/grupnexus.com\/es\/servicios-al-cliente\/tecnologia-de-ultima-generacion\/","title":{"rendered":"Tecnolog\u00eda de \u00faltima generaci\u00f3n"},"content":{"rendered":"<div class=\"row \"><div class=\"wpv-grid grid-2-3  wpv-first-level first unextended\" style=\"padding-top:0px;padding-bottom:0px\" id=\"wpv-column-a04120fbc3928b4117ce41eabad04707\" ><div class=\"row \"><div class=\"wpv-grid grid-1-1  first unextended animation-from-left animated-active\" style=\"padding-top:0px;padding-bottom:0px\" id=\"wpv-column-cc56b224b5174376e15804519c4be00b\" ><h1 style=\"margin-top: 100px;\">PicoSure\u00ae<\/h1>\n<h2 style=\"color: #000; line-height: 1.5em;\">La nueva era para la eliminaci\u00f3n de tatuajes y manchas<\/h2>\n<h3>Directamente desde los Estados Unidos y en exclusiva <strong>en Catalu\u00f1a i Arag\u00f3n, llega a Cl\u00ednica Nexus el l\u00e1ser de picosegundos m\u00e1s avanzado del mundo<\/strong><\/h3>\n<p>&#8211; Mayor eficacia<br \/>\n&#8211; Menos sesiones<br \/>\n&#8211; Total tolerabilidad<br \/>\n&#8211; No deja cicatrices<br \/>\n&#8211; Eliminaci\u00f3n de todo tipo y cualquier color de tatuaje<br \/>\n&#8211; Eliminaci\u00f3n de manchas pigmentadas<br \/>\n&#8211; Tratamiento de cicatrices de acn\u00e9<br \/>\n&#8211; Revitalizaci\u00f3n cut\u00e1nea facial, cuello, escote, manos y brazos<br \/>\n&#8211; Eliminaci\u00f3n de estrias<\/div><\/div><\/div>\n<div class=\"wpv-grid grid-1-3  wpv-first-level unextended animation-from-right animated-active\" style=\"padding-top:0px;padding-bottom:0px\" id=\"wpv-column-af36f7b18e51aadfdd5f473cdd835b3a\" ><p><img loading=\"lazy\" class=\"aligncenter wp-image-11222 size-large\" src=\"https:\/\/grupnexus.com\/wp-content\/uploads\/picosure-clinica-nexus-566x1024.png\" alt=\"picosure-clinica-nexus\" width=\"566\" height=\"1024\" \/><\/div><\/div>\n<div class=\"row \"><div class=\"wpv-grid grid-1-1  wpv-first-level first unextended\" style=\"padding-top:0px;padding-bottom:0px\" id=\"wpv-column-d5d2a9e4df3c1c60fc7e114c935325c4\" ><div class=\"row \"><div class=\"wpv-grid grid-1-1  first unextended animation-fade-in animated-active\" style=\"padding-top:0px;padding-bottom:0px\" id=\"wpv-column-a6535a5b3193a77bbf75dc91883e871b\" ><h2 class='column-title'>Para saber m\u00e1s...<\/h2><div class=\"loop-wrapper clearfix news row small not-paginated\" data-columns=\"3\"  >\n\t\t<div class=\"page-content post-header grid-1-3 clearboth list-item post-10669 post type-post status-publish format-standard has-post-thumbnail hentry category-actualidad category-noticias\" itemscope=\"itemscope\" itemtype=\"http:\/\/schema.org\/BlogPosting\">\n\t\t\t<div>\n\t\t\t\t<div class=\"post-article has-image-wrapper \">\n\t<meta itemscope itemprop=\"mainEntityOfPage\" itemid=\"https:\/\/grupnexus.com\/es\/picosure-nueva-eliminacio-dels-tatuatges\/\" \/><meta itemprop=\"datePublished\" content=\"2018-02-14\" \/><meta itemprop=\"dateModified\" content=\"2018-02-16\" \/><meta itemprop=\"headline\" content=\"La soluci\u00f3n definitiva para eliminar manchas y tatuajes &#8211; PicoSure\u00ae\" \/><div itemprop=\"publisher\" itemscope itemtype=\"https:\/\/schema.org\/Organization\"><meta itemprop=\"name\" content=\"Cl\u00ednica Nexus\"><meta itemprop=\"url\" content=\"https:\/\/grupnexus.com\/es\/\"><div itemprop=\"logo\" itemscope itemtype=\"https:\/\/schema.org\/ImageObject\"><meta itemprop=\"url\" content=\"https:\/\/grupnexus.com\/wp-content\/uploads\/LOGO-300x751.png\"><\/div><\/div><div itemscope itemprop=\"author\" itemtype=\"http:\/\/schema.org\/Person\"><meta itemprop=\"url\" content=\"https:\/\/grupnexus.com\/es\/author\/hst\/\" \/><meta itemprop=\"name\" content=\"Cl\u00ednica Nexus\" \/><\/div><div itemscope itemprop=\"image\" itemtype=\"http:\/\/schema.org\/ImageObject\"><meta itemprop=\"url\" content=\"https:\/\/grupnexus.com\/wp-content\/uploads\/2018\/02\/nexus.jpg\" \/><meta itemprop=\"width\" content=\"1280\" \/><meta itemprop=\"height\" content=\"855\" \/><\/div><div itemprop=\"interactionStatistic\" itemscope itemtype=\"http:\/\/schema.org\/InteractionCounter\"><meta itemprop=\"interactionType\" content=\"http:\/\/schema.org\/CommentAction\" \/><meta itemprop=\"userInteractionCount\" content=\"0\" \/><\/div>\t<div class=\"standard-post-format clearfix as-image \">\n\t\t\t<div class=\"thumbnail\">\n\t\t\t\t\t\t<img width=\"360\" height=\"276\" src=\"https:\/\/grupnexus.com\/wp-content\/uploads\/2018\/02\/nexus-360x276.jpg\" class=\"attachment-post-small-3 size-post-small-3 wp-post-image\" alt=\"eliminaci\u00f3 tatuatges picosure\" loading=\"lazy\" srcset=\"https:\/\/grupnexus.com\/wp-content\/uploads\/2018\/02\/nexus-360x276.jpg 360w, https:\/\/grupnexus.com\/wp-content\/uploads\/2018\/02\/nexus-480x369.jpg 480w, https:\/\/grupnexus.com\/wp-content\/uploads\/2018\/02\/nexus-555x426.jpg 555w, https:\/\/grupnexus.com\/wp-content\/uploads\/2018\/02\/nexus-262x201.jpg 262w\" sizes=\"(min-width: 900px) 50vw, 100vw\" \/>\t\t\t<\/div>\n\n\t<div class=\"post-content-wrapper\">\n\t\t\t\t<header class=\"single\">\n\t\t\t<div class=\"content\">\n\t\t\t\t<h3>\n\t\t\t\t\t<a href=\"https:\/\/grupnexus.com\/es\/picosure-nueva-eliminacio-dels-tatuatges\/\" title=\"La soluci\u00f3n definitiva para eliminar manchas y tatuajes &#8211; PicoSure\u00ae\" class=\"entry-title\">La soluci\u00f3n definitiva para eliminar manchas y tatuajes &#8211; PicoSure\u00ae<\/a>\n\t\t\t\t<\/h3>\n\t\t\t<\/div>\n\t\t<\/header>\n\t\n\t\t<div class=\"post-actions-wrapper\">\n\t\t\t\t\t\t\t<div class=\"post-date\">\n\t\t\t\t\t14 febrero, 2018\t\t\t\t<\/div>\n\t\t\t\t\t\t\t\t\t\t\n\t\t\t\t\t\t\t\t\t<\/div>\n\n\t\t<div class=\"post-content-outer\">\n\t\t\t<p>Cl\u00ednica Nexus, referente tecnol\u00f3gico en el \u00e1rea Dermoest\u00e9tica, ha sido la primera de Espa\u00f1a y&#8230;<\/p>\n\t\t<\/div>\n\n\t\t\t\t\t<div class=\"post-content-meta\">\n\t\t\t\t<div>\n\t\t\t\t\tPosted in:  <a href=\"https:\/\/grupnexus.com\/es\/category\/blog\/actualidad\/\" rel=\"category tag\">Actualidad<\/a>, <a href=\"https:\/\/grupnexus.com\/es\/category\/prensa\/noticias\/\" rel=\"category tag\">Noticias<\/a>\t\t\t\t<\/div>\n\t\t\t\t\t\t\t<\/div>\n\t\t\t<\/div>\n\t<\/div>\n<\/div>\n\t\t\t<\/div>\n\t\t<\/div>\n\t\t<div class=\"page-content post-header grid-1-3 list-item post-10460 post type-post status-publish format-standard has-post-thumbnail hentry category-actualidad category-blog tag-eliminacio-tatuatges-es tag-eliminacion-tatuajes tag-laser-picosure-es\" itemscope=\"itemscope\" itemtype=\"http:\/\/schema.org\/BlogPosting\">\n\t\t\t<div>\n\t\t\t\t<div class=\"post-article has-image-wrapper \">\n\t<meta itemscope itemprop=\"mainEntityOfPage\" itemid=\"https:\/\/grupnexus.com\/es\/laser-picosure-el-mas-avanzado-del-mundo-para-eliminacion-de-tatuajes\/\" \/><meta itemprop=\"datePublished\" content=\"2016-04-22\" \/><meta itemprop=\"dateModified\" content=\"2016-10-04\" \/><meta itemprop=\"headline\" content=\"Eliminaci\u00f3n de tatuajes con l\u00e1ser Picosure, el m\u00e1s avanzado del mundo\" \/><div itemprop=\"publisher\" itemscope itemtype=\"https:\/\/schema.org\/Organization\"><meta itemprop=\"name\" content=\"Cl\u00ednica Nexus\"><meta itemprop=\"url\" content=\"https:\/\/grupnexus.com\/es\/\"><div itemprop=\"logo\" itemscope itemtype=\"https:\/\/schema.org\/ImageObject\"><meta itemprop=\"url\" content=\"https:\/\/grupnexus.com\/wp-content\/uploads\/LOGO-300x751.png\"><\/div><\/div><div itemscope itemprop=\"author\" itemtype=\"http:\/\/schema.org\/Person\"><meta itemprop=\"url\" content=\"https:\/\/grupnexus.com\/es\/author\/hst\/\" \/><meta itemprop=\"name\" content=\"Cl\u00ednica Nexus\" \/><\/div><div itemscope itemprop=\"image\" itemtype=\"http:\/\/schema.org\/ImageObject\"><meta itemprop=\"url\" content=\"https:\/\/grupnexus.com\/wp-content\/uploads\/foto-tatu15060558_xl.jpeg\" \/><meta itemprop=\"width\" content=\"613\" \/><meta itemprop=\"height\" content=\"878\" \/><\/div><div itemprop=\"interactionStatistic\" itemscope itemtype=\"http:\/\/schema.org\/InteractionCounter\"><meta itemprop=\"interactionType\" content=\"http:\/\/schema.org\/CommentAction\" \/><meta itemprop=\"userInteractionCount\" content=\"0\" \/><\/div>\t<div class=\"standard-post-format clearfix as-image \">\n\t\t\t<div class=\"thumbnail\">\n\t\t\t\t\t\t<img width=\"360\" height=\"276\" src=\"https:\/\/grupnexus.com\/wp-content\/uploads\/foto-tatu15060558_xl-360x276.jpeg\" class=\"attachment-post-small-3 size-post-small-3 wp-post-image\" alt=\"eliminaci\u00f3 tatuatges picosure\" loading=\"lazy\" srcset=\"https:\/\/grupnexus.com\/wp-content\/uploads\/foto-tatu15060558_xl-360x276.jpeg 360w, https:\/\/grupnexus.com\/wp-content\/uploads\/foto-tatu15060558_xl-480x369.jpeg 480w, https:\/\/grupnexus.com\/wp-content\/uploads\/foto-tatu15060558_xl-555x426.jpeg 555w, https:\/\/grupnexus.com\/wp-content\/uploads\/foto-tatu15060558_xl-262x201.jpeg 262w\" sizes=\"(min-width: 900px) 50vw, 100vw\" \/>\t\t\t<\/div>\n\n\t<div class=\"post-content-wrapper\">\n\t\t\t\t<header class=\"single\">\n\t\t\t<div class=\"content\">\n\t\t\t\t<h3>\n\t\t\t\t\t<a href=\"https:\/\/grupnexus.com\/es\/laser-picosure-el-mas-avanzado-del-mundo-para-eliminacion-de-tatuajes\/\" title=\"Eliminaci\u00f3n de tatuajes con l\u00e1ser Picosure, el m\u00e1s avanzado del mundo\" class=\"entry-title\">Eliminaci\u00f3n de tatuajes con l\u00e1ser Picosure, el m\u00e1s avanzado del mundo<\/a>\n\t\t\t\t<\/h3>\n\t\t\t<\/div>\n\t\t<\/header>\n\t\n\t\t<div class=\"post-actions-wrapper\">\n\t\t\t\t\t\t\t<div class=\"post-date\">\n\t\t\t\t\t22 abril, 2016\t\t\t\t<\/div>\n\t\t\t\t\t\t\t\t\t\t\n\t\t\t\t\t\t\t\t\t<\/div>\n\n\t\t<div class=\"post-content-outer\">\n\t\t\t<p>Este abril tenemos grandes novedades para contarte, porque llegamos directamente de Boston, donde Cl\u00ednica Nexus&#8230;<\/p>\n\t\t<\/div>\n\n\t\t\t\t\t<div class=\"post-content-meta\">\n\t\t\t\t<div>\n\t\t\t\t\tPosted in:  <a href=\"https:\/\/grupnexus.com\/es\/category\/blog\/actualidad\/\" rel=\"category tag\">Actualidad<\/a>, <a href=\"https:\/\/grupnexus.com\/es\/category\/blog\/\" rel=\"category tag\">Blog<\/a>\t\t\t\t<\/div>\n\t\t\t\t<div class=\"the-tags\">Tags: <a href=\"https:\/\/grupnexus.com\/es\/tag\/eliminacio-tatuatges-es\/\" rel=\"tag\">eliminaci\u00f3 tatuatges<\/a>, <a href=\"https:\/\/grupnexus.com\/es\/tag\/eliminacion-tatuajes\/\" rel=\"tag\">eliminaci\u00f3n tatuajes<\/a>, <a href=\"https:\/\/grupnexus.com\/es\/tag\/laser-picosure-es\/\" rel=\"tag\">laser picosure<\/a><\/div>\t\t\t<\/div>\n\t\t\t<\/div>\n\t<\/div>\n<\/div>\n\t\t\t<\/div>\n\t\t<\/div>\n\t\t<div class=\"page-content post-header grid-1-3 list-item post-9973 post type-post status-publish format-standard has-post-thumbnail hentry category-noticias\" itemscope=\"itemscope\" itemtype=\"http:\/\/schema.org\/BlogPosting\">\n\t\t\t<div>\n\t\t\t\t<div class=\"post-article has-image-wrapper \">\n\t<meta itemscope itemprop=\"mainEntityOfPage\" itemid=\"https:\/\/grupnexus.com\/es\/tractaments-avantguarda-per-a-la-eliminacio-de-taques-i-tatuatges\/\" \/><meta itemprop=\"datePublished\" content=\"2016-02-01\" \/><meta itemprop=\"dateModified\" content=\"2016-10-11\" \/><meta itemprop=\"headline\" content=\"Tratamientos de vanguardia para la eliminaci\u00f3n de manchas y tatuajes\" \/><div itemprop=\"publisher\" itemscope itemtype=\"https:\/\/schema.org\/Organization\"><meta itemprop=\"name\" content=\"Cl\u00ednica Nexus\"><meta itemprop=\"url\" content=\"https:\/\/grupnexus.com\/es\/\"><div itemprop=\"logo\" itemscope itemtype=\"https:\/\/schema.org\/ImageObject\"><meta itemprop=\"url\" content=\"https:\/\/grupnexus.com\/wp-content\/uploads\/LOGO-300x751.png\"><\/div><\/div><div itemscope itemprop=\"author\" itemtype=\"http:\/\/schema.org\/Person\"><meta itemprop=\"url\" content=\"https:\/\/grupnexus.com\/es\/author\/administrador\/\" \/><meta itemprop=\"name\" content=\"Nexus\" \/><\/div><div itemscope itemprop=\"image\" itemtype=\"http:\/\/schema.org\/ImageObject\"><meta itemprop=\"url\" content=\"https:\/\/grupnexus.com\/wp-content\/uploads\/nexus_taques.jpg\" \/><meta itemprop=\"width\" content=\"1858\" \/><meta itemprop=\"height\" content=\"1847\" \/><\/div><div itemprop=\"interactionStatistic\" itemscope itemtype=\"http:\/\/schema.org\/InteractionCounter\"><meta itemprop=\"interactionType\" content=\"http:\/\/schema.org\/CommentAction\" \/><meta itemprop=\"userInteractionCount\" content=\"0\" \/><\/div>\t<div class=\"standard-post-format clearfix as-image \">\n\t\t\t<div class=\"thumbnail\">\n\t\t\t\t\t\t<img width=\"360\" height=\"276\" src=\"https:\/\/grupnexus.com\/wp-content\/uploads\/nexus_taques-360x276.jpg\" class=\"attachment-post-small-3 size-post-small-3 wp-post-image\" alt=\"taques\" loading=\"lazy\" srcset=\"https:\/\/grupnexus.com\/wp-content\/uploads\/nexus_taques-360x276.jpg 360w, https:\/\/grupnexus.com\/wp-content\/uploads\/nexus_taques-480x369.jpg 480w, https:\/\/grupnexus.com\/wp-content\/uploads\/nexus_taques-1140x876.jpg 1140w, https:\/\/grupnexus.com\/wp-content\/uploads\/nexus_taques-555x426.jpg 555w, https:\/\/grupnexus.com\/wp-content\/uploads\/nexus_taques-262x201.jpg 262w\" sizes=\"(min-width: 900px) 50vw, 100vw\" \/>\t\t\t<\/div>\n\n\t<div class=\"post-content-wrapper\">\n\t\t\t\t<header class=\"single\">\n\t\t\t<div class=\"content\">\n\t\t\t\t<h3>\n\t\t\t\t\t<a href=\"https:\/\/grupnexus.com\/es\/tractaments-avantguarda-per-a-la-eliminacio-de-taques-i-tatuatges\/\" title=\"Tratamientos de vanguardia para la eliminaci\u00f3n de manchas y tatuajes\" class=\"entry-title\">Tratamientos de vanguardia para la eliminaci\u00f3n de manchas y tatuajes<\/a>\n\t\t\t\t<\/h3>\n\t\t\t<\/div>\n\t\t<\/header>\n\t\n\t\t<div class=\"post-actions-wrapper\">\n\t\t\t\t\t\t\t<div class=\"post-date\">\n\t\t\t\t\t1 febrero, 2016\t\t\t\t<\/div>\n\t\t\t\t\t\t\t\t\t\t\n\t\t\t\t\t\t\t\t\t<\/div>\n\n\t\t<div class=\"post-content-outer\">\n\t\t\t<p>\u00a0Tratamientos de vanguardia para la eliminaci\u00f3n de manchas y tatuajes Durante los meses de enero&#8230;<\/p>\n\t\t<\/div>\n\n\t\t\t\t\t<div class=\"post-content-meta\">\n\t\t\t\t<div>\n\t\t\t\t\tPosted in:  <a href=\"https:\/\/grupnexus.com\/es\/category\/prensa\/noticias\/\" rel=\"category tag\">Noticias<\/a>\t\t\t\t<\/div>\n\t\t\t\t\t\t\t<\/div>\n\t\t\t<\/div>\n\t<\/div>\n<\/div>\n\t\t\t<\/div>\n\t\t<\/div>\n<\/div>\n\n<\/div><\/div><\/div><\/div>\n<div class=\"row \"><div class=\"wpv-grid grid-1-1  wpv-first-level first unextended\" style=\"padding-top:0px;padding-bottom:0px\" id=\"wpv-column-f58aa719198bc116cdcdd314ecb0549d\" ><p style=\"text-align: center;\"><div class=\"push\" style='height:5px'><\/div>\n<h3 style=\"text-align: center;\">Conoce el resto de las ventajas\u00a0 \u00a0<a href=\"\/es\/servicios-al-cliente\" target=\"_self\" style='font-size: 18px;' class=\"button vamtam-button accent1  button-border hover-accent1 \"><span class=\"btext\">Servicios al cliente \u2192<\/span><\/a><\/h3><\/div><\/div>\n","protected":false},"excerpt":{"rendered":"<p>\u00a0Tratamientos de vanguardia para la eliminaci\u00f3n de manchas y tatuajes Durante los meses de enero y febrero, es el momento id\u00f3neo para iniciar ciertos tratamientos m\u00e9dico-est\u00e9ticos que requieren varias sesiones (y por tanto una planificaci\u00f3n en la perspectiva del a\u00f1o que comienza) y que no son compatibles con una exposici\u00f3n solar continuada o intensa. Veamos&#8230;<\/p>\n","protected":false},"author":5,"featured_media":11222,"parent":8988,"menu_order":0,"comment_status":"closed","ping_status":"closed","template":"","meta":[],"yoast_head":"<!-- This site is optimized with the Yoast SEO plugin v18.6 - https:\/\/yoast.com\/wordpress\/plugins\/seo\/ -->\n<title>Tecnolog\u00eda de \u00faltima generaci\u00f3n - Cl\u00ednica Nexus<\/title>\n<meta name=\"robots\" content=\"index, follow, max-snippet:-1, max-image-preview:large, max-video-preview:-1\" \/>\n<link rel=\"canonical\" href=\"https:\/\/grupnexus.com\/es\/servicios-al-cliente\/tecnologia-de-ultima-generacion\/\" \/>\n<meta property=\"og:locale\" content=\"es_ES\" \/>\n<meta property=\"og:type\" content=\"article\" \/>\n<meta property=\"og:title\" content=\"Tecnolog\u00eda de \u00faltima generaci\u00f3n - Cl\u00ednica Nexus\" \/>\n<meta property=\"og:description\" content=\"\u00a0Tratamientos de vanguardia para la eliminaci\u00f3n de manchas y tatuajes Durante los meses de enero y febrero, es el momento id\u00f3neo para iniciar ciertos tratamientos m\u00e9dico-est\u00e9ticos que requieren varias sesiones (y por tanto una planificaci\u00f3n en la perspectiva del a\u00f1o que comienza) y que no son compatibles con una exposici\u00f3n solar continuada o intensa. Veamos...\" \/>\n<meta property=\"og:url\" content=\"https:\/\/grupnexus.com\/es\/servicios-al-cliente\/tecnologia-de-ultima-generacion\/\" \/>\n<meta property=\"og:site_name\" content=\"Cl\u00ednica Nexus\" \/>\n<meta property=\"article:modified_time\" content=\"2016-10-04T21:00:03+00:00\" \/>\n<meta property=\"og:image\" content=\"https:\/\/i0.wp.com\/grupnexus.com\/wp-content\/uploads\/picosure-clinica-nexus-e1475612620718.png?fit=497%2C900&#038;ssl=1\" \/>\n\t<meta property=\"og:image:width\" content=\"497\" \/>\n\t<meta property=\"og:image:height\" content=\"900\" \/>\n\t<meta property=\"og:image:type\" content=\"image\/png\" \/>\n<meta name=\"twitter:card\" content=\"summary\" \/>\n<meta name=\"twitter:label1\" content=\"Tiempo de lectura\" \/>\n\t<meta name=\"twitter:data1\" content=\"2 minutos\" \/>\n<script type=\"application\/ld+json\" class=\"yoast-schema-graph\">{\"@context\":\"https:\/\/schema.org\",\"@graph\":[{\"@type\":\"WebSite\",\"@id\":\"https:\/\/grupnexus.com\/es\/#website\",\"url\":\"https:\/\/grupnexus.com\/es\/\",\"name\":\"Cl\u00ednica Nexus\",\"description\":\"L\u00edders en Medicina Est\u00e8tica Avan\u00e7ada\",\"potentialAction\":[{\"@type\":\"SearchAction\",\"target\":{\"@type\":\"EntryPoint\",\"urlTemplate\":\"https:\/\/grupnexus.com\/es\/?s={search_term_string}\"},\"query-input\":\"required name=search_term_string\"}],\"inLanguage\":\"es\"},{\"@type\":\"ImageObject\",\"@id\":\"https:\/\/grupnexus.com\/es\/servicios-al-cliente\/tecnologia-de-ultima-generacion\/#primaryimage\",\"inLanguage\":\"es\",\"url\":\"https:\/\/grupnexus.com\/wp-content\/uploads\/picosure-clinica-nexus-e1475612620718.png\",\"contentUrl\":\"https:\/\/grupnexus.com\/wp-content\/uploads\/picosure-clinica-nexus-e1475612620718.png\",\"width\":497,\"height\":900,\"caption\":\"eliminaci\u00f3 tatuatges picosure\"},{\"@type\":\"WebPage\",\"@id\":\"https:\/\/grupnexus.com\/es\/servicios-al-cliente\/tecnologia-de-ultima-generacion\/#webpage\",\"url\":\"https:\/\/grupnexus.com\/es\/servicios-al-cliente\/tecnologia-de-ultima-generacion\/\",\"name\":\"Tecnolog\u00eda de \u00faltima generaci\u00f3n - Cl\u00ednica Nexus\",\"isPartOf\":{\"@id\":\"https:\/\/grupnexus.com\/es\/#website\"},\"primaryImageOfPage\":{\"@id\":\"https:\/\/grupnexus.com\/es\/servicios-al-cliente\/tecnologia-de-ultima-generacion\/#primaryimage\"},\"datePublished\":\"2015-02-10T04:27:59+00:00\",\"dateModified\":\"2016-10-04T21:00:03+00:00\",\"breadcrumb\":{\"@id\":\"https:\/\/grupnexus.com\/es\/servicios-al-cliente\/tecnologia-de-ultima-generacion\/#breadcrumb\"},\"inLanguage\":\"es\",\"potentialAction\":[{\"@type\":\"ReadAction\",\"target\":[\"https:\/\/grupnexus.com\/es\/servicios-al-cliente\/tecnologia-de-ultima-generacion\/\"]}]},{\"@type\":\"BreadcrumbList\",\"@id\":\"https:\/\/grupnexus.com\/es\/servicios-al-cliente\/tecnologia-de-ultima-generacion\/#breadcrumb\",\"itemListElement\":[{\"@type\":\"ListItem\",\"position\":1,\"name\":\"Portada\",\"item\":\"https:\/\/grupnexus.com\/es\/\"},{\"@type\":\"ListItem\",\"position\":2,\"name\":\"Novedades, ofertas y promociones&#8230;\",\"item\":\"https:\/\/grupnexus.com\/es\/servicios-al-cliente\/\"},{\"@type\":\"ListItem\",\"position\":3,\"name\":\"Tecnolog\u00eda de \u00faltima generaci\u00f3n\"}]}]}<\/script>\n<!-- \/ Yoast SEO plugin. -->","yoast_head_json":{"title":"Tecnolog\u00eda de \u00faltima generaci\u00f3n - Cl\u00ednica Nexus","robots":{"index":"index","follow":"follow","max-snippet":"max-snippet:-1","max-image-preview":"max-image-preview:large","max-video-preview":"max-video-preview:-1"},"canonical":"https:\/\/grupnexus.com\/es\/servicios-al-cliente\/tecnologia-de-ultima-generacion\/","og_locale":"es_ES","og_type":"article","og_title":"Tecnolog\u00eda de \u00faltima generaci\u00f3n - Cl\u00ednica Nexus","og_description":"\u00a0Tratamientos de vanguardia para la eliminaci\u00f3n de manchas y tatuajes Durante los meses de enero y febrero, es el momento id\u00f3neo para iniciar ciertos tratamientos m\u00e9dico-est\u00e9ticos que requieren varias sesiones (y por tanto una planificaci\u00f3n en la perspectiva del a\u00f1o que comienza) y que no son compatibles con una exposici\u00f3n solar continuada o intensa. Veamos...","og_url":"https:\/\/grupnexus.com\/es\/servicios-al-cliente\/tecnologia-de-ultima-generacion\/","og_site_name":"Cl\u00ednica Nexus","article_modified_time":"2016-10-04T21:00:03+00:00","og_image":[{"width":497,"height":900,"url":"https:\/\/i0.wp.com\/grupnexus.com\/wp-content\/uploads\/picosure-clinica-nexus-e1475612620718.png?fit=497%2C900&ssl=1","type":"image\/png"}],"twitter_card":"summary","twitter_misc":{"Tiempo de lectura":"2 minutos"},"schema":{"@context":"https:\/\/schema.org","@graph":[{"@type":"WebSite","@id":"https:\/\/grupnexus.com\/es\/#website","url":"https:\/\/grupnexus.com\/es\/","name":"Cl\u00ednica Nexus","description":"L\u00edders en Medicina Est\u00e8tica Avan\u00e7ada","potentialAction":[{"@type":"SearchAction","target":{"@type":"EntryPoint","urlTemplate":"https:\/\/grupnexus.com\/es\/?s={search_term_string}"},"query-input":"required name=search_term_string"}],"inLanguage":"es"},{"@type":"ImageObject","@id":"https:\/\/grupnexus.com\/es\/servicios-al-cliente\/tecnologia-de-ultima-generacion\/#primaryimage","inLanguage":"es","url":"https:\/\/grupnexus.com\/wp-content\/uploads\/picosure-clinica-nexus-e1475612620718.png","contentUrl":"https:\/\/grupnexus.com\/wp-content\/uploads\/picosure-clinica-nexus-e1475612620718.png","width":497,"height":900,"caption":"eliminaci\u00f3 tatuatges picosure"},{"@type":"WebPage","@id":"https:\/\/grupnexus.com\/es\/servicios-al-cliente\/tecnologia-de-ultima-generacion\/#webpage","url":"https:\/\/grupnexus.com\/es\/servicios-al-cliente\/tecnologia-de-ultima-generacion\/","name":"Tecnolog\u00eda de \u00faltima generaci\u00f3n - Cl\u00ednica Nexus","isPartOf":{"@id":"https:\/\/grupnexus.com\/es\/#website"},"primaryImageOfPage":{"@id":"https:\/\/grupnexus.com\/es\/servicios-al-cliente\/tecnologia-de-ultima-generacion\/#primaryimage"},"datePublished":"2015-02-10T04:27:59+00:00","dateModified":"2016-10-04T21:00:03+00:00","breadcrumb":{"@id":"https:\/\/grupnexus.com\/es\/servicios-al-cliente\/tecnologia-de-ultima-generacion\/#breadcrumb"},"inLanguage":"es","potentialAction":[{"@type":"ReadAction","target":["https:\/\/grupnexus.com\/es\/servicios-al-cliente\/tecnologia-de-ultima-generacion\/"]}]},{"@type":"BreadcrumbList","@id":"https:\/\/grupnexus.com\/es\/servicios-al-cliente\/tecnologia-de-ultima-generacion\/#breadcrumb","itemListElement":[{"@type":"ListItem","position":1,"name":"Portada","item":"https:\/\/grupnexus.com\/es\/"},{"@type":"ListItem","position":2,"name":"Novedades, ofertas y promociones&#8230;","item":"https:\/\/grupnexus.com\/es\/servicios-al-cliente\/"},{"@type":"ListItem","position":3,"name":"Tecnolog\u00eda de \u00faltima generaci\u00f3n"}]}]}},"_links":{"self":[{"href":"https:\/\/grupnexus.com\/es\/wp-json\/wp\/v2\/pages\/997"}],"collection":[{"href":"https:\/\/grupnexus.com\/es\/wp-json\/wp\/v2\/pages"}],"about":[{"href":"https:\/\/grupnexus.com\/es\/wp-json\/wp\/v2\/types\/page"}],"author":[{"embeddable":true,"href":"https:\/\/grupnexus.com\/es\/wp-json\/wp\/v2\/users\/5"}],"replies":[{"embeddable":true,"href":"https:\/\/grupnexus.com\/es\/wp-json\/wp\/v2\/comments?post=997"}],"version-history":[{"count":0,"href":"https:\/\/grupnexus.com\/es\/wp-json\/wp\/v2\/pages\/997\/revisions"}],"up":[{"embeddable":true,"href":"https:\/\/grupnexus.com\/es\/wp-json\/wp\/v2\/pages\/8988"}],"wp:featuredmedia":[{"embeddable":true,"href":"https:\/\/grupnexus.com\/es\/wp-json\/wp\/v2\/media\/11222"}],"wp:attachment":[{"href":"https:\/\/grupnexus.com\/es\/wp-json\/wp\/v2\/media?parent=997"}],"curies":[{"name":"wp","href":"https:\/\/api.w.org\/{rel}","templated":true}]}}